{"id":11735,"date":"2024-04-08T03:20:28","date_gmt":"2024-04-08T03:20:28","guid":{"rendered":"https:\/\/sunme.top\/?post_type=product&#038;p=11735"},"modified":"2024-08-23T05:47:58","modified_gmt":"2024-08-23T05:47:58","slug":"sd8201050r","status":"publish","type":"product","link":"https:\/\/sunmelighting.com\/de\/product\/sd8201050r\/","title":{"rendered":"VITO 50 Down Light Fest \/ Trimm"},"content":{"rendered":"<div data-elementor-type=\"wp-post\" data-elementor-id=\"11735\" class=\"elementor elementor-11735\" data-elementor-post-type=\"product\">\n\t\t\t\t<div class=\"wd-negative-gap elementor-element elementor-element-52b2d53 e-flex e-con-boxed e-con e-parent\" data-id=\"52b2d53\" data-element_type=\"container\" data-e-type=\"container\">\n\t\t\t\t\t<div class=\"e-con-inner\">\n\t\t\t\t\t<\/div>\n\t\t\t\t<\/div>\n\t\t\t\t<\/div>","protected":false},"excerpt":{"rendered":"<div class=\"pix-el-text slide-in-container w-100\">\n<div class=\"d-inline-block\">SD8201050R<\/div>\n<\/div>\n<div class=\"wpb_text_column wpb_content_element\">\n<div class=\"wpb_wrapper\">\n<p>Leistung: 12W<br \/>\nAusschnitt: \u03a650mm<br \/>\nAbstrahlwinkel: 15\u00b0\/24\u00b0\/36\u00b0\/55\u00b0<br \/>\nCCT: 2700K\/3000K\/3500K\/4000K<br \/>\nFarbe: Wei\u00df \/ Schwarz \/ Custom<br \/>\nEinbau: Vertieft<\/p>\n<p data-wp-editing=\"1\"><img decoding=\"async\" class=\"alignnone size-full wp-image-11738\" src=\"http:\/\/sunmelighting.com\/wp-content\/uploads\/2024\/04\/Parameter-icon.png\" alt=\"\" width=\"400\" height=\"110\" srcset=\"https:\/\/sunmelighting.com\/wp-content\/uploads\/2024\/04\/Parameter-icon.png 400w, https:\/\/sunmelighting.com\/wp-content\/uploads\/2024\/04\/Parameter-icon-150x41.png 150w, https:\/\/sunmelighting.com\/wp-content\/uploads\/2024\/04\/Parameter-icon-300x83.png 300w\" sizes=\"(max-width: 400px) 100vw, 400px\" \/><\/p>\n<\/div>\n<\/div>\n<h3 data-wp-editing=\"1\"><strong>Beschreibung des Produkts<\/strong><\/h3>\n<ul>\n<li>Kompakte Gr\u00f6\u00dfe und schmale Form mit Druckguss-Aluminium in gro\u00dfer Leistung, um verschiedene Anforderungen des Projekts zu erf\u00fcllen.<\/li>\n<li>Einzigartige Federkonstruktion, geeignet f\u00fcr Deckenst\u00e4rken von 3mm - 25mm. Linsenoptik mit hoher Lichtstromleistung.<\/li>\n<li>Trim und Trimless Version optional, strukturierte Pulverbeschichtung f\u00fcr die Oberfl\u00e4chenbearbeitung.<\/li>\n<\/ul>","protected":false},"featured_media":11737,"comment_status":"open","ping_status":"closed","template":"","meta":[],"product_brand":[],"product_cat":[60],"product_tag":[],"class_list":{"0":"post-11735","1":"product","2":"type-product","3":"status-publish","4":"has-post-thumbnail","6":"product_cat-vito-series","8":"first","9":"instock","10":"shipping-taxable","11":"product-type-simple"},"_links":{"self":[{"href":"https:\/\/sunmelighting.com\/de\/wp-json\/wp\/v2\/product\/11735","targetHints":{"allow":["GET"]}}],"collection":[{"href":"https:\/\/sunmelighting.com\/de\/wp-json\/wp\/v2\/product"}],"about":[{"href":"https:\/\/sunmelighting.com\/de\/wp-json\/wp\/v2\/types\/product"}],"replies":[{"embeddable":true,"href":"https:\/\/sunmelighting.com\/de\/wp-json\/wp\/v2\/comments?post=11735"}],"version-history":[{"count":0,"href":"https:\/\/sunmelighting.com\/de\/wp-json\/wp\/v2\/product\/11735\/revisions"}],"wp:featuredmedia":[{"embeddable":true,"href":"https:\/\/sunmelighting.com\/de\/wp-json\/wp\/v2\/media\/11737"}],"wp:attachment":[{"href":"https:\/\/sunmelighting.com\/de\/wp-json\/wp\/v2\/media?parent=11735"}],"wp:term":[{"taxonomy":"product_brand","embeddable":true,"href":"https:\/\/sunmelighting.com\/de\/wp-json\/wp\/v2\/product_brand?post=11735"},{"taxonomy":"product_cat","embeddable":true,"href":"https:\/\/sunmelighting.com\/de\/wp-json\/wp\/v2\/product_cat?post=11735"},{"taxonomy":"product_tag","embeddable":true,"href":"https:\/\/sunmelighting.com\/de\/wp-json\/wp\/v2\/product_tag?post=11735"}],"curies":[{"name":"wp","href":"https:\/\/api.w.org\/{rel}","templated":true}]}}