{"id":17146,"date":"2024-09-06T07:46:40","date_gmt":"2024-09-06T07:46:40","guid":{"rendered":"http:\/\/sunmelighting.com\/?post_type=product&#038;p=17146"},"modified":"2024-09-06T08:02:14","modified_gmt":"2024-09-06T08:02:14","slug":"sg80703145s","status":"publish","type":"product","link":"https:\/\/sunmelighting.com\/de\/product\/sg80703145s\/","title":{"rendered":"Comet Dreifach \/ Quadratisch \/ Reflektor"},"content":{"rendered":"<div data-elementor-type=\"wp-post\" data-elementor-id=\"17146\" class=\"elementor elementor-17146\" data-elementor-post-type=\"product\">\n\t\t\t\t<div class=\"wd-negative-gap elementor-element elementor-element-52b2d53 e-flex e-con-boxed e-con e-parent\" data-id=\"52b2d53\" data-element_type=\"container\" data-e-type=\"container\">\n\t\t\t\t\t<div class=\"e-con-inner\">\n\t\t\t\t\t<\/div>\n\t\t\t\t<\/div>\n\t\t\t\t<\/div>","protected":false},"excerpt":{"rendered":"<div class=\"pix-el-text slide-in-container w-100\">\n<div class=\"d-inline-block\" style=\"text-align: left;\">SG80702145S<\/div>\n<\/div>\n<div class=\"wpb_text_column wpb_content_element\" style=\"text-align: left;\">\n<div class=\"wpb_wrapper\">\n<p>Leistung:23Wx3\/32Wx3<br \/>\nAusschnitt: 450x145mm<br \/>\nAbstrahlwinkel: 15\/24\/36\/50\u00b0<br \/>\nCCT: 2700K\/3000K\/3500K\/4000K<br \/>\nFarbe: Wei\u00df \/ Schwarz \/ Custom<br \/>\nEinbau: Vertieft<\/p>\n<\/div>\n<\/div>\n<p style=\"text-align: left;\"><img decoding=\"async\" class=\"size-full wp-image-17142 alignnone\" src=\"http:\/\/sunmelighting.com\/wp-content\/uploads\/2024\/09\/Comet.webp\" alt=\"\" width=\"400\" height=\"110\" srcset=\"https:\/\/sunmelighting.com\/wp-content\/uploads\/2024\/09\/Comet.webp 400w, https:\/\/sunmelighting.com\/wp-content\/uploads\/2024\/09\/Comet-300x83.webp 300w, https:\/\/sunmelighting.com\/wp-content\/uploads\/2024\/09\/Comet-150x41.webp 150w\" sizes=\"(max-width: 400px) 100vw, 400px\" \/><\/p>\n<h3 style=\"text-align: left;\" data-wp-editing=\"1\"><strong>Beschreibung des Produkts<\/strong><\/h3>\n<ul>\n<li style=\"text-align: left;\">Systemeffizienz bis zu 130Lm\/W @3000K 90RA.<\/li>\n<li style=\"text-align: left;\">TRIAC \/ 0-10V \/ DALI Dimmung optional. Abstrahlwinkel \u00fcber den gesamten Bereich f\u00fcr Projekte verf\u00fcgbar.<\/li>\n<li style=\"text-align: left;\">Einzel-\/Zwillings-\/Dreikopfleuchte f\u00fcr verschiedene Anwendungen.<\/li>\n<\/ul>","protected":false},"featured_media":17149,"comment_status":"open","ping_status":"closed","template":"","meta":[],"product_brand":[],"product_cat":[300],"product_tag":[],"class_list":{"0":"post-17146","1":"product","2":"type-product","3":"status-publish","4":"has-post-thumbnail","6":"product_cat-comet","8":"first","9":"instock","10":"shipping-taxable","11":"product-type-simple"},"_links":{"self":[{"href":"https:\/\/sunmelighting.com\/de\/wp-json\/wp\/v2\/product\/17146","targetHints":{"allow":["GET"]}}],"collection":[{"href":"https:\/\/sunmelighting.com\/de\/wp-json\/wp\/v2\/product"}],"about":[{"href":"https:\/\/sunmelighting.com\/de\/wp-json\/wp\/v2\/types\/product"}],"replies":[{"embeddable":true,"href":"https:\/\/sunmelighting.com\/de\/wp-json\/wp\/v2\/comments?post=17146"}],"version-history":[{"count":0,"href":"https:\/\/sunmelighting.com\/de\/wp-json\/wp\/v2\/product\/17146\/revisions"}],"wp:featuredmedia":[{"embeddable":true,"href":"https:\/\/sunmelighting.com\/de\/wp-json\/wp\/v2\/media\/17149"}],"wp:attachment":[{"href":"https:\/\/sunmelighting.com\/de\/wp-json\/wp\/v2\/media?parent=17146"}],"wp:term":[{"taxonomy":"product_brand","embeddable":true,"href":"https:\/\/sunmelighting.com\/de\/wp-json\/wp\/v2\/product_brand?post=17146"},{"taxonomy":"product_cat","embeddable":true,"href":"https:\/\/sunmelighting.com\/de\/wp-json\/wp\/v2\/product_cat?post=17146"},{"taxonomy":"product_tag","embeddable":true,"href":"https:\/\/sunmelighting.com\/de\/wp-json\/wp\/v2\/product_tag?post=17146"}],"curies":[{"name":"wp","href":"https:\/\/api.w.org\/{rel}","templated":true}]}}