{"id":12556,"date":"2024-04-11T07:20:28","date_gmt":"2024-04-11T07:20:28","guid":{"rendered":"https:\/\/sunme.top\/?post_type=product&#038;p=12556"},"modified":"2024-08-23T06:31:21","modified_gmt":"2024-08-23T06:31:21","slug":"st3361","status":"publish","type":"product","link":"https:\/\/sunmelighting.com\/es\/product\/st3361\/","title":{"rendered":"TANGO 68 Proyector Zoom \/ 15W \/ Integrado"},"content":{"rendered":"<div data-elementor-type=\"wp-post\" data-elementor-id=\"12556\" class=\"elementor elementor-12556\" data-elementor-post-type=\"product\">\n\t\t\t\t<div class=\"wd-negative-gap elementor-element elementor-element-52b2d53 e-flex e-con-boxed e-con e-parent\" data-id=\"52b2d53\" data-element_type=\"container\" data-e-type=\"container\">\n\t\t\t\t\t<div class=\"e-con-inner\">\n\t\t\t\t\t<\/div>\n\t\t\t\t<\/div>\n\t\t\t\t<\/div>","protected":false},"excerpt":{"rendered":"<div class=\"pix-el-text slide-in-container w-100\">\n<div class=\"d-inline-block\">\n<div class=\"pix-el-text slide-in-container w-100\">\n<div class=\"d-inline-block\">\n<div class=\"pix-el-text slide-in-container w-100\">\n<div class=\"d-inline-block\">\n<p class=\"text-black font-weight-bold\"><strong>ST3361<\/strong><\/p>\n<\/div>\n<\/div>\n<div class=\"wpb_text_column wpb_content_element\">\n<div class=\"wpb_wrapper\">\n<p>Potencia: 15 W<br \/>\nCCT: 2700K\/3000K\/3500K\/4000K<br \/>\n\u00c1ngulo del haz: 9\u00b0-42<br \/>\nColor: Blanco \/ Negro \/ Personalizado<br \/>\nInstalaci\u00f3n: Trif\u00e1sica \/ monof\u00e1sica<br \/>\nRecorte:\/<\/p>\n<\/div>\n<\/div>\n<\/div>\n<\/div>\n<\/div>\n<\/div>\n<div class=\"wpb_text_column wpb_content_element\">\n<div class=\"wpb_wrapper\">\n<p><img decoding=\"async\" class=\"alignnone size-full wp-image-12545\" src=\"http:\/\/sunmelighting.com\/wp-content\/uploads\/2024\/04\/400X110TRACKLIGHT.png.webp\" alt=\"\" width=\"400\" height=\"110\" srcset=\"https:\/\/sunmelighting.com\/wp-content\/uploads\/2024\/04\/400X110TRACKLIGHT.png.webp 400w, https:\/\/sunmelighting.com\/wp-content\/uploads\/2024\/04\/400X110TRACKLIGHT.png-150x41.webp 150w, https:\/\/sunmelighting.com\/wp-content\/uploads\/2024\/04\/400X110TRACKLIGHT.png-300x83.webp 300w\" sizes=\"(max-width: 400px) 100vw, 400px\" \/><\/p>\n<\/div>\n<\/div>\n<div class=\"pix-heading-el text-left vc_custom_1637563284676\">\n<div>\n<div class=\"slide-in-container\">\n<h3 class=\"text-body-default font-weight-bold heading-text el-title_custom_color mb-12\" data-anim-delay=\"0\">Descripci\u00f3n del producto<\/h3>\n<\/div>\n<\/div>\n<\/div>\n<div class=\"wpb_text_column wpb_content_element\">\n<div class=\"wpb_wrapper\">\n<ul>\n<li>Excelente y suave zoom de \u00e1ngulo de haz de 9,5 grados a 42 grados. Estructura especial de zoom invisible para una apariencia elegante.<\/li>\n<li>TRIAC \/ 0-10V \/ DALI \/ Atenuaci\u00f3n a bordo opcional. Ajustable 0-355\u00b0 horizontalmente, inclinable 0-90\u00b0 verticalmente.<\/li>\n<li>Adaptador universal trif\u00e1sico y monof\u00e1sico compatible con la mayor\u00eda de los sistemas de v\u00edas del mundo.<\/li>\n<\/ul>\n<\/div>\n<\/div>","protected":false},"featured_media":12557,"comment_status":"open","ping_status":"closed","template":"","meta":[],"product_brand":[],"product_cat":[274],"product_tag":[],"class_list":{"0":"post-12556","1":"product","2":"type-product","3":"status-publish","4":"has-post-thumbnail","6":"product_cat-tango-zoom","8":"first","9":"instock","10":"shipping-taxable","11":"product-type-simple"},"_links":{"self":[{"href":"https:\/\/sunmelighting.com\/es\/wp-json\/wp\/v2\/product\/12556","targetHints":{"allow":["GET"]}}],"collection":[{"href":"https:\/\/sunmelighting.com\/es\/wp-json\/wp\/v2\/product"}],"about":[{"href":"https:\/\/sunmelighting.com\/es\/wp-json\/wp\/v2\/types\/product"}],"replies":[{"embeddable":true,"href":"https:\/\/sunmelighting.com\/es\/wp-json\/wp\/v2\/comments?post=12556"}],"version-history":[{"count":0,"href":"https:\/\/sunmelighting.com\/es\/wp-json\/wp\/v2\/product\/12556\/revisions"}],"wp:featuredmedia":[{"embeddable":true,"href":"https:\/\/sunmelighting.com\/es\/wp-json\/wp\/v2\/media\/12557"}],"wp:attachment":[{"href":"https:\/\/sunmelighting.com\/es\/wp-json\/wp\/v2\/media?parent=12556"}],"wp:term":[{"taxonomy":"product_brand","embeddable":true,"href":"https:\/\/sunmelighting.com\/es\/wp-json\/wp\/v2\/product_brand?post=12556"},{"taxonomy":"product_cat","embeddable":true,"href":"https:\/\/sunmelighting.com\/es\/wp-json\/wp\/v2\/product_cat?post=12556"},{"taxonomy":"product_tag","embeddable":true,"href":"https:\/\/sunmelighting.com\/es\/wp-json\/wp\/v2\/product_tag?post=12556"}],"curies":[{"name":"wp","href":"https:\/\/api.w.org\/{rel}","templated":true}]}}