{"id":15302,"date":"2024-05-17T08:01:21","date_gmt":"2024-05-17T08:01:21","guid":{"rendered":"http:\/\/sunmelighting.com\/?post_type=product&#038;p=15302"},"modified":"2024-08-21T03:07:03","modified_gmt":"2024-08-21T03:07:03","slug":"st6221w","status":"publish","type":"product","link":"https:\/\/sunmelighting.com\/es\/product\/st6221w\/","title":{"rendered":"LINEAR L46 Ajustable \/ Antideslumbrante Verison"},"content":{"rendered":"<div data-elementor-type=\"wp-post\" data-elementor-id=\"15302\" class=\"elementor elementor-15302\" data-elementor-post-type=\"product\">\n\t\t\t\t<div class=\"wd-negative-gap elementor-element elementor-element-52b2d53 e-flex e-con-boxed e-con e-parent\" data-id=\"52b2d53\" data-element_type=\"container\" data-e-type=\"container\">\n\t\t\t\t\t<div class=\"e-con-inner\">\n\t\t\t\t\t<\/div>\n\t\t\t\t<\/div>\n\t\t\t\t<\/div>","protected":false},"excerpt":{"rendered":"<div class=\"pix-el-text slide-in-container w-100\">\n<div class=\"d-inline-block\">ST6221W<\/div>\n<\/div>\n<div class=\"wpb_text_column wpb_content_element\">\n<div class=\"wpb_wrapper\">\n<p>Potencia: 2x20W<br \/>\nRecorte: \/<br \/>\n\u00c1ngulo del haz: 20\u00b0\/40\u00b0\/50<br \/>\nCCT: 2700K\/3000K\/4000K\/5000K\/6500K<br \/>\nColor: Blanco \/ Negro \/ Personalizado<br \/>\nInstalaci\u00f3n: Trif\u00e1sica \/ monof\u00e1sica<\/p>\n<p data-wp-editing=\"1\"><img decoding=\"async\" class=\"alignnone size-full wp-image-15287\" src=\"http:\/\/sunmelighting.com\/wp-content\/uploads\/2024\/05\/LINEAR.webp\" alt=\"\" width=\"400\" height=\"110\" srcset=\"https:\/\/sunmelighting.com\/wp-content\/uploads\/2024\/05\/LINEAR.webp 400w, https:\/\/sunmelighting.com\/wp-content\/uploads\/2024\/05\/LINEAR-300x83.webp 300w, https:\/\/sunmelighting.com\/wp-content\/uploads\/2024\/05\/LINEAR-150x41.webp 150w\" sizes=\"(max-width: 400px) 100vw, 400px\" \/><\/p>\n<\/div>\n<\/div>\n<h3 data-wp-editing=\"1\"><strong>Descripci\u00f3n del producto<\/strong><\/h3>\n<ul>\n<li>Tornillo invisible y dise\u00f1o de tama\u00f1o ultrafino, la altura es de s\u00f3lo 34 mm.<\/li>\n<li>Dise\u00f1o antideslumbrante profundo para garantizar el confort visual.<\/li>\n<li>Tres \u00e1ngulos de haz diferentes opcionales (20\u00b0\/ 40\u00b0\/ 50\u00b0).<\/li>\n<li>F\u00e1cil instalaci\u00f3n, posibilidad de inclinaci\u00f3n de +\/- 70\u00b0 y rotaci\u00f3n de 355\u00b0.<\/li>\n<li>Distribuci\u00f3n de la luz adaptable a la situaci\u00f3n espacial (anchura del pasillo\/altura de la estanter\u00eda).<\/li>\n<\/ul>","protected":false},"featured_media":15303,"comment_status":"open","ping_status":"closed","template":"","meta":[],"product_brand":[],"product_cat":[132],"product_tag":[],"class_list":{"0":"post-15302","1":"product","2":"type-product","3":"status-publish","4":"has-post-thumbnail","6":"product_cat-linear-series","8":"first","9":"instock","10":"shipping-taxable","11":"product-type-simple"},"_links":{"self":[{"href":"https:\/\/sunmelighting.com\/es\/wp-json\/wp\/v2\/product\/15302","targetHints":{"allow":["GET"]}}],"collection":[{"href":"https:\/\/sunmelighting.com\/es\/wp-json\/wp\/v2\/product"}],"about":[{"href":"https:\/\/sunmelighting.com\/es\/wp-json\/wp\/v2\/types\/product"}],"replies":[{"embeddable":true,"href":"https:\/\/sunmelighting.com\/es\/wp-json\/wp\/v2\/comments?post=15302"}],"version-history":[{"count":0,"href":"https:\/\/sunmelighting.com\/es\/wp-json\/wp\/v2\/product\/15302\/revisions"}],"wp:featuredmedia":[{"embeddable":true,"href":"https:\/\/sunmelighting.com\/es\/wp-json\/wp\/v2\/media\/15303"}],"wp:attachment":[{"href":"https:\/\/sunmelighting.com\/es\/wp-json\/wp\/v2\/media?parent=15302"}],"wp:term":[{"taxonomy":"product_brand","embeddable":true,"href":"https:\/\/sunmelighting.com\/es\/wp-json\/wp\/v2\/product_brand?post=15302"},{"taxonomy":"product_cat","embeddable":true,"href":"https:\/\/sunmelighting.com\/es\/wp-json\/wp\/v2\/product_cat?post=15302"},{"taxonomy":"product_tag","embeddable":true,"href":"https:\/\/sunmelighting.com\/es\/wp-json\/wp\/v2\/product_tag?post=15302"}],"curies":[{"name":"wp","href":"https:\/\/api.w.org\/{rel}","templated":true}]}}