{"id":15359,"date":"2024-05-17T08:32:33","date_gmt":"2024-05-17T08:32:33","guid":{"rendered":"http:\/\/sunmelighting.com\/?post_type=product&#038;p=15359"},"modified":"2024-08-22T03:16:53","modified_gmt":"2024-08-22T03:16:53","slug":"sd044068r-3","status":"publish","type":"product","link":"https:\/\/sunmelighting.com\/es\/product\/sd044068r-3\/","title":{"rendered":"68 Foco Ajustable \/ Recortable"},"content":{"rendered":"<div data-elementor-type=\"wp-post\" data-elementor-id=\"15359\" class=\"elementor elementor-15359\" data-elementor-post-type=\"product\">\n\t\t\t\t<div class=\"wd-negative-gap elementor-element elementor-element-52b2d53 e-flex e-con-boxed e-con e-parent\" data-id=\"52b2d53\" data-element_type=\"container\" data-e-type=\"container\">\n\t\t\t\t\t<div class=\"e-con-inner\">\n\t\t\t\t\t<\/div>\n\t\t\t\t<\/div>\n\t\t<div class=\"wd-negative-gap elementor-element elementor-element-dd69218 e-flex e-con-boxed e-con e-parent\" data-id=\"dd69218\" data-element_type=\"container\" data-e-type=\"container\">\n\t\t\t\t\t<div class=\"e-con-inner\">\n\t\t\t\t<div class=\"elementor-element elementor-element-451e273 wd-width-100 elementor-widget elementor-widget-wd_title\" data-id=\"451e273\" data-element_type=\"widget\" data-e-type=\"widget\" data-widget_type=\"wd_title.default\">\n\t\t\t\t<div class=\"elementor-widget-container\">\n\t\t\t\t\t\t\t<div class=\"title-wrapper wd-set-mb reset-last-child wd-title-color-default wd-title-style-default wd-title-size-default text-left\">\n\n\t\t\t\n\t\t\t<div class=\"liner-continer\">\n\t\t\t\t<h4 class=\"woodmart-title-container title wd-fontsize-l\">Accesorios relacionados<\/h4> \n\t\t\t\t\t\t\t<\/div>\n\n\t\t\t\t\t<\/div>\n\t\t\t\t\t\t<\/div>\n\t\t\t\t<\/div>\n\t\t<div class=\"elementor-element elementor-element-48c8aba e-con-full e-flex e-con e-child\" data-id=\"48c8aba\" data-element_type=\"container\" data-e-type=\"container\">\n\t\t<div class=\"elementor-element elementor-element-86b0af1 e-con-full e-flex e-con e-child\" data-id=\"86b0af1\" data-element_type=\"container\" data-e-type=\"container\">\n\t\t\t\t<div class=\"elementor-element elementor-element-8ab3988 elementor-position-top elementor-widget elementor-widget-image-box\" data-id=\"8ab3988\" data-element_type=\"widget\" data-e-type=\"widget\" data-widget_type=\"image-box.default\">\n\t\t\t\t<div class=\"elementor-widget-container\">\n\t\t\t\t\t<div class=\"elementor-image-box-wrapper\"><figure class=\"elementor-image-box-img\"><img decoding=\"async\" width=\"800\" height=\"800\" src=\"https:\/\/sunmelighting.com\/wp-content\/uploads\/2024\/04\/Honeycomb-louver.webp\" class=\"attachment-full size-full wp-image-11363\" alt=\"\" title=\"\" srcset=\"https:\/\/sunmelighting.com\/wp-content\/uploads\/2024\/04\/Honeycomb-louver.webp 800w, https:\/\/sunmelighting.com\/wp-content\/uploads\/2024\/04\/Honeycomb-louver-600x600.webp 600w, https:\/\/sunmelighting.com\/wp-content\/uploads\/2024\/04\/Honeycomb-louver-150x150.webp 150w, https:\/\/sunmelighting.com\/wp-content\/uploads\/2024\/04\/Honeycomb-louver-300x300.webp 300w, https:\/\/sunmelighting.com\/wp-content\/uploads\/2024\/04\/Honeycomb-louver-768x768.webp 768w\" sizes=\"(max-width: 800px) 100vw, 800px\" \/><\/figure><div class=\"elementor-image-box-content\"><h3 class=\"elementor-image-box-title\">Rejilla de nido de abeja<\/h3><\/div><\/div>\t\t\t\t<\/div>\n\t\t\t\t<\/div>\n\t\t\t\t<\/div>\n\t\t\t\t<\/div>\n\t\t\t\t\t<\/div>\n\t\t\t\t<\/div>\n\t\t\t\t<\/div>","protected":false},"excerpt":{"rendered":"<div class=\"pix-el-text slide-in-container w-100\">\n<div class=\"d-inline-block\">SD044068R<\/div>\n<\/div>\n<div class=\"wpb_text_column wpb_content_element\">\n<div class=\"wpb_wrapper\">\n<p>Potencia: 25 W<br \/>\nRecorte:\u03a668mm<br \/>\n\u00c1ngulo del haz: 15\u00b0\/24\u00b0\/36\u00b0\/55<br \/>\nCCT: 2700K\/3000K\/3500K\/4000K<br \/>\nColor: Blanco \/ Negro \/ Personalizado<br \/>\nInstalaci\u00f3n: Empotrado<\/p>\n<p data-wp-editing=\"1\"><img decoding=\"async\" class=\"alignnone size-full wp-image-15317\" src=\"http:\/\/sunmelighting.com\/wp-content\/uploads\/2024\/05\/LETGO-SPOT-LIGHT.webp\" alt=\"\" width=\"400\" height=\"110\" srcset=\"https:\/\/sunmelighting.com\/wp-content\/uploads\/2024\/05\/LETGO-SPOT-LIGHT.webp 400w, https:\/\/sunmelighting.com\/wp-content\/uploads\/2024\/05\/LETGO-SPOT-LIGHT-300x83.webp 300w, https:\/\/sunmelighting.com\/wp-content\/uploads\/2024\/05\/LETGO-SPOT-LIGHT-150x41.webp 150w\" sizes=\"(max-width: 400px) 100vw, 400px\" \/><\/p>\n<\/div>\n<\/div>\n<h3 data-wp-editing=\"1\"><strong>Descripci\u00f3n del producto<\/strong><\/h3>\n<ul>\n<li>Dise\u00f1o totalmente modular, f\u00e1cilmente intercambiable en LED Engine, MR16 Frame opcional.<\/li>\n<li>F\u00e1cil instalaci\u00f3n y mantenimiento, inclinaci\u00f3n ajustable +\/- 20\u00b0 y rotaci\u00f3n de 355\u00b0.<\/li>\n<li>Dise\u00f1o antideslumbrante profundo, anillos interiores de distintos colores y rejilla de panal opcional.<\/li>\n<li>Anillo antideslumbrante enrasado con el techo para mantenerlo limpio.<\/li>\n<li>Eficiencia del sistema hasta 120Lm\/W opcional @3000K 90RA.<\/li>\n<li>Peque\u00f1o recorte \u00fanico de 68 mm para el cierre de la propuesta y la protecci\u00f3n del proyecto.<\/li>\n<\/ul>","protected":false},"featured_media":15360,"comment_status":"open","ping_status":"closed","template":"","meta":[],"product_brand":[],"product_cat":[268],"product_tag":[],"class_list":{"0":"post-15359","1":"product","2":"type-product","3":"status-publish","4":"has-post-thumbnail","6":"product_cat-letgo-spot-light","8":"first","9":"instock","10":"shipping-taxable","11":"product-type-simple"},"_links":{"self":[{"href":"https:\/\/sunmelighting.com\/es\/wp-json\/wp\/v2\/product\/15359","targetHints":{"allow":["GET"]}}],"collection":[{"href":"https:\/\/sunmelighting.com\/es\/wp-json\/wp\/v2\/product"}],"about":[{"href":"https:\/\/sunmelighting.com\/es\/wp-json\/wp\/v2\/types\/product"}],"replies":[{"embeddable":true,"href":"https:\/\/sunmelighting.com\/es\/wp-json\/wp\/v2\/comments?post=15359"}],"version-history":[{"count":0,"href":"https:\/\/sunmelighting.com\/es\/wp-json\/wp\/v2\/product\/15359\/revisions"}],"wp:featuredmedia":[{"embeddable":true,"href":"https:\/\/sunmelighting.com\/es\/wp-json\/wp\/v2\/media\/15360"}],"wp:attachment":[{"href":"https:\/\/sunmelighting.com\/es\/wp-json\/wp\/v2\/media?parent=15359"}],"wp:term":[{"taxonomy":"product_brand","embeddable":true,"href":"https:\/\/sunmelighting.com\/es\/wp-json\/wp\/v2\/product_brand?post=15359"},{"taxonomy":"product_cat","embeddable":true,"href":"https:\/\/sunmelighting.com\/es\/wp-json\/wp\/v2\/product_cat?post=15359"},{"taxonomy":"product_tag","embeddable":true,"href":"https:\/\/sunmelighting.com\/es\/wp-json\/wp\/v2\/product_tag?post=15359"}],"curies":[{"name":"wp","href":"https:\/\/api.w.org\/{rel}","templated":true}]}}