{"id":15364,"date":"2024-05-17T08:35:31","date_gmt":"2024-05-17T08:35:31","guid":{"rendered":"http:\/\/sunmelighting.com\/?post_type=product&#038;p=15364"},"modified":"2024-08-19T07:21:34","modified_gmt":"2024-08-19T07:21:34","slug":"sd044075r-3","status":"publish","type":"product","link":"https:\/\/sunmelighting.com\/es\/product\/sd044075r-3\/","title":{"rendered":"75 Foco Ajustable \/ Recortable"},"content":{"rendered":"<div data-elementor-type=\"wp-post\" data-elementor-id=\"15364\" class=\"elementor elementor-15364\" data-elementor-post-type=\"product\">\n\t\t\t\t<div class=\"wd-negative-gap elementor-element elementor-element-52b2d53 e-flex e-con-boxed e-con e-parent\" data-id=\"52b2d53\" data-element_type=\"container\" data-e-type=\"container\">\n\t\t\t\t\t<div class=\"e-con-inner\">\n\t\t\t\t\t<\/div>\n\t\t\t\t<\/div>\n\t\t\t\t<\/div>","protected":false},"excerpt":{"rendered":"<div class=\"pix-el-text slide-in-container w-100\">\n<div class=\"d-inline-block\">SD044075R<\/div>\n<\/div>\n<div class=\"wpb_text_column wpb_content_element\">\n<div class=\"wpb_wrapper\">\n<p>Potencia: 25 W<br \/>\nRecorte:\u03a668mm<br \/>\n\u00c1ngulo del haz: 15\u00b0\/24\u00b0\/36\u00b0\/55<br \/>\nCCT: 2700K\/3000K\/3500K\/4000K<br \/>\nColor: Blanco \/ Negro \/ Personalizado<br \/>\nInstalaci\u00f3n: Empotrado<\/p>\n<p data-wp-editing=\"1\"><img decoding=\"async\" class=\"alignnone size-full wp-image-15317\" src=\"http:\/\/sunmelighting.com\/wp-content\/uploads\/2024\/05\/LETGO-SPOT-LIGHT.webp\" alt=\"\" width=\"400\" height=\"110\" srcset=\"https:\/\/sunmelighting.com\/wp-content\/uploads\/2024\/05\/LETGO-SPOT-LIGHT.webp 400w, https:\/\/sunmelighting.com\/wp-content\/uploads\/2024\/05\/LETGO-SPOT-LIGHT-300x83.webp 300w, https:\/\/sunmelighting.com\/wp-content\/uploads\/2024\/05\/LETGO-SPOT-LIGHT-150x41.webp 150w\" sizes=\"(max-width: 400px) 100vw, 400px\" \/><\/p>\n<\/div>\n<\/div>\n<h3 data-wp-editing=\"1\"><strong>Descripci\u00f3n del producto<\/strong><\/h3>\n<ul>\n<li>Dise\u00f1o totalmente modular, f\u00e1cilmente intercambiable en LED Engine, MR16 Frame opcional.<\/li>\n<li>F\u00e1cil instalaci\u00f3n y mantenimiento, inclinaci\u00f3n ajustable +\/- 20\u00b0 y rotaci\u00f3n de 355\u00b0.<\/li>\n<li>Dise\u00f1o antideslumbrante profundo, anillos interiores de distintos colores y rejilla de panal opcional.<\/li>\n<li>Anillo antideslumbrante enrasado con el techo para mantenerlo limpio.<\/li>\n<li>Eficiencia del sistema hasta 120Lm\/W opcional @3000K 90RA.<\/li>\n<li>Peque\u00f1o recorte \u00fanico de 68 mm para el cierre de la propuesta y la protecci\u00f3n del proyecto.<\/li>\n<\/ul>","protected":false},"featured_media":15365,"comment_status":"open","ping_status":"closed","template":"","meta":[],"product_brand":[],"product_cat":[268],"product_tag":[],"class_list":{"0":"post-15364","1":"product","2":"type-product","3":"status-publish","4":"has-post-thumbnail","6":"product_cat-letgo-spot-light","8":"first","9":"instock","10":"shipping-taxable","11":"product-type-simple"},"_links":{"self":[{"href":"https:\/\/sunmelighting.com\/es\/wp-json\/wp\/v2\/product\/15364","targetHints":{"allow":["GET"]}}],"collection":[{"href":"https:\/\/sunmelighting.com\/es\/wp-json\/wp\/v2\/product"}],"about":[{"href":"https:\/\/sunmelighting.com\/es\/wp-json\/wp\/v2\/types\/product"}],"replies":[{"embeddable":true,"href":"https:\/\/sunmelighting.com\/es\/wp-json\/wp\/v2\/comments?post=15364"}],"version-history":[{"count":0,"href":"https:\/\/sunmelighting.com\/es\/wp-json\/wp\/v2\/product\/15364\/revisions"}],"wp:featuredmedia":[{"embeddable":true,"href":"https:\/\/sunmelighting.com\/es\/wp-json\/wp\/v2\/media\/15365"}],"wp:attachment":[{"href":"https:\/\/sunmelighting.com\/es\/wp-json\/wp\/v2\/media?parent=15364"}],"wp:term":[{"taxonomy":"product_brand","embeddable":true,"href":"https:\/\/sunmelighting.com\/es\/wp-json\/wp\/v2\/product_brand?post=15364"},{"taxonomy":"product_cat","embeddable":true,"href":"https:\/\/sunmelighting.com\/es\/wp-json\/wp\/v2\/product_cat?post=15364"},{"taxonomy":"product_tag","embeddable":true,"href":"https:\/\/sunmelighting.com\/es\/wp-json\/wp\/v2\/product_tag?post=15364"}],"curies":[{"name":"wp","href":"https:\/\/api.w.org\/{rel}","templated":true}]}}