{"id":11875,"date":"2024-04-08T08:38:37","date_gmt":"2024-04-08T08:38:37","guid":{"rendered":"https:\/\/sunme.top\/?post_type=product&#038;p=11875"},"modified":"2024-08-23T05:57:02","modified_gmt":"2024-08-23T05:57:02","slug":"sd8131165r","status":"publish","type":"product","link":"https:\/\/sunmelighting.com\/fi\/product\/sd8131165r\/","title":{"rendered":"RHO 165 Alasvalo Kiinte\u00e4 \/ Upotettava valaisin"},"content":{"rendered":"<div data-elementor-type=\"wp-post\" data-elementor-id=\"11875\" class=\"elementor elementor-11875\" data-elementor-post-type=\"product\">\n\t\t\t\t<div class=\"wd-negative-gap elementor-element elementor-element-52b2d53 e-flex e-con-boxed e-con e-parent\" data-id=\"52b2d53\" data-element_type=\"container\" data-e-type=\"container\">\n\t\t\t\t\t<div class=\"e-con-inner\">\n\t\t\t\t\t<\/div>\n\t\t\t\t<\/div>\n\t\t\t\t<\/div>","protected":false},"excerpt":{"rendered":"<div class=\"pix-el-text slide-in-container w-100\">\n<div class=\"d-inline-block\"><strong>SD8131165R<\/strong><\/div>\n<\/div>\n<div class=\"wpb_text_column wpb_content_element\">\n<div class=\"wpb_wrapper\">\n<p>Teho: 20\/25W<br \/>\nLeikkaus: \u03a6165mm<br \/>\nS\u00e4dekulma: 60\u00b0<br \/>\nCCT: 3000K\/4000K\/6000K<br \/>\nV\u00e4ri: Valkoinen \/ Musta \/ Mukautettu<br \/>\nAsennus: Asennus:<\/p>\n<p><img decoding=\"async\" class=\"alignnone size-full wp-image-11870\" src=\"http:\/\/sunmelighting.com\/wp-content\/uploads\/2024\/04\/Rho.png.webp\" alt=\"\" width=\"400\" height=\"110\" srcset=\"https:\/\/sunmelighting.com\/wp-content\/uploads\/2024\/04\/Rho.png.webp 400w, https:\/\/sunmelighting.com\/wp-content\/uploads\/2024\/04\/Rho.png-150x41.webp 150w, https:\/\/sunmelighting.com\/wp-content\/uploads\/2024\/04\/Rho.png-300x83.webp 300w\" sizes=\"(max-width: 400px) 100vw, 400px\" \/><\/p>\n<\/div>\n<\/div>\n<h3 data-wp-editing=\"1\"><strong>Tuotteen kuvaus<\/strong><\/h3>\n<ul>\n<li>Eritt\u00e4in tehokas peiliheijastin, jolla on erinomainen h\u00e4ik\u00e4isyn hallinta UGR&lt;19. Valettu j\u00e4\u00e4hdytyselementti takaa riitt\u00e4v\u00e4n l\u00e4mp\u00f6h\u00e4vi\u00f6n.<\/li>\n<li>Virrankulutus 15W:sta enint\u00e4\u00e4n 45W:iin eri kokojen mukaan. Valons\u00e4dekulma 80 astetta, pehme\u00e4 ja miellytt\u00e4v\u00e4 valaistusvaikutus.<\/li>\n<li>CCT 3000K \/ 4000\/ 6000K saatavana, Triac \/ 0-10V \/ DALI-himmennys valinnaisesti.<\/li>\n<\/ul>","protected":false},"featured_media":11876,"comment_status":"open","ping_status":"closed","template":"","meta":[],"product_brand":[],"product_cat":[139],"product_tag":[],"class_list":{"0":"post-11875","1":"product","2":"type-product","3":"status-publish","4":"has-post-thumbnail","6":"product_cat-rho-series","8":"first","9":"instock","10":"shipping-taxable","11":"product-type-simple"},"_links":{"self":[{"href":"https:\/\/sunmelighting.com\/fi\/wp-json\/wp\/v2\/product\/11875","targetHints":{"allow":["GET"]}}],"collection":[{"href":"https:\/\/sunmelighting.com\/fi\/wp-json\/wp\/v2\/product"}],"about":[{"href":"https:\/\/sunmelighting.com\/fi\/wp-json\/wp\/v2\/types\/product"}],"replies":[{"embeddable":true,"href":"https:\/\/sunmelighting.com\/fi\/wp-json\/wp\/v2\/comments?post=11875"}],"version-history":[{"count":0,"href":"https:\/\/sunmelighting.com\/fi\/wp-json\/wp\/v2\/product\/11875\/revisions"}],"wp:featuredmedia":[{"embeddable":true,"href":"https:\/\/sunmelighting.com\/fi\/wp-json\/wp\/v2\/media\/11876"}],"wp:attachment":[{"href":"https:\/\/sunmelighting.com\/fi\/wp-json\/wp\/v2\/media?parent=11875"}],"wp:term":[{"taxonomy":"product_brand","embeddable":true,"href":"https:\/\/sunmelighting.com\/fi\/wp-json\/wp\/v2\/product_brand?post=11875"},{"taxonomy":"product_cat","embeddable":true,"href":"https:\/\/sunmelighting.com\/fi\/wp-json\/wp\/v2\/product_cat?post=11875"},{"taxonomy":"product_tag","embeddable":true,"href":"https:\/\/sunmelighting.com\/fi\/wp-json\/wp\/v2\/product_tag?post=11875"}],"curies":[{"name":"wp","href":"https:\/\/api.w.org\/{rel}","templated":true}]}}