{"id":11954,"date":"2024-04-09T01:51:27","date_gmt":"2024-04-09T01:51:27","guid":{"rendered":"https:\/\/sunme.top\/?post_type=product&#038;p=11954"},"modified":"2024-08-20T09:42:41","modified_gmt":"2024-08-20T09:42:41","slug":"sd8271125s","status":"publish","type":"product","link":"https:\/\/sunmelighting.com\/fi\/product\/sd8271125s\/","title":{"rendered":"ONUR 125 Alasvalo"},"content":{"rendered":"<div data-elementor-type=\"wp-post\" data-elementor-id=\"11954\" class=\"elementor elementor-11954\" data-elementor-post-type=\"product\">\n\t\t\t\t<div class=\"wd-negative-gap elementor-element elementor-element-52b2d53 e-flex e-con-boxed e-con e-parent\" data-id=\"52b2d53\" data-element_type=\"container\" data-e-type=\"container\">\n\t\t\t\t\t<div class=\"e-con-inner\">\n\t\t\t\t\t<\/div>\n\t\t\t\t<\/div>\n\t\t\t\t<\/div>","protected":false},"excerpt":{"rendered":"<div class=\"pix-el-text slide-in-container w-100\">\n<div class=\"d-inline-block\">\n<div class=\"pix-el-text slide-in-container w-100\">\n<div class=\"d-inline-block\">\n<p class=\"text-black font-weight-bold\"><strong>SD8271125S<\/strong><\/p>\n<\/div>\n<\/div>\n<\/div>\n<\/div>\n<div class=\"wpb_text_column wpb_content_element\">\n<div class=\"wpb_wrapper\">\n<p>Teho: 25W<br \/>\nLeikkaus: 125x125mm<br \/>\nS\u00e4dekulma: 15\u00b0\/24\u00b0\/36\u00b0\/55\u00b0.<br \/>\nCCT: 2700K\/3000K\/3500K\/4000K<br \/>\nV\u00e4ri: Valkoinen \/ Musta \/ Mukautettu<br \/>\nAsennus: Asennus:<\/p>\n<p><img decoding=\"async\" class=\"alignnone size-full wp-image-15059\" src=\"http:\/\/sunmelighting.com\/wp-content\/uploads\/2024\/04\/ONUR.webp\" alt=\"\" width=\"400\" height=\"110\" srcset=\"https:\/\/sunmelighting.com\/wp-content\/uploads\/2024\/04\/ONUR.webp 400w, https:\/\/sunmelighting.com\/wp-content\/uploads\/2024\/04\/ONUR-150x41.webp 150w, https:\/\/sunmelighting.com\/wp-content\/uploads\/2024\/04\/ONUR-300x83.webp 300w\" sizes=\"(max-width: 400px) 100vw, 400px\" \/><\/p>\n<\/div>\n<\/div>\n<h3 data-wp-editing=\"1\"><strong>Tuotteen kuvaus<\/strong><\/h3>\n<ul>\n<li>Korkean hy\u00f6tysuhteen linssi, jolla on erinomainen h\u00e4ik\u00e4isyn hallinta UGR&lt;19. Valettu j\u00e4\u00e4hdytyselementti takaa riitt\u00e4v\u00e4n l\u00e4mm\u00f6npoiston.<\/li>\n<li>Virrankulutus 15W - 45W eri kokojen mukaan.Py\u00f6re\u00e4\/neli\u00f6, IP20\/IP54.<\/li>\n<li>CCT 2700\/3000\/4000\/6000K saatavana, Triac \/ 0-10V \/ DALI kauko-ohjauksella himmennett\u00e4v\u00e4 valinnaisesti.<\/li>\n<\/ul>","protected":false},"featured_media":11932,"comment_status":"open","ping_status":"closed","template":"","meta":[],"product_brand":[],"product_cat":[141],"product_tag":[],"class_list":{"0":"post-11954","1":"product","2":"type-product","3":"status-publish","4":"has-post-thumbnail","6":"product_cat-onur-series","8":"first","9":"instock","10":"shipping-taxable","11":"product-type-simple"},"_links":{"self":[{"href":"https:\/\/sunmelighting.com\/fi\/wp-json\/wp\/v2\/product\/11954","targetHints":{"allow":["GET"]}}],"collection":[{"href":"https:\/\/sunmelighting.com\/fi\/wp-json\/wp\/v2\/product"}],"about":[{"href":"https:\/\/sunmelighting.com\/fi\/wp-json\/wp\/v2\/types\/product"}],"replies":[{"embeddable":true,"href":"https:\/\/sunmelighting.com\/fi\/wp-json\/wp\/v2\/comments?post=11954"}],"version-history":[{"count":0,"href":"https:\/\/sunmelighting.com\/fi\/wp-json\/wp\/v2\/product\/11954\/revisions"}],"wp:featuredmedia":[{"embeddable":true,"href":"https:\/\/sunmelighting.com\/fi\/wp-json\/wp\/v2\/media\/11932"}],"wp:attachment":[{"href":"https:\/\/sunmelighting.com\/fi\/wp-json\/wp\/v2\/media?parent=11954"}],"wp:term":[{"taxonomy":"product_brand","embeddable":true,"href":"https:\/\/sunmelighting.com\/fi\/wp-json\/wp\/v2\/product_brand?post=11954"},{"taxonomy":"product_cat","embeddable":true,"href":"https:\/\/sunmelighting.com\/fi\/wp-json\/wp\/v2\/product_cat?post=11954"},{"taxonomy":"product_tag","embeddable":true,"href":"https:\/\/sunmelighting.com\/fi\/wp-json\/wp\/v2\/product_tag?post=11954"}],"curies":[{"name":"wp","href":"https:\/\/api.w.org\/{rel}","templated":true}]}}