{"id":12608,"date":"2024-04-11T08:53:13","date_gmt":"2024-04-11T08:53:13","guid":{"rendered":"https:\/\/sunme.top\/?post_type=product&#038;p=12608"},"modified":"2024-08-23T06:27:33","modified_gmt":"2024-08-23T06:27:33","slug":"st5161w","status":"publish","type":"product","link":"https:\/\/sunmelighting.com\/fi\/product\/st5161w\/","title":{"rendered":"DUNK 80 ZOOM \/ 25W \/ Sis\u00e4\u00e4najossa"},"content":{"rendered":"<div data-elementor-type=\"wp-post\" data-elementor-id=\"12608\" class=\"elementor elementor-12608\" data-elementor-post-type=\"product\">\n\t\t\t\t<div class=\"wd-negative-gap elementor-element elementor-element-52b2d53 e-flex e-con-boxed e-con e-parent\" data-id=\"52b2d53\" data-element_type=\"container\" data-e-type=\"container\">\n\t\t\t\t\t<div class=\"e-con-inner\">\n\t\t\t\t\t<\/div>\n\t\t\t\t<\/div>\n\t\t\t\t<\/div>","protected":false},"excerpt":{"rendered":"<div class=\"pix-el-text slide-in-container w-100\">\n<div class=\"d-inline-block\">\n<div class=\"pix-el-text slide-in-container w-100\">\n<div class=\"d-inline-block\">\n<div class=\"pix-el-text slide-in-container w-100\">\n<div class=\"d-inline-block\">\n<p class=\"text-black font-weight-bold\"><strong>ST5161W<\/strong><\/p>\n<\/div>\n<\/div>\n<div class=\"wpb_text_column wpb_content_element\">\n<div class=\"wpb_wrapper\">\n<p>Teho: 25W<br \/>\nCCT: 2700K\/3000K\/3500K\/4000K<br \/>\nS\u00e4dekulma: 10-45\u00b0<br \/>\nV\u00e4ri: Valkoinen \/ Musta \/ Mukautettu<br \/>\nAsennus: 3-vaiheinen \/ 1-vaiheinen<br \/>\nLeikkaus:\/<\/p>\n<\/div>\n<\/div>\n<\/div>\n<\/div>\n<\/div>\n<\/div>\n<div class=\"wpb_text_column wpb_content_element\">\n<div class=\"wpb_wrapper\">\n<p><img decoding=\"async\" class=\"alignnone size-full wp-image-12545\" src=\"http:\/\/sunmelighting.com\/wp-content\/uploads\/2024\/04\/400X110TRACKLIGHT.png.webp\" alt=\"\" width=\"400\" height=\"110\" srcset=\"https:\/\/sunmelighting.com\/wp-content\/uploads\/2024\/04\/400X110TRACKLIGHT.png.webp 400w, https:\/\/sunmelighting.com\/wp-content\/uploads\/2024\/04\/400X110TRACKLIGHT.png-150x41.webp 150w, https:\/\/sunmelighting.com\/wp-content\/uploads\/2024\/04\/400X110TRACKLIGHT.png-300x83.webp 300w\" sizes=\"(max-width: 400px) 100vw, 400px\" \/><\/p>\n<\/div>\n<\/div>\n<div class=\"pix-heading-el text-left vc_custom_1637563284676\">\n<div>\n<div class=\"slide-in-container\">\n<h3 class=\"text-body-default font-weight-bold heading-text el-title_custom_color mb-12\" data-anim-delay=\"0\">Tuotteen kuvaus<\/h3>\n<\/div>\n<\/div>\n<\/div>\n<div class=\"wpb_text_column wpb_content_element\">\n<div class=\"wpb_wrapper\">\n<ul>\n<li>ADC12 Valettu alumiini, jossa n\u00e4kym\u00e4t\u00f6n ruuvirakenne ulkon\u00e4\u00f6lt\u00e4\u00e4n.<br \/>\nLinssin ja heijastimen v\u00e4lill\u00e4 vaihdettava optiikka, j\u00e4rjestelm\u00e4n tehokkuus 145 lm\/w.<\/li>\n<li>Valinnainen s\u00e4dekulma 15\u00b0 - 60\u00b0 .<br \/>\nPystysuunnassa s\u00e4\u00e4dett\u00e4viss\u00e4 355\u00b0 \/ Vaakasuunnassa s\u00e4\u00e4dett\u00e4viss\u00e4 90\u00b0 .<\/li>\n<li>Konvektiivinen l\u00e4mp\u00f6h\u00e4vi\u00f6 lamellit paremman k\u00e4ytt\u00f6i\u00e4n takaamiseksi.<\/li>\n<li>Ainutlaatuinen rakenne SKD\/tehokasta kokoonpanoa varten, ZHAGA-yhteensopiva.<br \/>\nMukautettu zoomausversio saatavilla.<\/li>\n<\/ul>\n<\/div>\n<\/div>","protected":false},"featured_media":12609,"comment_status":"open","ping_status":"closed","template":"","meta":[],"product_brand":[],"product_cat":[263],"product_tag":[],"class_list":{"0":"post-12608","1":"product","2":"type-product","3":"status-publish","4":"has-post-thumbnail","6":"product_cat-dunk-zoom","8":"first","9":"instock","10":"shipping-taxable","11":"product-type-simple"},"_links":{"self":[{"href":"https:\/\/sunmelighting.com\/fi\/wp-json\/wp\/v2\/product\/12608","targetHints":{"allow":["GET"]}}],"collection":[{"href":"https:\/\/sunmelighting.com\/fi\/wp-json\/wp\/v2\/product"}],"about":[{"href":"https:\/\/sunmelighting.com\/fi\/wp-json\/wp\/v2\/types\/product"}],"replies":[{"embeddable":true,"href":"https:\/\/sunmelighting.com\/fi\/wp-json\/wp\/v2\/comments?post=12608"}],"version-history":[{"count":0,"href":"https:\/\/sunmelighting.com\/fi\/wp-json\/wp\/v2\/product\/12608\/revisions"}],"wp:featuredmedia":[{"embeddable":true,"href":"https:\/\/sunmelighting.com\/fi\/wp-json\/wp\/v2\/media\/12609"}],"wp:attachment":[{"href":"https:\/\/sunmelighting.com\/fi\/wp-json\/wp\/v2\/media?parent=12608"}],"wp:term":[{"taxonomy":"product_brand","embeddable":true,"href":"https:\/\/sunmelighting.com\/fi\/wp-json\/wp\/v2\/product_brand?post=12608"},{"taxonomy":"product_cat","embeddable":true,"href":"https:\/\/sunmelighting.com\/fi\/wp-json\/wp\/v2\/product_cat?post=12608"},{"taxonomy":"product_tag","embeddable":true,"href":"https:\/\/sunmelighting.com\/fi\/wp-json\/wp\/v2\/product_tag?post=12608"}],"curies":[{"name":"wp","href":"https:\/\/api.w.org\/{rel}","templated":true}]}}