{"id":14484,"date":"2024-05-13T07:13:04","date_gmt":"2024-05-13T07:13:04","guid":{"rendered":"http:\/\/sunmelighting.com\/?post_type=product&#038;p=14484"},"modified":"2024-05-13T07:15:33","modified_gmt":"2024-05-13T07:15:33","slug":"sd012040r-s","status":"publish","type":"product","link":"https:\/\/sunmelighting.com\/fi\/product\/sd012040r-s\/","title":{"rendered":"SARA 40 2W SMD S\u00e4\u00e4dett\u00e4v\u00e4"},"content":{"rendered":"<div data-elementor-type=\"wp-post\" data-elementor-id=\"14484\" class=\"elementor elementor-14484\" data-elementor-post-type=\"product\">\n\t\t\t\t<div class=\"wd-negative-gap elementor-element elementor-element-52b2d53 e-flex e-con-boxed e-con e-parent\" data-id=\"52b2d53\" data-element_type=\"container\" data-e-type=\"container\">\n\t\t\t\t\t<div class=\"e-con-inner\">\n\t\t\t\t\t<\/div>\n\t\t\t\t<\/div>\n\t\t\t\t<\/div>","protected":false},"excerpt":{"rendered":"<div class=\"pix-el-text slide-in-container w-100\">\n<div class=\"d-inline-block\">SD012040R-S<\/div>\n<\/div>\n<div class=\"wpb_text_column wpb_content_element\">\n<div class=\"wpb_wrapper\">\n<p>Teho: 2W<br \/>\nLeikkaus: \u03a640mm<br \/>\nS\u00e4dekulma: 15\u00b0\/24\u00b0\/36\u00b0<br \/>\nCCT: 2700K\/3000K\/3500K\/4000K<br \/>\nV\u00e4ri: Valkoinen \/ Musta \/ Mukautettu<br \/>\nAsennus: Asennus:<\/p>\n<p data-wp-editing=\"1\"><img decoding=\"async\" class=\"alignnone size-full wp-image-14478\" src=\"http:\/\/sunmelighting.com\/wp-content\/uploads\/2024\/05\/SARA-SMD.webp\" alt=\"\" width=\"400\" height=\"110\" srcset=\"https:\/\/sunmelighting.com\/wp-content\/uploads\/2024\/05\/SARA-SMD.webp 400w, https:\/\/sunmelighting.com\/wp-content\/uploads\/2024\/05\/SARA-SMD-150x41.webp 150w, https:\/\/sunmelighting.com\/wp-content\/uploads\/2024\/05\/SARA-SMD-300x83.webp 300w\" sizes=\"(max-width: 400px) 100vw, 400px\" \/><\/p>\n<\/div>\n<\/div>\n<h3 data-wp-editing=\"1\"><strong>Tuotteen kuvaus<\/strong><\/h3>\n<ul>\n<li>Minikoko kapeaan kattoon, pieni koko ja suuri teho.<\/li>\n<li>Ty\u00f6kaluvapaasti lis\u00e4tt\u00e4v\u00e4 j\u00e4\u00e4hdytyselementtimoduuli tehon lis\u00e4\u00e4miseksi.<\/li>\n<li>SMD-versio ja COB-versio ovat saatavilla, erinomainen v\u00e4rin johdonmukaisuus ( 2SDCM ).<\/li>\n<li>Syv\u00e4 h\u00e4ik\u00e4isysuojaus, eri v\u00e4riset h\u00e4ik\u00e4isysuojatut renkaat valinnaisia.<\/li>\n<li>H\u00e4ik\u00e4isysuojarenkaiden ja linssin vaihto ilman ty\u00f6kaluja, IP54-valinnaisuus.<\/li>\n<li>Saatavana on kiinte\u00e4 ja s\u00e4\u00e4dett\u00e4v\u00e4 versio.<\/li>\n<\/ul>","protected":false},"featured_media":14485,"comment_status":"open","ping_status":"closed","template":"","meta":[],"product_brand":[],"product_cat":[257],"product_tag":[],"class_list":{"0":"post-14484","1":"product","2":"type-product","3":"status-publish","4":"has-post-thumbnail","6":"product_cat-sara-series","8":"first","9":"instock","10":"shipping-taxable","11":"product-type-simple"},"_links":{"self":[{"href":"https:\/\/sunmelighting.com\/fi\/wp-json\/wp\/v2\/product\/14484","targetHints":{"allow":["GET"]}}],"collection":[{"href":"https:\/\/sunmelighting.com\/fi\/wp-json\/wp\/v2\/product"}],"about":[{"href":"https:\/\/sunmelighting.com\/fi\/wp-json\/wp\/v2\/types\/product"}],"replies":[{"embeddable":true,"href":"https:\/\/sunmelighting.com\/fi\/wp-json\/wp\/v2\/comments?post=14484"}],"version-history":[{"count":0,"href":"https:\/\/sunmelighting.com\/fi\/wp-json\/wp\/v2\/product\/14484\/revisions"}],"wp:featuredmedia":[{"embeddable":true,"href":"https:\/\/sunmelighting.com\/fi\/wp-json\/wp\/v2\/media\/14485"}],"wp:attachment":[{"href":"https:\/\/sunmelighting.com\/fi\/wp-json\/wp\/v2\/media?parent=14484"}],"wp:term":[{"taxonomy":"product_brand","embeddable":true,"href":"https:\/\/sunmelighting.com\/fi\/wp-json\/wp\/v2\/product_brand?post=14484"},{"taxonomy":"product_cat","embeddable":true,"href":"https:\/\/sunmelighting.com\/fi\/wp-json\/wp\/v2\/product_cat?post=14484"},{"taxonomy":"product_tag","embeddable":true,"href":"https:\/\/sunmelighting.com\/fi\/wp-json\/wp\/v2\/product_tag?post=14484"}],"curies":[{"name":"wp","href":"https:\/\/api.w.org\/{rel}","templated":true}]}}