{"id":15286,"date":"2024-05-17T07:37:41","date_gmt":"2024-05-17T07:37:41","guid":{"rendered":"http:\/\/sunmelighting.com\/?post_type=product&#038;p=15286"},"modified":"2024-08-23T01:59:20","modified_gmt":"2024-08-23T01:59:20","slug":"st6121w","status":"publish","type":"product","link":"https:\/\/sunmelighting.com\/fi\/product\/st6121w\/","title":{"rendered":"LINEAR L33 h\u00e4ik\u00e4isynesto versio"},"content":{"rendered":"<div data-elementor-type=\"wp-post\" data-elementor-id=\"15286\" class=\"elementor elementor-15286\" data-elementor-post-type=\"product\">\n\t\t\t\t<div class=\"wd-negative-gap elementor-element elementor-element-52b2d53 e-flex e-con-boxed e-con e-parent\" data-id=\"52b2d53\" data-element_type=\"container\" data-e-type=\"container\">\n\t\t\t\t\t<div class=\"e-con-inner\">\n\t\t\t\t\t<\/div>\n\t\t\t\t<\/div>\n\t\t<div class=\"wd-negative-gap elementor-element elementor-element-ecc259f e-flex e-con-boxed e-con e-parent\" data-id=\"ecc259f\" data-element_type=\"container\" data-e-type=\"container\">\n\t\t\t\t\t<div class=\"e-con-inner\">\n\t\t\t\t<div class=\"elementor-element elementor-element-b60915f wd-width-100 elementor-widget elementor-widget-wd_title\" data-id=\"b60915f\" data-element_type=\"widget\" data-e-type=\"widget\" data-widget_type=\"wd_title.default\">\n\t\t\t\t<div class=\"elementor-widget-container\">\n\t\t\t\t\t\t\t<div class=\"title-wrapper wd-set-mb reset-last-child wd-title-color-default wd-title-style-default wd-title-size-default text-left\">\n\n\t\t\t\n\t\t\t<div class=\"liner-continer\">\n\t\t\t\t<h4 class=\"woodmart-title-container title wd-fontsize-l\">Liittyv\u00e4t lis\u00e4varusteet<\/h4> \n\t\t\t\t\t\t\t<\/div>\n\n\t\t\t\t\t<\/div>\n\t\t\t\t\t\t<\/div>\n\t\t\t\t<\/div>\n\t\t<div class=\"elementor-element elementor-element-ef10ab6 e-con-full e-flex e-con e-child\" data-id=\"ef10ab6\" data-element_type=\"container\" data-e-type=\"container\">\n\t\t<div class=\"elementor-element elementor-element-9955c38 e-con-full e-flex e-con e-child\" data-id=\"9955c38\" data-element_type=\"container\" data-e-type=\"container\">\n\t\t\t\t<div class=\"elementor-element elementor-element-8314cbe elementor-position-top elementor-widget elementor-widget-image-box\" data-id=\"8314cbe\" data-element_type=\"widget\" data-e-type=\"widget\" data-widget_type=\"image-box.default\">\n\t\t\t\t<div class=\"elementor-widget-container\">\n\t\t\t\t\t<div class=\"elementor-image-box-wrapper\"><figure class=\"elementor-image-box-img\"><img decoding=\"async\" width=\"800\" height=\"800\" src=\"https:\/\/sunmelighting.com\/wp-content\/uploads\/2024\/05\/LINEAR-6.webp\" class=\"attachment-full size-full wp-image-16780\" alt=\"\" title=\"\" srcset=\"https:\/\/sunmelighting.com\/wp-content\/uploads\/2024\/05\/LINEAR-6.webp 800w, https:\/\/sunmelighting.com\/wp-content\/uploads\/2024\/05\/LINEAR-6-300x300.webp 300w, https:\/\/sunmelighting.com\/wp-content\/uploads\/2024\/05\/LINEAR-6-150x150.webp 150w, https:\/\/sunmelighting.com\/wp-content\/uploads\/2024\/05\/LINEAR-6-768x768.webp 768w, https:\/\/sunmelighting.com\/wp-content\/uploads\/2024\/05\/LINEAR-6-600x600.webp 600w\" sizes=\"(max-width: 800px) 100vw, 800px\" \/><\/figure><div class=\"elementor-image-box-content\"><h3 class=\"elementor-image-box-title\">Kiilt\u00e4v\u00e4 musta v\u00e4lilevy (vakio)<\/h3><\/div><\/div>\t\t\t\t<\/div>\n\t\t\t\t<\/div>\n\t\t\t\t<\/div>\n\t\t<div class=\"elementor-element elementor-element-8a534f2 e-con-full e-flex e-con e-child\" data-id=\"8a534f2\" data-element_type=\"container\" data-e-type=\"container\">\n\t\t\t\t<div class=\"elementor-element elementor-element-8352291 elementor-position-top elementor-widget elementor-widget-image-box\" data-id=\"8352291\" data-element_type=\"widget\" data-e-type=\"widget\" data-widget_type=\"image-box.default\">\n\t\t\t\t<div class=\"elementor-widget-container\">\n\t\t\t\t\t<div class=\"elementor-image-box-wrapper\"><figure class=\"elementor-image-box-img\"><img decoding=\"async\" width=\"800\" height=\"800\" src=\"https:\/\/sunmelighting.com\/wp-content\/uploads\/2024\/05\/LINEAR-1.webp\" class=\"attachment-full size-full wp-image-16781\" alt=\"\" title=\"\" srcset=\"https:\/\/sunmelighting.com\/wp-content\/uploads\/2024\/05\/LINEAR-1.webp 800w, https:\/\/sunmelighting.com\/wp-content\/uploads\/2024\/05\/LINEAR-1-300x300.webp 300w, https:\/\/sunmelighting.com\/wp-content\/uploads\/2024\/05\/LINEAR-1-150x150.webp 150w, https:\/\/sunmelighting.com\/wp-content\/uploads\/2024\/05\/LINEAR-1-768x768.webp 768w, https:\/\/sunmelighting.com\/wp-content\/uploads\/2024\/05\/LINEAR-1-600x600.webp 600w\" sizes=\"(max-width: 800px) 100vw, 800px\" \/><\/figure><div class=\"elementor-image-box-content\"><h3 class=\"elementor-image-box-title\">Kirkas valkoinen l\u00e4pivienti<\/h3><\/div><\/div>\t\t\t\t<\/div>\n\t\t\t\t<\/div>\n\t\t\t\t<\/div>\n\t\t<div class=\"elementor-element elementor-element-d5e661b e-con-full e-flex e-con e-child\" data-id=\"d5e661b\" data-element_type=\"container\" data-e-type=\"container\">\n\t\t\t\t<div class=\"elementor-element elementor-element-c0f5b52 elementor-position-top elementor-widget elementor-widget-image-box\" data-id=\"c0f5b52\" data-element_type=\"widget\" data-e-type=\"widget\" data-widget_type=\"image-box.default\">\n\t\t\t\t<div class=\"elementor-widget-container\">\n\t\t\t\t\t<div class=\"elementor-image-box-wrapper\"><figure class=\"elementor-image-box-img\"><img decoding=\"async\" width=\"800\" height=\"800\" src=\"https:\/\/sunmelighting.com\/wp-content\/uploads\/2024\/05\/LINEAR-5.webp\" class=\"attachment-full size-full wp-image-16779\" alt=\"\" title=\"\" srcset=\"https:\/\/sunmelighting.com\/wp-content\/uploads\/2024\/05\/LINEAR-5.webp 800w, https:\/\/sunmelighting.com\/wp-content\/uploads\/2024\/05\/LINEAR-5-300x300.webp 300w, https:\/\/sunmelighting.com\/wp-content\/uploads\/2024\/05\/LINEAR-5-150x150.webp 150w, https:\/\/sunmelighting.com\/wp-content\/uploads\/2024\/05\/LINEAR-5-768x768.webp 768w, https:\/\/sunmelighting.com\/wp-content\/uploads\/2024\/05\/LINEAR-5-600x600.webp 600w\" sizes=\"(max-width: 800px) 100vw, 800px\" \/><\/figure><div class=\"elementor-image-box-content\"><h3 class=\"elementor-image-box-title\">Kirkas musta v\u00e4lilevy<\/h3><\/div><\/div>\t\t\t\t<\/div>\n\t\t\t\t<\/div>\n\t\t\t\t<\/div>\n\t\t<div class=\"elementor-element elementor-element-23ab766 e-con-full e-flex e-con e-child\" data-id=\"23ab766\" data-element_type=\"container\" data-e-type=\"container\">\n\t\t\t\t<div class=\"elementor-element elementor-element-69635b1 elementor-position-top elementor-widget elementor-widget-image-box\" data-id=\"69635b1\" data-element_type=\"widget\" data-e-type=\"widget\" data-widget_type=\"image-box.default\">\n\t\t\t\t<div class=\"elementor-widget-container\">\n\t\t\t\t\t<div class=\"elementor-image-box-wrapper\"><figure class=\"elementor-image-box-img\"><img decoding=\"async\" width=\"800\" height=\"800\" src=\"https:\/\/sunmelighting.com\/wp-content\/uploads\/2024\/05\/LINEAR-3.webp\" class=\"attachment-full size-full wp-image-16777\" alt=\"\" title=\"\" srcset=\"https:\/\/sunmelighting.com\/wp-content\/uploads\/2024\/05\/LINEAR-3.webp 800w, https:\/\/sunmelighting.com\/wp-content\/uploads\/2024\/05\/LINEAR-3-300x300.webp 300w, https:\/\/sunmelighting.com\/wp-content\/uploads\/2024\/05\/LINEAR-3-150x150.webp 150w, https:\/\/sunmelighting.com\/wp-content\/uploads\/2024\/05\/LINEAR-3-768x768.webp 768w, https:\/\/sunmelighting.com\/wp-content\/uploads\/2024\/05\/LINEAR-3-600x600.webp 600w\" sizes=\"(max-width: 800px) 100vw, 800px\" \/><\/figure><div class=\"elementor-image-box-content\"><h3 class=\"elementor-image-box-title\">Kirkas harmaa v\u00e4lilevy<\/h3><\/div><\/div>\t\t\t\t<\/div>\n\t\t\t\t<\/div>\n\t\t\t\t<\/div>\n\t\t\t\t<\/div>\n\t\t<div class=\"elementor-element elementor-element-cb04630 e-con-full e-flex e-con e-child\" data-id=\"cb04630\" data-element_type=\"container\" data-e-type=\"container\">\n\t\t<div class=\"elementor-element elementor-element-b0bd622 e-con-full e-flex e-con e-child\" data-id=\"b0bd622\" data-element_type=\"container\" data-e-type=\"container\">\n\t\t\t\t<div class=\"elementor-element elementor-element-fae4c50 elementor-position-top elementor-widget elementor-widget-image-box\" data-id=\"fae4c50\" data-element_type=\"widget\" data-e-type=\"widget\" data-widget_type=\"image-box.default\">\n\t\t\t\t<div class=\"elementor-widget-container\">\n\t\t\t\t\t<div class=\"elementor-image-box-wrapper\"><figure class=\"elementor-image-box-img\"><img decoding=\"async\" width=\"800\" height=\"800\" src=\"https:\/\/sunmelighting.com\/wp-content\/uploads\/2024\/05\/LINEAR-2.webp\" class=\"attachment-full size-full wp-image-16776\" alt=\"\" title=\"\" srcset=\"https:\/\/sunmelighting.com\/wp-content\/uploads\/2024\/05\/LINEAR-2.webp 800w, https:\/\/sunmelighting.com\/wp-content\/uploads\/2024\/05\/LINEAR-2-300x300.webp 300w, https:\/\/sunmelighting.com\/wp-content\/uploads\/2024\/05\/LINEAR-2-150x150.webp 150w, https:\/\/sunmelighting.com\/wp-content\/uploads\/2024\/05\/LINEAR-2-768x768.webp 768w, https:\/\/sunmelighting.com\/wp-content\/uploads\/2024\/05\/LINEAR-2-600x600.webp 600w\" sizes=\"(max-width: 800px) 100vw, 800px\" \/><\/figure><div class=\"elementor-image-box-content\"><h3 class=\"elementor-image-box-title\">Kiilt\u00e4v\u00e4 musta (tappireik\u00e4) l\u00e4pivienti<\/h3><\/div><\/div>\t\t\t\t<\/div>\n\t\t\t\t<\/div>\n\t\t\t\t<\/div>\n\t\t<div class=\"elementor-element elementor-element-ddb2652 e-con-full e-flex e-con e-child\" data-id=\"ddb2652\" data-element_type=\"container\" data-e-type=\"container\">\n\t\t\t\t<div class=\"elementor-element elementor-element-e16bcd8 elementor-position-top elementor-widget elementor-widget-image-box\" data-id=\"e16bcd8\" data-element_type=\"widget\" data-e-type=\"widget\" data-widget_type=\"image-box.default\">\n\t\t\t\t<div class=\"elementor-widget-container\">\n\t\t\t\t\t<div class=\"elementor-image-box-wrapper\"><figure class=\"elementor-image-box-img\"><img decoding=\"async\" width=\"800\" height=\"800\" src=\"https:\/\/sunmelighting.com\/wp-content\/uploads\/2024\/05\/LINEAR-4.webp\" class=\"attachment-full size-full wp-image-16778\" alt=\"\" title=\"\" srcset=\"https:\/\/sunmelighting.com\/wp-content\/uploads\/2024\/05\/LINEAR-4.webp 800w, https:\/\/sunmelighting.com\/wp-content\/uploads\/2024\/05\/LINEAR-4-300x300.webp 300w, https:\/\/sunmelighting.com\/wp-content\/uploads\/2024\/05\/LINEAR-4-150x150.webp 150w, https:\/\/sunmelighting.com\/wp-content\/uploads\/2024\/05\/LINEAR-4-768x768.webp 768w, https:\/\/sunmelighting.com\/wp-content\/uploads\/2024\/05\/LINEAR-4-600x600.webp 600w\" sizes=\"(max-width: 800px) 100vw, 800px\" \/><\/figure><div class=\"elementor-image-box-content\"><h3 class=\"elementor-image-box-title\">Kiilt\u00e4v\u00e4 musta (Pin Hole Wiht Honeyycomb) Baffle) Baffle<\/h3><\/div><\/div>\t\t\t\t<\/div>\n\t\t\t\t<\/div>\n\t\t\t\t<\/div>\n\t\t<div class=\"elementor-element elementor-element-e9deeba e-con-full e-flex e-con e-child\" data-id=\"e9deeba\" data-element_type=\"container\" data-e-type=\"container\">\n\t\t\t\t<\/div>\n\t\t<div class=\"elementor-element elementor-element-96ba2b1 e-con-full e-flex e-con e-child\" data-id=\"96ba2b1\" data-element_type=\"container\" data-e-type=\"container\">\n\t\t\t\t<\/div>\n\t\t\t\t<\/div>\n\t\t\t\t\t<\/div>\n\t\t\t\t<\/div>\n\t\t\t\t<\/div>","protected":false},"excerpt":{"rendered":"<div class=\"pix-el-text slide-in-container w-100\">\n<div class=\"d-inline-block\">ST6121W<\/div>\n<\/div>\n<div class=\"wpb_text_column wpb_content_element\">\n<div class=\"wpb_wrapper\">\n<p>Teho: 20W\/30W<br \/>\nLeikkaus: \/<br \/>\nS\u00e4dekulma: 15\u00b0\/24\u00b0\/36\u00b0<br \/>\nCCT: 2700K\/3000K\/4000K\/5000K\/6500K<br \/>\nV\u00e4ri: Valkoinen \/ Musta \/ Mukautettu<br \/>\nAsennus: 3-vaiheinen \/ 1-vaiheinen<\/p>\n<p data-wp-editing=\"1\"><img decoding=\"async\" class=\"alignnone size-full wp-image-15287\" src=\"http:\/\/sunmelighting.com\/wp-content\/uploads\/2024\/05\/LINEAR.webp\" alt=\"\" width=\"400\" height=\"110\" srcset=\"https:\/\/sunmelighting.com\/wp-content\/uploads\/2024\/05\/LINEAR.webp 400w, https:\/\/sunmelighting.com\/wp-content\/uploads\/2024\/05\/LINEAR-300x83.webp 300w, https:\/\/sunmelighting.com\/wp-content\/uploads\/2024\/05\/LINEAR-150x41.webp 150w\" sizes=\"(max-width: 400px) 100vw, 400px\" \/><\/p>\n<\/div>\n<\/div>\n<h3 data-wp-editing=\"1\"><strong>Tuotteen kuvaus<\/strong><\/h3>\n<ul>\n<li>N\u00e4kym\u00e4t\u00f6n ruuvi ja minikokoinen rakenne, sama leveys kuin 3-vaihekiskoilla.<\/li>\n<li>Syv\u00e4 h\u00e4ik\u00e4isysuojaus varmistaa visuaalisen mukavuuden.<\/li>\n<li>H\u00e4ik\u00e4isysuojalevyn vaihto ilman ty\u00f6kaluja (kiilt\u00e4v\u00e4 musta\/ kirkas musta\/ kirkas valkoinen\/ kirkas harmaa).<\/li>\n<li>J\u00e4rjestelm\u00e4n hy\u00f6tysuhde jopa 110Lm\/W @4000K 90RA.<\/li>\n<li>S\u00e4\u00e4dett\u00e4viss\u00e4 0-355\u00b0 vaakasuunnassa, eri pituudet voidaan mukauttaa.<\/li>\n<\/ul>","protected":false},"featured_media":15288,"comment_status":"open","ping_status":"closed","template":"","meta":[],"product_brand":[],"product_cat":[132],"product_tag":[],"class_list":{"0":"post-15286","1":"product","2":"type-product","3":"status-publish","4":"has-post-thumbnail","6":"product_cat-linear-series","8":"first","9":"instock","10":"shipping-taxable","11":"product-type-simple"},"_links":{"self":[{"href":"https:\/\/sunmelighting.com\/fi\/wp-json\/wp\/v2\/product\/15286","targetHints":{"allow":["GET"]}}],"collection":[{"href":"https:\/\/sunmelighting.com\/fi\/wp-json\/wp\/v2\/product"}],"about":[{"href":"https:\/\/sunmelighting.com\/fi\/wp-json\/wp\/v2\/types\/product"}],"replies":[{"embeddable":true,"href":"https:\/\/sunmelighting.com\/fi\/wp-json\/wp\/v2\/comments?post=15286"}],"version-history":[{"count":0,"href":"https:\/\/sunmelighting.com\/fi\/wp-json\/wp\/v2\/product\/15286\/revisions"}],"wp:featuredmedia":[{"embeddable":true,"href":"https:\/\/sunmelighting.com\/fi\/wp-json\/wp\/v2\/media\/15288"}],"wp:attachment":[{"href":"https:\/\/sunmelighting.com\/fi\/wp-json\/wp\/v2\/media?parent=15286"}],"wp:term":[{"taxonomy":"product_brand","embeddable":true,"href":"https:\/\/sunmelighting.com\/fi\/wp-json\/wp\/v2\/product_brand?post=15286"},{"taxonomy":"product_cat","embeddable":true,"href":"https:\/\/sunmelighting.com\/fi\/wp-json\/wp\/v2\/product_cat?post=15286"},{"taxonomy":"product_tag","embeddable":true,"href":"https:\/\/sunmelighting.com\/fi\/wp-json\/wp\/v2\/product_tag?post=15286"}],"curies":[{"name":"wp","href":"https:\/\/api.w.org\/{rel}","templated":true}]}}