{"id":15374,"date":"2024-05-17T08:39:53","date_gmt":"2024-05-17T08:39:53","guid":{"rendered":"http:\/\/sunmelighting.com\/?post_type=product&#038;p=15374"},"modified":"2024-05-17T09:41:18","modified_gmt":"2024-05-17T09:41:18","slug":"st3423d","status":"publish","type":"product","link":"https:\/\/sunmelighting.com\/fi\/product\/st3423d\/","title":{"rendered":"TANGO upotettu 6W"},"content":{"rendered":"<div data-elementor-type=\"wp-post\" data-elementor-id=\"15374\" class=\"elementor elementor-15374\" data-elementor-post-type=\"product\">\n\t\t\t\t<div class=\"wd-negative-gap elementor-element elementor-element-52b2d53 e-flex e-con-boxed e-con e-parent\" data-id=\"52b2d53\" data-element_type=\"container\" data-e-type=\"container\">\n\t\t\t\t\t<div class=\"e-con-inner\">\n\t\t\t\t\t<\/div>\n\t\t\t\t<\/div>\n\t\t\t\t<\/div>","protected":false},"excerpt":{"rendered":"<div class=\"pix-el-text slide-in-container w-100\">\n<div class=\"d-inline-block\">ST3423D<\/div>\n<\/div>\n<div class=\"wpb_text_column wpb_content_element\">\n<div class=\"wpb_wrapper\">\n<p>Teho: 6W<br \/>\nLeikkaus: \u03a650mm<br \/>\nS\u00e4dekulma: 15\u00b0\/24\u00b0\/36\u00b0\/50\u00b0<br \/>\nCCT: 2700K\/3000K\/3500K\/4000K<br \/>\nV\u00e4ri: Valkoinen \/ Musta \/ Mukautettu<br \/>\nAsennus: Asennus:<\/p>\n<p data-wp-editing=\"1\"><img decoding=\"async\" class=\"alignnone size-full wp-image-15375\" src=\"http:\/\/sunmelighting.com\/wp-content\/uploads\/2024\/05\/TANGO-Recessed.webp\" alt=\"\" width=\"400\" height=\"110\" srcset=\"https:\/\/sunmelighting.com\/wp-content\/uploads\/2024\/05\/TANGO-Recessed.webp 400w, https:\/\/sunmelighting.com\/wp-content\/uploads\/2024\/05\/TANGO-Recessed-300x83.webp 300w, https:\/\/sunmelighting.com\/wp-content\/uploads\/2024\/05\/TANGO-Recessed-150x41.webp 150w\" sizes=\"(max-width: 400px) 100vw, 400px\" \/><\/p>\n<\/div>\n<\/div>\n<h3 data-wp-editing=\"1\"><strong>Tuotteen kuvaus<\/strong><\/h3>\n<ul>\n<li>Sylinteri ja pieni koko sis\u00e4\u00e4nrakennetulla ohjaimella, TRIAC-himmennys ja valinnainen Dim to Warm.<\/li>\n<li>J\u00e4rjestelm\u00e4n hy\u00f6tysuhde jopa 120Lm\/W valinnainen @3000K 90RA.<\/li>\n<li>Syv\u00e4 h\u00e4ik\u00e4isysuojaus, eri v\u00e4riset h\u00e4ik\u00e4isysuojatut renkaat valinnaisia.<\/li>\n<li>H\u00e4ik\u00e4isysuojarenkaiden ja linssin vaihto ilman ty\u00f6kaluja, hunajakennomainen s\u00e4leikk\u00f6 valinnainen.<\/li>\n<li>Saatavilla on kolme kiinnitystapaa: Kisko-, uppoasennus- ja kattoasennus.<\/li>\n<li>S\u00e4\u00e4dett\u00e4viss\u00e4 0-355\u00b0 vaakasuunnassa, kallistettavissa 0-90\u00b0 pystysuunnassa.<\/li>\n<\/ul>","protected":false},"featured_media":15376,"comment_status":"open","ping_status":"closed","template":"","meta":[],"product_brand":[],"product_cat":[264],"product_tag":[],"class_list":{"0":"post-15374","1":"product","2":"type-product","3":"status-publish","4":"has-post-thumbnail","6":"product_cat-tango-recessed","8":"first","9":"instock","10":"shipping-taxable","11":"product-type-simple"},"_links":{"self":[{"href":"https:\/\/sunmelighting.com\/fi\/wp-json\/wp\/v2\/product\/15374","targetHints":{"allow":["GET"]}}],"collection":[{"href":"https:\/\/sunmelighting.com\/fi\/wp-json\/wp\/v2\/product"}],"about":[{"href":"https:\/\/sunmelighting.com\/fi\/wp-json\/wp\/v2\/types\/product"}],"replies":[{"embeddable":true,"href":"https:\/\/sunmelighting.com\/fi\/wp-json\/wp\/v2\/comments?post=15374"}],"version-history":[{"count":0,"href":"https:\/\/sunmelighting.com\/fi\/wp-json\/wp\/v2\/product\/15374\/revisions"}],"wp:featuredmedia":[{"embeddable":true,"href":"https:\/\/sunmelighting.com\/fi\/wp-json\/wp\/v2\/media\/15376"}],"wp:attachment":[{"href":"https:\/\/sunmelighting.com\/fi\/wp-json\/wp\/v2\/media?parent=15374"}],"wp:term":[{"taxonomy":"product_brand","embeddable":true,"href":"https:\/\/sunmelighting.com\/fi\/wp-json\/wp\/v2\/product_brand?post=15374"},{"taxonomy":"product_cat","embeddable":true,"href":"https:\/\/sunmelighting.com\/fi\/wp-json\/wp\/v2\/product_cat?post=15374"},{"taxonomy":"product_tag","embeddable":true,"href":"https:\/\/sunmelighting.com\/fi\/wp-json\/wp\/v2\/product_tag?post=15374"}],"curies":[{"name":"wp","href":"https:\/\/api.w.org\/{rel}","templated":true}]}}