{"id":17126,"date":"2024-09-06T07:28:34","date_gmt":"2024-09-06T07:28:34","guid":{"rendered":"http:\/\/sunmelighting.com\/?post_type=product&#038;p=17126"},"modified":"2024-09-09T02:38:13","modified_gmt":"2024-09-09T02:38:13","slug":"sg80510037s-s","status":"publish","type":"product","link":"https:\/\/sunmelighting.com\/fi\/product\/sg80510037s-s\/","title":{"rendered":"NEBULA 10 Pinta-asennettava lineaarinen ristikkovalaisin"},"content":{"rendered":"<div data-elementor-type=\"wp-post\" data-elementor-id=\"17126\" class=\"elementor elementor-17126\" data-elementor-post-type=\"product\">\n\t\t\t\t<div class=\"wd-negative-gap elementor-element elementor-element-52b2d53 e-flex e-con-boxed e-con e-parent\" data-id=\"52b2d53\" data-element_type=\"container\" data-e-type=\"container\">\n\t\t\t\t\t<div class=\"e-con-inner\">\n\t\t\t\t\t<\/div>\n\t\t\t\t<\/div>\n\t\t<div class=\"wd-negative-gap elementor-element elementor-element-8718844 e-flex e-con-boxed e-con e-parent\" data-id=\"8718844\" data-element_type=\"container\" data-e-type=\"container\">\n\t\t\t\t\t<div class=\"e-con-inner\">\n\t\t\t\t<div class=\"elementor-element elementor-element-dfcd1f1 wd-width-100 elementor-widget elementor-widget-wd_title\" data-id=\"dfcd1f1\" data-element_type=\"widget\" data-e-type=\"widget\" data-widget_type=\"wd_title.default\">\n\t\t\t\t<div class=\"elementor-widget-container\">\n\t\t\t\t\t\t\t<div class=\"title-wrapper wd-set-mb reset-last-child wd-title-color-default wd-title-style-default wd-title-size-default text-left\">\n\n\t\t\t\n\t\t\t<div class=\"liner-continer\">\n\t\t\t\t<h4 class=\"woodmart-title-container title wd-fontsize-l\">Liittyv\u00e4t lis\u00e4varusteet<\/h4> \n\t\t\t\t\t\t\t<\/div>\n\n\t\t\t\t\t<\/div>\n\t\t\t\t\t\t<\/div>\n\t\t\t\t<\/div>\n\t\t<div class=\"elementor-element elementor-element-843ab7b e-con-full e-flex e-con e-child\" data-id=\"843ab7b\" data-element_type=\"container\" data-e-type=\"container\">\n\t\t<div class=\"elementor-element elementor-element-4782563 e-con-full e-flex e-con e-child\" data-id=\"4782563\" data-element_type=\"container\" data-e-type=\"container\">\n\t\t\t\t<div class=\"elementor-element elementor-element-eb2a0a5 elementor-position-top elementor-widget elementor-widget-image-box\" data-id=\"eb2a0a5\" data-element_type=\"widget\" data-e-type=\"widget\" data-widget_type=\"image-box.default\">\n\t\t\t\t<div class=\"elementor-widget-container\">\n\t\t\t\t\t<div class=\"elementor-image-box-wrapper\"><figure class=\"elementor-image-box-img\"><img decoding=\"async\" width=\"800\" height=\"800\" src=\"https:\/\/sunmelighting.com\/wp-content\/uploads\/2024\/09\/NEBULA-5-2.webp\" class=\"attachment-full size-full wp-image-17281\" alt=\"\" title=\"\" srcset=\"https:\/\/sunmelighting.com\/wp-content\/uploads\/2024\/09\/NEBULA-5-2.webp 800w, https:\/\/sunmelighting.com\/wp-content\/uploads\/2024\/09\/NEBULA-5-2-300x300.webp 300w, https:\/\/sunmelighting.com\/wp-content\/uploads\/2024\/09\/NEBULA-5-2-150x150.webp 150w, https:\/\/sunmelighting.com\/wp-content\/uploads\/2024\/09\/NEBULA-5-2-768x768.webp 768w, https:\/\/sunmelighting.com\/wp-content\/uploads\/2024\/09\/NEBULA-5-2-600x600.webp 600w\" sizes=\"(max-width: 800px) 100vw, 800px\" \/><\/figure><div class=\"elementor-image-box-content\"><h3 class=\"elementor-image-box-title\">Matt Black<\/h3><\/div><\/div>\t\t\t\t<\/div>\n\t\t\t\t<\/div>\n\t\t\t\t<\/div>\n\t\t<div class=\"elementor-element elementor-element-440f93d e-con-full e-flex e-con e-child\" data-id=\"440f93d\" data-element_type=\"container\" data-e-type=\"container\">\n\t\t\t\t<div class=\"elementor-element elementor-element-07d12f5 elementor-position-top elementor-widget elementor-widget-image-box\" data-id=\"07d12f5\" data-element_type=\"widget\" data-e-type=\"widget\" data-widget_type=\"image-box.default\">\n\t\t\t\t<div class=\"elementor-widget-container\">\n\t\t\t\t\t<div class=\"elementor-image-box-wrapper\"><figure class=\"elementor-image-box-img\"><img decoding=\"async\" width=\"800\" height=\"800\" src=\"https:\/\/sunmelighting.com\/wp-content\/uploads\/2024\/09\/NEBULA-5-3.webp\" class=\"attachment-full size-full wp-image-17282\" alt=\"\" title=\"\" srcset=\"https:\/\/sunmelighting.com\/wp-content\/uploads\/2024\/09\/NEBULA-5-3.webp 800w, https:\/\/sunmelighting.com\/wp-content\/uploads\/2024\/09\/NEBULA-5-3-300x300.webp 300w, https:\/\/sunmelighting.com\/wp-content\/uploads\/2024\/09\/NEBULA-5-3-150x150.webp 150w, https:\/\/sunmelighting.com\/wp-content\/uploads\/2024\/09\/NEBULA-5-3-768x768.webp 768w, https:\/\/sunmelighting.com\/wp-content\/uploads\/2024\/09\/NEBULA-5-3-600x600.webp 600w\" sizes=\"(max-width: 800px) 100vw, 800px\" \/><\/figure><div class=\"elementor-image-box-content\"><h3 class=\"elementor-image-box-title\">Kulta<\/h3><\/div><\/div>\t\t\t\t<\/div>\n\t\t\t\t<\/div>\n\t\t\t\t<\/div>\n\t\t<div class=\"elementor-element elementor-element-805b1b8 e-con-full e-flex e-con e-child\" data-id=\"805b1b8\" data-element_type=\"container\" data-e-type=\"container\">\n\t\t\t\t<div class=\"elementor-element elementor-element-02573f0 elementor-position-top elementor-widget elementor-widget-image-box\" data-id=\"02573f0\" data-element_type=\"widget\" data-e-type=\"widget\" data-widget_type=\"image-box.default\">\n\t\t\t\t<div class=\"elementor-widget-container\">\n\t\t\t\t\t<div class=\"elementor-image-box-wrapper\"><figure class=\"elementor-image-box-img\"><img decoding=\"async\" width=\"800\" height=\"800\" src=\"https:\/\/sunmelighting.com\/wp-content\/uploads\/2024\/09\/NEBULA-5-1.webp\" class=\"attachment-full size-full wp-image-17280\" alt=\"\" title=\"\" srcset=\"https:\/\/sunmelighting.com\/wp-content\/uploads\/2024\/09\/NEBULA-5-1.webp 800w, https:\/\/sunmelighting.com\/wp-content\/uploads\/2024\/09\/NEBULA-5-1-300x300.webp 300w, https:\/\/sunmelighting.com\/wp-content\/uploads\/2024\/09\/NEBULA-5-1-150x150.webp 150w, https:\/\/sunmelighting.com\/wp-content\/uploads\/2024\/09\/NEBULA-5-1-768x768.webp 768w, https:\/\/sunmelighting.com\/wp-content\/uploads\/2024\/09\/NEBULA-5-1-600x600.webp 600w\" sizes=\"(max-width: 800px) 100vw, 800px\" \/><\/figure><div class=\"elementor-image-box-content\"><h3 class=\"elementor-image-box-title\">Matt White<\/h3><\/div><\/div>\t\t\t\t<\/div>\n\t\t\t\t<\/div>\n\t\t\t\t<\/div>\n\t\t<div class=\"elementor-element elementor-element-9ddf6e3 e-con-full e-flex e-con e-child\" data-id=\"9ddf6e3\" data-element_type=\"container\" data-e-type=\"container\">\n\t\t\t\t<\/div>\n\t\t\t\t<\/div>\n\t\t\t\t\t<\/div>\n\t\t\t\t<\/div>\n\t\t\t\t<\/div>","protected":false},"excerpt":{"rendered":"<div class=\"pix-el-text slide-in-container w-100\">\n<div class=\"d-inline-block\" style=\"text-align: left;\">SG80510037S-S<\/div>\n<\/div>\n<div class=\"wpb_text_column wpb_content_element\" style=\"text-align: left;\">\n<div class=\"wpb_wrapper\">\n<p>Teho: 22W<br \/>\nLeikkaus: \/<br \/>\nS\u00e4dekulma: 24\u00b0\/30\u00b0\/45\u00b0<br \/>\nCCT: 2700K\/3000K\/3500K\/4000K<br \/>\nV\u00e4ri: Valkoinen \/ Musta \/ Mukautettu<br \/>\nAsennus: Asennus: Pinta-asennus<\/p>\n<\/div>\n<\/div>\n<p style=\"text-align: left;\"><img decoding=\"async\" class=\"alignnone size-full wp-image-17153\" src=\"http:\/\/sunmelighting.com\/wp-content\/uploads\/2024\/09\/NEBULA-SS.webp\" alt=\"\" width=\"400\" height=\"110\" srcset=\"https:\/\/sunmelighting.com\/wp-content\/uploads\/2024\/09\/NEBULA-SS.webp 400w, https:\/\/sunmelighting.com\/wp-content\/uploads\/2024\/09\/NEBULA-SS-300x83.webp 300w, https:\/\/sunmelighting.com\/wp-content\/uploads\/2024\/09\/NEBULA-SS-150x41.webp 150w\" sizes=\"(max-width: 400px) 100vw, 400px\" \/><\/p>\n<h3 style=\"text-align: left;\" data-wp-editing=\"1\"><strong>Tuotteen kuvaus<\/strong><\/h3>\n<p style=\"text-align: left;\">Mini- ja lineaarinen muotoinen ruudukkovalaisin rajoitettuun paikkaan ja erikoissovelluksiin.<br \/>\nSaatavana 1 \/ 2 \/ 5 \/ 10 \/ 15 LED-mallityyppin\u00e4.<br \/>\nSaatavana sein\u00e4pesu \/ s\u00e4\u00e4dett\u00e4v\u00e4 \/ reunukseton \/ pinta-asennettava versio.<br \/>\nCCT 2700K \/ 3000K \/ 4000\/ 6000K saatavilla, CRI 80 \/ 90 valinnainen.<\/p>","protected":false},"featured_media":17127,"comment_status":"open","ping_status":"closed","template":"","meta":[],"product_brand":[],"product_cat":[297],"product_tag":[],"class_list":{"0":"post-17126","1":"product","2":"type-product","3":"status-publish","4":"has-post-thumbnail","6":"product_cat-nebula-evo-sm","8":"first","9":"instock","10":"shipping-taxable","11":"product-type-simple"},"_links":{"self":[{"href":"https:\/\/sunmelighting.com\/fi\/wp-json\/wp\/v2\/product\/17126","targetHints":{"allow":["GET"]}}],"collection":[{"href":"https:\/\/sunmelighting.com\/fi\/wp-json\/wp\/v2\/product"}],"about":[{"href":"https:\/\/sunmelighting.com\/fi\/wp-json\/wp\/v2\/types\/product"}],"replies":[{"embeddable":true,"href":"https:\/\/sunmelighting.com\/fi\/wp-json\/wp\/v2\/comments?post=17126"}],"version-history":[{"count":0,"href":"https:\/\/sunmelighting.com\/fi\/wp-json\/wp\/v2\/product\/17126\/revisions"}],"wp:featuredmedia":[{"embeddable":true,"href":"https:\/\/sunmelighting.com\/fi\/wp-json\/wp\/v2\/media\/17127"}],"wp:attachment":[{"href":"https:\/\/sunmelighting.com\/fi\/wp-json\/wp\/v2\/media?parent=17126"}],"wp:term":[{"taxonomy":"product_brand","embeddable":true,"href":"https:\/\/sunmelighting.com\/fi\/wp-json\/wp\/v2\/product_brand?post=17126"},{"taxonomy":"product_cat","embeddable":true,"href":"https:\/\/sunmelighting.com\/fi\/wp-json\/wp\/v2\/product_cat?post=17126"},{"taxonomy":"product_tag","embeddable":true,"href":"https:\/\/sunmelighting.com\/fi\/wp-json\/wp\/v2\/product_tag?post=17126"}],"curies":[{"name":"wp","href":"https:\/\/api.w.org\/{rel}","templated":true}]}}