{"id":11743,"date":"2024-04-08T03:26:16","date_gmt":"2024-04-08T03:26:16","guid":{"rendered":"https:\/\/sunme.top\/?post_type=product&#038;p=11743"},"modified":"2024-08-23T05:48:14","modified_gmt":"2024-08-23T05:48:14","slug":"sd8201060r","status":"publish","type":"product","link":"https:\/\/sunmelighting.com\/fr\/product\/sd8201060r\/","title":{"rendered":"VITO 60 Down Light Fixe \/ Trim"},"content":{"rendered":"<div data-elementor-type=\"wp-post\" data-elementor-id=\"11743\" class=\"elementor elementor-11743\" data-elementor-post-type=\"product\">\n\t\t\t\t<div class=\"wd-negative-gap elementor-element elementor-element-52b2d53 e-flex e-con-boxed e-con e-parent\" data-id=\"52b2d53\" data-element_type=\"container\" data-e-type=\"container\">\n\t\t\t\t\t<div class=\"e-con-inner\">\n\t\t\t\t\t<\/div>\n\t\t\t\t<\/div>\n\t\t\t\t<\/div>","protected":false},"excerpt":{"rendered":"<div class=\"pix-el-text slide-in-container w-100\">\n<div class=\"d-inline-block\">SD8201060R<\/div>\n<\/div>\n<div class=\"wpb_text_column wpb_content_element\">\n<div class=\"wpb_wrapper\">\n<p>Puissance : 15W<br \/>\nD\u00e9coupe : \u03a660mm<br \/>\nAngle de rayonnement : 15\u00b0\/24\u00b0\/36\u00b0\/55\u00b0<br \/>\nCCT : 2700K\/3000K\/3500K\/4000K<br \/>\nCouleur : blanc \/ noir \/ personnalis\u00e9<br \/>\nInstallation : Encastr\u00e9<\/p>\n<p data-wp-editing=\"1\"><img decoding=\"async\" class=\"alignnone size-full wp-image-11738\" src=\"http:\/\/sunmelighting.com\/wp-content\/uploads\/2024\/04\/Parameter-icon.png\" alt=\"\" width=\"400\" height=\"110\" srcset=\"https:\/\/sunmelighting.com\/wp-content\/uploads\/2024\/04\/Parameter-icon.png 400w, https:\/\/sunmelighting.com\/wp-content\/uploads\/2024\/04\/Parameter-icon-150x41.png 150w, https:\/\/sunmelighting.com\/wp-content\/uploads\/2024\/04\/Parameter-icon-300x83.png 300w\" sizes=\"(max-width: 400px) 100vw, 400px\" \/><\/p>\n<\/div>\n<\/div>\n<h3 data-wp-editing=\"1\"><strong>Description du produit<\/strong><\/h3>\n<ul>\n<li>La taille compacte et l'habillage \u00e9troit avec de l'aluminium moul\u00e9 sous pression dans une grande puissance pour r\u00e9pondre aux diff\u00e9rentes exigences du projet.<\/li>\n<li>Conception unique de ressorts utilisables pour des plafonds d'une \u00e9paisseur de 3 \u00e0 25 mm. Lentille optique \u00e0 flux lumineux \u00e9lev\u00e9.<\/li>\n<li>Version avec et sans garniture en option, rev\u00eatement en poudre textur\u00e9 pour les finitions de surface.<\/li>\n<\/ul>","protected":false},"featured_media":11744,"comment_status":"open","ping_status":"closed","template":"","meta":[],"product_brand":[],"product_cat":[60],"product_tag":[],"class_list":{"0":"post-11743","1":"product","2":"type-product","3":"status-publish","4":"has-post-thumbnail","6":"product_cat-vito-series","8":"first","9":"instock","10":"shipping-taxable","11":"product-type-simple"},"_links":{"self":[{"href":"https:\/\/sunmelighting.com\/fr\/wp-json\/wp\/v2\/product\/11743","targetHints":{"allow":["GET"]}}],"collection":[{"href":"https:\/\/sunmelighting.com\/fr\/wp-json\/wp\/v2\/product"}],"about":[{"href":"https:\/\/sunmelighting.com\/fr\/wp-json\/wp\/v2\/types\/product"}],"replies":[{"embeddable":true,"href":"https:\/\/sunmelighting.com\/fr\/wp-json\/wp\/v2\/comments?post=11743"}],"version-history":[{"count":0,"href":"https:\/\/sunmelighting.com\/fr\/wp-json\/wp\/v2\/product\/11743\/revisions"}],"wp:featuredmedia":[{"embeddable":true,"href":"https:\/\/sunmelighting.com\/fr\/wp-json\/wp\/v2\/media\/11744"}],"wp:attachment":[{"href":"https:\/\/sunmelighting.com\/fr\/wp-json\/wp\/v2\/media?parent=11743"}],"wp:term":[{"taxonomy":"product_brand","embeddable":true,"href":"https:\/\/sunmelighting.com\/fr\/wp-json\/wp\/v2\/product_brand?post=11743"},{"taxonomy":"product_cat","embeddable":true,"href":"https:\/\/sunmelighting.com\/fr\/wp-json\/wp\/v2\/product_cat?post=11743"},{"taxonomy":"product_tag","embeddable":true,"href":"https:\/\/sunmelighting.com\/fr\/wp-json\/wp\/v2\/product_tag?post=11743"}],"curies":[{"name":"wp","href":"https:\/\/api.w.org\/{rel}","templated":true}]}}