{"id":11845,"date":"2024-04-08T07:58:00","date_gmt":"2024-04-08T07:58:00","guid":{"rendered":"https:\/\/sunme.top\/?post_type=product&#038;p=11845"},"modified":"2024-08-23T05:54:14","modified_gmt":"2024-08-23T05:54:14","slug":"sd8141130r","status":"publish","type":"product","link":"https:\/\/sunmelighting.com\/fr\/product\/sd8141130r\/","title":{"rendered":"MITO 130 Down Light Fixe \/ Encastr\u00e9"},"content":{"rendered":"<div data-elementor-type=\"wp-post\" data-elementor-id=\"11845\" class=\"elementor elementor-11845\" data-elementor-post-type=\"product\">\n\t\t\t\t<div class=\"wd-negative-gap elementor-element elementor-element-52b2d53 e-flex e-con-boxed e-con e-parent\" data-id=\"52b2d53\" data-element_type=\"container\" data-e-type=\"container\">\n\t\t\t\t\t<div class=\"e-con-inner\">\n\t\t\t\t\t<\/div>\n\t\t\t\t<\/div>\n\t\t\t\t<\/div>","protected":false},"excerpt":{"rendered":"<div class=\"pix-el-text slide-in-container w-100\">\n<div class=\"d-inline-block\"><strong>SD8141130R<\/strong><\/div>\n<\/div>\n<div class=\"wpb_text_column wpb_content_element\">\n<div class=\"wpb_wrapper\">\n<p>Puissance : 12W<br \/>\nD\u00e9coupe:\u03a6130mm<br \/>\nAngle du faisceau : 90<br \/>\nCCT : 3000K\/4000K\/6000K<br \/>\nCouleur : blanc \/ noir \/ personnalis\u00e9<br \/>\nInstallation : Encastr\u00e9<\/p>\n<p><img decoding=\"async\" class=\"alignnone size-full wp-image-11839\" src=\"http:\/\/sunmelighting.com\/wp-content\/uploads\/2024\/04\/Mito.webp\" alt=\"\" width=\"400\" height=\"110\" srcset=\"https:\/\/sunmelighting.com\/wp-content\/uploads\/2024\/04\/Mito.webp 400w, https:\/\/sunmelighting.com\/wp-content\/uploads\/2024\/04\/Mito-150x41.webp 150w, https:\/\/sunmelighting.com\/wp-content\/uploads\/2024\/04\/Mito-300x83.webp 300w\" sizes=\"(max-width: 400px) 100vw, 400px\" \/><\/p>\n<\/div>\n<\/div>\n<h3 data-wp-editing=\"1\"><strong>Description du produit<\/strong><\/h3>\n<ul>\n<li>Design classique avec r\u00e9flecteur de diff\u00e9rentes tailles pour diff\u00e9rentes puissances de 6W \u00e0 30W maximum.<\/li>\n<li>Le dissipateur thermique moul\u00e9 sous pression avec conception convective assure une dissipation thermique suffisante et une longue dur\u00e9e de vie.<\/li>\n<li>CCT 3000K \/ 4000\/ 6000K disponible, gradation \u00e0 distance Triac \/ 0-10V \/ DALI en option.<\/li>\n<\/ul>","protected":false},"featured_media":11846,"comment_status":"open","ping_status":"closed","template":"","meta":[],"product_brand":[],"product_cat":[138],"product_tag":[],"class_list":{"0":"post-11845","1":"product","2":"type-product","3":"status-publish","4":"has-post-thumbnail","6":"product_cat-mito-series","8":"first","9":"instock","10":"shipping-taxable","11":"product-type-simple"},"_links":{"self":[{"href":"https:\/\/sunmelighting.com\/fr\/wp-json\/wp\/v2\/product\/11845","targetHints":{"allow":["GET"]}}],"collection":[{"href":"https:\/\/sunmelighting.com\/fr\/wp-json\/wp\/v2\/product"}],"about":[{"href":"https:\/\/sunmelighting.com\/fr\/wp-json\/wp\/v2\/types\/product"}],"replies":[{"embeddable":true,"href":"https:\/\/sunmelighting.com\/fr\/wp-json\/wp\/v2\/comments?post=11845"}],"version-history":[{"count":0,"href":"https:\/\/sunmelighting.com\/fr\/wp-json\/wp\/v2\/product\/11845\/revisions"}],"wp:featuredmedia":[{"embeddable":true,"href":"https:\/\/sunmelighting.com\/fr\/wp-json\/wp\/v2\/media\/11846"}],"wp:attachment":[{"href":"https:\/\/sunmelighting.com\/fr\/wp-json\/wp\/v2\/media?parent=11845"}],"wp:term":[{"taxonomy":"product_brand","embeddable":true,"href":"https:\/\/sunmelighting.com\/fr\/wp-json\/wp\/v2\/product_brand?post=11845"},{"taxonomy":"product_cat","embeddable":true,"href":"https:\/\/sunmelighting.com\/fr\/wp-json\/wp\/v2\/product_cat?post=11845"},{"taxonomy":"product_tag","embeddable":true,"href":"https:\/\/sunmelighting.com\/fr\/wp-json\/wp\/v2\/product_tag?post=11845"}],"curies":[{"name":"wp","href":"https:\/\/api.w.org\/{rel}","templated":true}]}}