{"id":11925,"date":"2024-04-08T09:30:19","date_gmt":"2024-04-08T09:30:19","guid":{"rendered":"https:\/\/sunme.top\/?post_type=product&#038;p=11925"},"modified":"2024-08-23T05:58:15","modified_gmt":"2024-08-23T05:58:15","slug":"sd8071220r","status":"publish","type":"product","link":"https:\/\/sunmelighting.com\/fr\/product\/sd8071220r\/","title":{"rendered":"SAW 220 Down Light Fixe \/ Encastr\u00e9"},"content":{"rendered":"<div data-elementor-type=\"wp-post\" data-elementor-id=\"11925\" class=\"elementor elementor-11925\" data-elementor-post-type=\"product\">\n\t\t\t\t<div class=\"wd-negative-gap elementor-element elementor-element-52b2d53 e-flex e-con-boxed e-con e-parent\" data-id=\"52b2d53\" data-element_type=\"container\" data-e-type=\"container\">\n\t\t\t\t\t<div class=\"e-con-inner\">\n\t\t\t\t\t<\/div>\n\t\t\t\t<\/div>\n\t\t\t\t<\/div>","protected":false},"excerpt":{"rendered":"<div class=\"pix-el-text slide-in-container w-100\">\n<div class=\"d-inline-block\">SD8071220R<\/div>\n<\/div>\n<div class=\"wpb_text_column wpb_content_element\">\n<div class=\"wpb_wrapper\">\n<p>Puissance : 60W<br \/>\nD\u00e9coupe:\u03a6220mm<br \/>\nAngle du faisceau : 20\u00b0\/30\u00b0\/45\u00b0<br \/>\nCCT : 3000K\/4000K\/6000K<br \/>\nCouleur : blanc \/ noir \/ personnalis\u00e9<br \/>\nInstallation : Encastr\u00e9<\/p>\n<p><img decoding=\"async\" class=\"alignnone size-full wp-image-11886\" src=\"http:\/\/sunmelighting.com\/wp-content\/uploads\/2024\/04\/Saw.webp\" alt=\"\" width=\"400\" height=\"110\" srcset=\"https:\/\/sunmelighting.com\/wp-content\/uploads\/2024\/04\/Saw.webp 400w, https:\/\/sunmelighting.com\/wp-content\/uploads\/2024\/04\/Saw-150x41.webp 150w, https:\/\/sunmelighting.com\/wp-content\/uploads\/2024\/04\/Saw-300x83.webp 300w\" sizes=\"(max-width: 400px) 100vw, 400px\" \/><\/p>\n<\/div>\n<\/div>\n<h3 data-wp-editing=\"1\"><strong>Description du produit<\/strong><\/h3>\n<ul>\n<li>Design classique avec doubles r\u00e9flecteurs, structure anti-\u00e9blouissante offrant des lumi\u00e8res douces et visuellement confortables pour diverses applications, UGR&lt;19.<\/li>\n<li>Consommation \u00e9lectrique de min 8W \u00e0 max 55W selon les diff\u00e9rentes tailles. Angle de rayonnement 15 \/ 30 \/ 45 degr\u00e9s en option.<\/li>\n<li>CCT 2700K \/ 3000K \/ 4000\/ 6000K disponible, CRI 80 \/ 90 en option.<\/li>\n<\/ul>","protected":false},"featured_media":11926,"comment_status":"open","ping_status":"closed","template":"","meta":[],"product_brand":[],"product_cat":[140],"product_tag":[],"class_list":{"0":"post-11925","1":"product","2":"type-product","3":"status-publish","4":"has-post-thumbnail","6":"product_cat-saw-series","8":"first","9":"instock","10":"shipping-taxable","11":"product-type-simple"},"_links":{"self":[{"href":"https:\/\/sunmelighting.com\/fr\/wp-json\/wp\/v2\/product\/11925","targetHints":{"allow":["GET"]}}],"collection":[{"href":"https:\/\/sunmelighting.com\/fr\/wp-json\/wp\/v2\/product"}],"about":[{"href":"https:\/\/sunmelighting.com\/fr\/wp-json\/wp\/v2\/types\/product"}],"replies":[{"embeddable":true,"href":"https:\/\/sunmelighting.com\/fr\/wp-json\/wp\/v2\/comments?post=11925"}],"version-history":[{"count":0,"href":"https:\/\/sunmelighting.com\/fr\/wp-json\/wp\/v2\/product\/11925\/revisions"}],"wp:featuredmedia":[{"embeddable":true,"href":"https:\/\/sunmelighting.com\/fr\/wp-json\/wp\/v2\/media\/11926"}],"wp:attachment":[{"href":"https:\/\/sunmelighting.com\/fr\/wp-json\/wp\/v2\/media?parent=11925"}],"wp:term":[{"taxonomy":"product_brand","embeddable":true,"href":"https:\/\/sunmelighting.com\/fr\/wp-json\/wp\/v2\/product_brand?post=11925"},{"taxonomy":"product_cat","embeddable":true,"href":"https:\/\/sunmelighting.com\/fr\/wp-json\/wp\/v2\/product_cat?post=11925"},{"taxonomy":"product_tag","embeddable":true,"href":"https:\/\/sunmelighting.com\/fr\/wp-json\/wp\/v2\/product_tag?post=11925"}],"curies":[{"name":"wp","href":"https:\/\/api.w.org\/{rel}","templated":true}]}}