{"id":12440,"date":"2024-04-11T02:40:02","date_gmt":"2024-04-11T02:40:02","guid":{"rendered":"https:\/\/sunme.top\/?post_type=product&#038;p=12440"},"modified":"2024-08-23T06:24:53","modified_gmt":"2024-08-23T06:24:53","slug":"st1501w","status":"publish","type":"product","link":"https:\/\/sunmelighting.com\/fr\/product\/st1501w\/","title":{"rendered":"CLIO Track Light\/25W \/ In-track"},"content":{"rendered":"<div data-elementor-type=\"wp-post\" data-elementor-id=\"12440\" class=\"elementor elementor-12440\" data-elementor-post-type=\"product\">\n\t\t\t\t<div class=\"wd-negative-gap elementor-element elementor-element-52b2d53 e-flex e-con-boxed e-con e-parent\" data-id=\"52b2d53\" data-element_type=\"container\" data-e-type=\"container\">\n\t\t\t\t\t<div class=\"e-con-inner\">\n\t\t\t\t\t<\/div>\n\t\t\t\t<\/div>\n\t\t\t\t<\/div>","protected":false},"excerpt":{"rendered":"<div class=\"pix-el-text slide-in-container w-100\">\n<div class=\"d-inline-block\">\n<div class=\"pix-el-text slide-in-container w-100\">\n<div class=\"d-inline-block\">\n<div class=\"pix-el-text slide-in-container w-100\">\n<div class=\"d-inline-block\">\n<p class=\"text-black font-weight-bold\"><strong>ST1501W<\/strong><\/p>\n<\/div>\n<\/div>\n<div class=\"wpb_text_column wpb_content_element\">\n<div class=\"wpb_wrapper\">\n<p>Puissance : 25W<br \/>\nCCT : 2700K\/3000K\/3500K\/4000K<br \/>\nAngle de rayonnement : 30\u00b0\/50\u00b0<br \/>\nCouleur : blanc \/ noir \/ personnalis\u00e9<br \/>\nInstallation : Triphas\u00e9 \/ monophas\u00e9<br \/>\nD\u00e9coupe:\/<\/p>\n<\/div>\n<\/div>\n<\/div>\n<\/div>\n<\/div>\n<\/div>\n<div class=\"wpb_text_column wpb_content_element\">\n<div class=\"wpb_wrapper\">\n<p><img decoding=\"async\" class=\"alignnone size-full wp-image-12443\" src=\"http:\/\/sunmelighting.com\/wp-content\/uploads\/2024\/04\/CLIO-1.webp\" alt=\"\" width=\"400\" height=\"110\" srcset=\"https:\/\/sunmelighting.com\/wp-content\/uploads\/2024\/04\/CLIO-1.webp 400w, https:\/\/sunmelighting.com\/wp-content\/uploads\/2024\/04\/CLIO-1-150x41.webp 150w, https:\/\/sunmelighting.com\/wp-content\/uploads\/2024\/04\/CLIO-1-300x83.webp 300w\" sizes=\"(max-width: 400px) 100vw, 400px\" \/><\/p>\n<\/div>\n<\/div>\n<div class=\"pix-heading-el text-left vc_custom_1637563284676\">\n<div>\n<div class=\"slide-in-container\">\n<h3 class=\"text-body-default font-weight-bold heading-text el-title_custom_color mb-12\" data-anim-delay=\"0\">Description du produit<\/h3>\n<\/div>\n<\/div>\n<\/div>\n<div class=\"wpb_text_column wpb_content_element\">\n<div class=\"wpb_wrapper\">\n<ul>\n<li>La lentille optique unique peut \u00eatre utilis\u00e9e non seulement pour l'\u00e9clairage, mais aussi pour la d\u00e9coration.<\/li>\n<li>ADC12 Aluminium moul\u00e9 sous pression avec vis invisible en apparence.<\/li>\n<li>Vertical r\u00e9glable 355\u00b0 \/ Horizontal r\u00e9glable 90\u00b0 .<\/li>\n<li>Ailettes de dissipation thermique par convection pour une meilleure garantie de dur\u00e9e de vie.<\/li>\n<\/ul>\n<\/div>\n<\/div>","protected":false},"featured_media":12441,"comment_status":"open","ping_status":"closed","template":"","meta":[],"product_brand":[],"product_cat":[130],"product_tag":[],"class_list":{"0":"post-12440","1":"product","2":"type-product","3":"status-publish","4":"has-post-thumbnail","6":"product_cat-clio-series","8":"first","9":"instock","10":"shipping-taxable","11":"product-type-simple"},"_links":{"self":[{"href":"https:\/\/sunmelighting.com\/fr\/wp-json\/wp\/v2\/product\/12440","targetHints":{"allow":["GET"]}}],"collection":[{"href":"https:\/\/sunmelighting.com\/fr\/wp-json\/wp\/v2\/product"}],"about":[{"href":"https:\/\/sunmelighting.com\/fr\/wp-json\/wp\/v2\/types\/product"}],"replies":[{"embeddable":true,"href":"https:\/\/sunmelighting.com\/fr\/wp-json\/wp\/v2\/comments?post=12440"}],"version-history":[{"count":0,"href":"https:\/\/sunmelighting.com\/fr\/wp-json\/wp\/v2\/product\/12440\/revisions"}],"wp:featuredmedia":[{"embeddable":true,"href":"https:\/\/sunmelighting.com\/fr\/wp-json\/wp\/v2\/media\/12441"}],"wp:attachment":[{"href":"https:\/\/sunmelighting.com\/fr\/wp-json\/wp\/v2\/media?parent=12440"}],"wp:term":[{"taxonomy":"product_brand","embeddable":true,"href":"https:\/\/sunmelighting.com\/fr\/wp-json\/wp\/v2\/product_brand?post=12440"},{"taxonomy":"product_cat","embeddable":true,"href":"https:\/\/sunmelighting.com\/fr\/wp-json\/wp\/v2\/product_cat?post=12440"},{"taxonomy":"product_tag","embeddable":true,"href":"https:\/\/sunmelighting.com\/fr\/wp-json\/wp\/v2\/product_tag?post=12440"}],"curies":[{"name":"wp","href":"https:\/\/api.w.org\/{rel}","templated":true}]}}