{"id":12616,"date":"2024-04-11T09:02:02","date_gmt":"2024-04-11T09:02:02","guid":{"rendered":"https:\/\/sunme.top\/?post_type=product&#038;p=12616"},"modified":"2024-08-23T06:27:29","modified_gmt":"2024-08-23T06:27:29","slug":"st5181w","status":"publish","type":"product","link":"https:\/\/sunmelighting.com\/fr\/product\/st5181w\/","title":{"rendered":"DUNK 80 ZOOM PRO \/ 25W \/ In-track"},"content":{"rendered":"<div data-elementor-type=\"wp-post\" data-elementor-id=\"12616\" class=\"elementor elementor-12616\" data-elementor-post-type=\"product\">\n\t\t\t\t<div class=\"wd-negative-gap elementor-element elementor-element-52b2d53 e-flex e-con-boxed e-con e-parent\" data-id=\"52b2d53\" data-element_type=\"container\" data-e-type=\"container\">\n\t\t\t\t\t<div class=\"e-con-inner\">\n\t\t\t\t\t<\/div>\n\t\t\t\t<\/div>\n\t\t\t\t<\/div>","protected":false},"excerpt":{"rendered":"<div class=\"pix-el-text slide-in-container w-100\">\n<div class=\"d-inline-block\">\n<div class=\"pix-el-text slide-in-container w-100\">\n<div class=\"d-inline-block\">\n<div class=\"pix-el-text slide-in-container w-100\">\n<div class=\"d-inline-block\">\n<p class=\"text-black font-weight-bold\"><strong>ST5181W<\/strong><\/p>\n<\/div>\n<\/div>\n<div class=\"wpb_text_column wpb_content_element\">\n<div class=\"wpb_wrapper\">\n<p>Puissance : 25W<br \/>\nCCT : 2700K\/3000K\/3500K\/4000K<br \/>\nBeam angle: Shapeable<br \/>\nCouleur : blanc \/ noir \/ personnalis\u00e9<br \/>\nInstallation : Triphas\u00e9 \/ monophas\u00e9<br \/>\nD\u00e9coupe:\/<\/p>\n<\/div>\n<\/div>\n<\/div>\n<\/div>\n<\/div>\n<\/div>\n<div class=\"wpb_text_column wpb_content_element\">\n<div class=\"wpb_wrapper\">\n<p><img decoding=\"async\" class=\"alignnone size-full wp-image-12545\" src=\"http:\/\/sunmelighting.com\/wp-content\/uploads\/2024\/04\/400X110TRACKLIGHT.png.webp\" alt=\"\" width=\"400\" height=\"110\" srcset=\"https:\/\/sunmelighting.com\/wp-content\/uploads\/2024\/04\/400X110TRACKLIGHT.png.webp 400w, https:\/\/sunmelighting.com\/wp-content\/uploads\/2024\/04\/400X110TRACKLIGHT.png-150x41.webp 150w, https:\/\/sunmelighting.com\/wp-content\/uploads\/2024\/04\/400X110TRACKLIGHT.png-300x83.webp 300w\" sizes=\"(max-width: 400px) 100vw, 400px\" \/><\/p>\n<\/div>\n<\/div>\n<div class=\"pix-heading-el text-left vc_custom_1637563284676\">\n<div>\n<div class=\"slide-in-container\">\n<h3 class=\"text-body-default font-weight-bold heading-text el-title_custom_color mb-12\" data-anim-delay=\"0\">Description du produit<\/h3>\n<\/div>\n<\/div>\n<\/div>\n<div class=\"wpb_text_column wpb_content_element\">\n<div class=\"wpb_wrapper\">\n<ul>\n<li>ADC12 Aluminium moul\u00e9 sous pression avec vis invisible en apparence<br \/>\nOptique interchangeable entre la lentille et le r\u00e9flecteur, efficacit\u00e9 du syst\u00e8me 145lm\/w.<\/li>\n<li>Angle de rayonnement optionnel de 15\u00b0 \u00e0 60\u00b0 .<br \/>\nVertical r\u00e9glable 355\u00b0 \/ Horizontal r\u00e9glable 90\u00b0 .<\/li>\n<li>Ailettes de dissipation thermique par convection pour une meilleure garantie de dur\u00e9e de vie.<\/li>\n<li>Structure unique pour SKD\/assemblage efficace, conforme \u00e0 la norme ZHAGA.<br \/>\nUne version avec zoom personnalis\u00e9 est disponible.<\/li>\n<\/ul>\n<\/div>\n<\/div>","protected":false},"featured_media":12617,"comment_status":"open","ping_status":"closed","template":"","meta":[],"product_brand":[],"product_cat":[263],"product_tag":[],"class_list":{"0":"post-12616","1":"product","2":"type-product","3":"status-publish","4":"has-post-thumbnail","6":"product_cat-dunk-zoom","8":"first","9":"instock","10":"shipping-taxable","11":"product-type-simple"},"_links":{"self":[{"href":"https:\/\/sunmelighting.com\/fr\/wp-json\/wp\/v2\/product\/12616","targetHints":{"allow":["GET"]}}],"collection":[{"href":"https:\/\/sunmelighting.com\/fr\/wp-json\/wp\/v2\/product"}],"about":[{"href":"https:\/\/sunmelighting.com\/fr\/wp-json\/wp\/v2\/types\/product"}],"replies":[{"embeddable":true,"href":"https:\/\/sunmelighting.com\/fr\/wp-json\/wp\/v2\/comments?post=12616"}],"version-history":[{"count":0,"href":"https:\/\/sunmelighting.com\/fr\/wp-json\/wp\/v2\/product\/12616\/revisions"}],"wp:featuredmedia":[{"embeddable":true,"href":"https:\/\/sunmelighting.com\/fr\/wp-json\/wp\/v2\/media\/12617"}],"wp:attachment":[{"href":"https:\/\/sunmelighting.com\/fr\/wp-json\/wp\/v2\/media?parent=12616"}],"wp:term":[{"taxonomy":"product_brand","embeddable":true,"href":"https:\/\/sunmelighting.com\/fr\/wp-json\/wp\/v2\/product_brand?post=12616"},{"taxonomy":"product_cat","embeddable":true,"href":"https:\/\/sunmelighting.com\/fr\/wp-json\/wp\/v2\/product_cat?post=12616"},{"taxonomy":"product_tag","embeddable":true,"href":"https:\/\/sunmelighting.com\/fr\/wp-json\/wp\/v2\/product_tag?post=12616"}],"curies":[{"name":"wp","href":"https:\/\/api.w.org\/{rel}","templated":true}]}}