{"id":17210,"date":"2024-09-06T09:09:48","date_gmt":"2024-09-06T09:09:48","guid":{"rendered":"http:\/\/sunmelighting.com\/?post_type=product&#038;p=17210"},"modified":"2024-09-06T09:30:07","modified_gmt":"2024-09-06T09:30:07","slug":"ss815170r","status":"publish","type":"product","link":"https:\/\/sunmelighting.com\/fr\/product\/ss815170r\/","title":{"rendered":"HELLAS 170R Lumi\u00e8re vers le bas de surface ronde"},"content":{"rendered":"<div data-elementor-type=\"wp-post\" data-elementor-id=\"17210\" class=\"elementor elementor-17210\" data-elementor-post-type=\"product\">\n\t\t\t\t<div class=\"wd-negative-gap elementor-element elementor-element-52b2d53 e-flex e-con-boxed e-con e-parent\" data-id=\"52b2d53\" data-element_type=\"container\" data-e-type=\"container\">\n\t\t\t\t\t<div class=\"e-con-inner\">\n\t\t\t\t\t<\/div>\n\t\t\t\t<\/div>\n\t\t\t\t<\/div>","protected":false},"excerpt":{"rendered":"<div class=\"pix-el-text slide-in-container w-100\">\n<div class=\"d-inline-block\" style=\"text-align: left;\">SS815170R<\/div>\n<\/div>\n<div class=\"wpb_text_column wpb_content_element\" style=\"text-align: left;\">\n<div class=\"wpb_wrapper\">\n<p>Puissance : 32W<br \/>\nD\u00e9coupe : \/<br \/>\nAngle de rayonnement : 24\u00b0\/34\u00b0\/60\u00b0<br \/>\nCCT : 2700K\/3000K\/3500K\/4000K<br \/>\nCouleur : blanc \/ noir \/ personnalis\u00e9<br \/>\nInstallation : Montage en surface<\/p>\n<\/div>\n<\/div>\n<p style=\"text-align: left;\"><img decoding=\"async\" class=\"alignnone size-full wp-image-17170\" src=\"http:\/\/sunmelighting.com\/wp-content\/uploads\/2024\/09\/HELLAS.webp\" alt=\"\" width=\"400\" height=\"110\" srcset=\"https:\/\/sunmelighting.com\/wp-content\/uploads\/2024\/09\/HELLAS.webp 400w, https:\/\/sunmelighting.com\/wp-content\/uploads\/2024\/09\/HELLAS-300x83.webp 300w, https:\/\/sunmelighting.com\/wp-content\/uploads\/2024\/09\/HELLAS-150x41.webp 150w\" sizes=\"(max-width: 400px) 100vw, 400px\" \/><\/p>\n<h3 style=\"text-align: left;\" data-wp-editing=\"1\"><strong>Description du produit<\/strong><\/h3>\n<ul>\n<li style=\"text-align: left;\">R\u00e9flecteur profond pour une meilleure exp\u00e9rience d'\u00e9clairage antireflet.<\/li>\n<li style=\"text-align: left;\">Le dissipateur thermique moul\u00e9 sous pression assure une dissipation thermique suffisante et une longue dur\u00e9e de vie.<\/li>\n<li style=\"text-align: left;\">Consommation \u00e9lectrique de 8W \u00e0 32W maximum en fonction de la taille de l'appareil.<\/li>\n<li style=\"text-align: left;\">CCT 2700K \/ 3000K \/ 4000\/ 6000K disponible, CRI 90 \/ 95 en option.<\/li>\n<\/ul>","protected":false},"featured_media":17172,"comment_status":"open","ping_status":"closed","template":"","meta":[],"product_brand":[],"product_cat":[298],"product_tag":[],"class_list":{"0":"post-17210","1":"product","2":"type-product","3":"status-publish","4":"has-post-thumbnail","6":"product_cat-hellas","8":"first","9":"instock","10":"shipping-taxable","11":"product-type-simple"},"_links":{"self":[{"href":"https:\/\/sunmelighting.com\/fr\/wp-json\/wp\/v2\/product\/17210","targetHints":{"allow":["GET"]}}],"collection":[{"href":"https:\/\/sunmelighting.com\/fr\/wp-json\/wp\/v2\/product"}],"about":[{"href":"https:\/\/sunmelighting.com\/fr\/wp-json\/wp\/v2\/types\/product"}],"replies":[{"embeddable":true,"href":"https:\/\/sunmelighting.com\/fr\/wp-json\/wp\/v2\/comments?post=17210"}],"version-history":[{"count":0,"href":"https:\/\/sunmelighting.com\/fr\/wp-json\/wp\/v2\/product\/17210\/revisions"}],"wp:featuredmedia":[{"embeddable":true,"href":"https:\/\/sunmelighting.com\/fr\/wp-json\/wp\/v2\/media\/17172"}],"wp:attachment":[{"href":"https:\/\/sunmelighting.com\/fr\/wp-json\/wp\/v2\/media?parent=17210"}],"wp:term":[{"taxonomy":"product_brand","embeddable":true,"href":"https:\/\/sunmelighting.com\/fr\/wp-json\/wp\/v2\/product_brand?post=17210"},{"taxonomy":"product_cat","embeddable":true,"href":"https:\/\/sunmelighting.com\/fr\/wp-json\/wp\/v2\/product_cat?post=17210"},{"taxonomy":"product_tag","embeddable":true,"href":"https:\/\/sunmelighting.com\/fr\/wp-json\/wp\/v2\/product_tag?post=17210"}],"curies":[{"name":"wp","href":"https:\/\/api.w.org\/{rel}","templated":true}]}}