{"id":17237,"date":"2024-09-09T01:48:18","date_gmt":"2024-09-09T01:48:18","guid":{"rendered":"http:\/\/sunmelighting.com\/?post_type=product&#038;p=17237"},"modified":"2025-06-23T10:15:17","modified_gmt":"2025-06-23T02:15:17","slug":"sc6082115r-l","status":"publish","type":"product","link":"https:\/\/sunmelighting.com\/fr\/product\/sc6082115r-l\/","title":{"rendered":"Coffre 115 Lentille \/ In &amp; Out"},"content":{"rendered":"<div data-elementor-type=\"wp-post\" data-elementor-id=\"17237\" class=\"elementor elementor-17237\" data-elementor-post-type=\"product\">\n\t\t\t\t<div class=\"wd-negative-gap elementor-element elementor-element-52b2d53 e-flex e-con-boxed e-con e-parent\" data-id=\"52b2d53\" data-element_type=\"container\" data-e-type=\"container\">\n\t\t\t\t\t<div class=\"e-con-inner\">\n\t\t\t\t\t<\/div>\n\t\t\t\t<\/div>\n\t\t\t\t<\/div>","protected":false},"excerpt":{"rendered":"<div class=\"pix-el-text slide-in-container w-100\">\n<div class=\"d-inline-block\" style=\"text-align: left;\">SC6082100R-L<\/div>\n<\/div>\n<div class=\"wpb_text_column wpb_content_element\" style=\"text-align: left;\">\n<div class=\"wpb_wrapper\">\n<p>Puissance : 35W<br \/>\nD\u00e9coupe : \u03a6115-125mm<br \/>\nAngle de rayonnement : 20\u00b0\/24\u00b0\/30\u00b0<br \/>\nCCT : 2700K\/3000K\/3500K\/4000K<br \/>\nCouleur : blanc \/ noir \/ personnalis\u00e9<br \/>\nInstallation : Encastr\u00e9<\/p>\n<\/div>\n<\/div>\n<p style=\"text-align: left;\"><img decoding=\"async\" class=\"alignnone size-full wp-image-17225\" src=\"http:\/\/sunmelighting.com\/wp-content\/uploads\/2024\/09\/Trunk.webp\" alt=\"\" width=\"400\" height=\"110\" srcset=\"https:\/\/sunmelighting.com\/wp-content\/uploads\/2024\/09\/Trunk.webp 400w, https:\/\/sunmelighting.com\/wp-content\/uploads\/2024\/09\/Trunk-300x83.webp 300w, https:\/\/sunmelighting.com\/wp-content\/uploads\/2024\/09\/Trunk-150x41.webp 150w\" sizes=\"(max-width: 400px) 100vw, 400px\" \/><\/p>\n<h3 style=\"text-align: left;\" data-wp-editing=\"1\"><strong>Description du produit<\/strong><\/h3>\n<ul>\n<li style=\"text-align: left;\">Le projecteur Push In et Pull Out, r\u00e9glable sur 355 degr\u00e9s, r\u00e9pond aux exigences d'\u00e9clairage dans toutes les directions.<\/li>\n<li style=\"text-align: left;\">Efficacit\u00e9 du syst\u00e8me jusqu'\u00e0 130Lm\/W @3000K 90RA.<\/li>\n<li style=\"text-align: left;\">Lentille antireflet \/ R\u00e9flecteur en aluminium \/ R\u00e9flecteur Alanod disponibles.<\/li>\n<li style=\"text-align: left;\">Gradation TRIAC \/ 0-10V \/ DALI en option. Une gamme compl\u00e8te d'angles de rayonnement est disponible pour les projets.<\/li>\n<\/ul>","protected":false},"featured_media":17226,"comment_status":"closed","ping_status":"closed","template":"","meta":[],"product_brand":[],"product_cat":[299],"product_tag":[],"class_list":{"0":"post-17237","1":"product","2":"type-product","3":"status-publish","4":"has-post-thumbnail","6":"product_cat-trunk","8":"first","9":"instock","10":"shipping-taxable","11":"product-type-simple"},"_links":{"self":[{"href":"https:\/\/sunmelighting.com\/fr\/wp-json\/wp\/v2\/product\/17237","targetHints":{"allow":["GET"]}}],"collection":[{"href":"https:\/\/sunmelighting.com\/fr\/wp-json\/wp\/v2\/product"}],"about":[{"href":"https:\/\/sunmelighting.com\/fr\/wp-json\/wp\/v2\/types\/product"}],"replies":[{"embeddable":true,"href":"https:\/\/sunmelighting.com\/fr\/wp-json\/wp\/v2\/comments?post=17237"}],"version-history":[{"count":0,"href":"https:\/\/sunmelighting.com\/fr\/wp-json\/wp\/v2\/product\/17237\/revisions"}],"wp:featuredmedia":[{"embeddable":true,"href":"https:\/\/sunmelighting.com\/fr\/wp-json\/wp\/v2\/media\/17226"}],"wp:attachment":[{"href":"https:\/\/sunmelighting.com\/fr\/wp-json\/wp\/v2\/media?parent=17237"}],"wp:term":[{"taxonomy":"product_brand","embeddable":true,"href":"https:\/\/sunmelighting.com\/fr\/wp-json\/wp\/v2\/product_brand?post=17237"},{"taxonomy":"product_cat","embeddable":true,"href":"https:\/\/sunmelighting.com\/fr\/wp-json\/wp\/v2\/product_cat?post=17237"},{"taxonomy":"product_tag","embeddable":true,"href":"https:\/\/sunmelighting.com\/fr\/wp-json\/wp\/v2\/product_tag?post=17237"}],"curies":[{"name":"wp","href":"https:\/\/api.w.org\/{rel}","templated":true}]}}