{"id":11861,"date":"2024-04-08T08:08:07","date_gmt":"2024-04-08T08:08:07","guid":{"rendered":"https:\/\/sunme.top\/?post_type=product&#038;p=11861"},"modified":"2024-08-23T05:53:36","modified_gmt":"2024-08-23T05:53:36","slug":"sd8141215r","status":"publish","type":"product","link":"https:\/\/sunmelighting.com\/hu\/product\/sd8141215r\/","title":{"rendered":"MITO 215 Lefel\u00e9 vil\u00e1g\u00edt\u00f3 l\u00e1mpa Fix \/ s\u00fcllyesztett"},"content":{"rendered":"<div data-elementor-type=\"wp-post\" data-elementor-id=\"11861\" class=\"elementor elementor-11861\" data-elementor-post-type=\"product\">\n\t\t\t\t<div class=\"wd-negative-gap elementor-element elementor-element-52b2d53 e-flex e-con-boxed e-con e-parent\" data-id=\"52b2d53\" data-element_type=\"container\" data-e-type=\"container\">\n\t\t\t\t\t<div class=\"e-con-inner\">\n\t\t\t\t\t<\/div>\n\t\t\t\t<\/div>\n\t\t\t\t<\/div>","protected":false},"excerpt":{"rendered":"<div class=\"pix-el-text slide-in-container w-100\">\n<div class=\"d-inline-block\"><strong>SD8141215R<\/strong><\/div>\n<\/div>\n<div class=\"wpb_text_column wpb_content_element\">\n<div class=\"wpb_wrapper\">\n<p>Teljes\u00edtm\u00e9ny: 30W<br \/>\nKiv\u00e1g\u00e1s: \u03a6215mm<br \/>\nSug\u00e1rz\u00e1si sz\u00f6g: 90\u00b0<br \/>\nCCT: 3000K\/4000K\/6000K<br \/>\nSz\u00edn: Feh\u00e9r \/ Fekete \/ Egyedi<br \/>\nTelep\u00edt\u00e9s: .<\/p>\n<p><img decoding=\"async\" class=\"alignnone size-full wp-image-11839\" src=\"http:\/\/sunmelighting.com\/wp-content\/uploads\/2024\/04\/Mito.webp\" alt=\"\" width=\"400\" height=\"110\" srcset=\"https:\/\/sunmelighting.com\/wp-content\/uploads\/2024\/04\/Mito.webp 400w, https:\/\/sunmelighting.com\/wp-content\/uploads\/2024\/04\/Mito-150x41.webp 150w, https:\/\/sunmelighting.com\/wp-content\/uploads\/2024\/04\/Mito-300x83.webp 300w\" sizes=\"(max-width: 400px) 100vw, 400px\" \/><\/p>\n<\/div>\n<\/div>\n<h3 data-wp-editing=\"1\"><strong>Term\u00e9k le\u00edr\u00e1sa<\/strong><\/h3>\n<ul>\n<li>Klasszikus kialak\u00edt\u00e1s\u00fa, k\u00fcl\u00f6nb\u00f6z\u0151 m\u00e9ret\u0171 reflektorral, k\u00fcl\u00f6nb\u00f6z\u0151 teljes\u00edtm\u00e9ny\u0171 l\u00e1mp\u00e1k 6W-t\u00f3l max. 30W-ig.<\/li>\n<li>A konvekci\u00f3s kialak\u00edt\u00e1s\u00fa, \u00f6ntv\u00e9ny h\u0151elvezet\u0151 biztos\u00edtja a megfelel\u0151 h\u0151elvezet\u00e9st \u00e9s a hossz\u00fa \u00e9lettartamot.<\/li>\n<li>CCT 3000K \/ 4000\/ 6000K el\u00e9rhet\u0151, t\u00e1voli Triac \/ 0-10V \/ DALI dimmel\u00e9s v\u00e1laszthat\u00f3.<\/li>\n<\/ul>","protected":false},"featured_media":11853,"comment_status":"open","ping_status":"closed","template":"","meta":[],"product_brand":[],"product_cat":[138],"product_tag":[],"class_list":{"0":"post-11861","1":"product","2":"type-product","3":"status-publish","4":"has-post-thumbnail","6":"product_cat-mito-series","8":"first","9":"instock","10":"shipping-taxable","11":"product-type-simple"},"_links":{"self":[{"href":"https:\/\/sunmelighting.com\/hu\/wp-json\/wp\/v2\/product\/11861","targetHints":{"allow":["GET"]}}],"collection":[{"href":"https:\/\/sunmelighting.com\/hu\/wp-json\/wp\/v2\/product"}],"about":[{"href":"https:\/\/sunmelighting.com\/hu\/wp-json\/wp\/v2\/types\/product"}],"replies":[{"embeddable":true,"href":"https:\/\/sunmelighting.com\/hu\/wp-json\/wp\/v2\/comments?post=11861"}],"version-history":[{"count":0,"href":"https:\/\/sunmelighting.com\/hu\/wp-json\/wp\/v2\/product\/11861\/revisions"}],"wp:featuredmedia":[{"embeddable":true,"href":"https:\/\/sunmelighting.com\/hu\/wp-json\/wp\/v2\/media\/11853"}],"wp:attachment":[{"href":"https:\/\/sunmelighting.com\/hu\/wp-json\/wp\/v2\/media?parent=11861"}],"wp:term":[{"taxonomy":"product_brand","embeddable":true,"href":"https:\/\/sunmelighting.com\/hu\/wp-json\/wp\/v2\/product_brand?post=11861"},{"taxonomy":"product_cat","embeddable":true,"href":"https:\/\/sunmelighting.com\/hu\/wp-json\/wp\/v2\/product_cat?post=11861"},{"taxonomy":"product_tag","embeddable":true,"href":"https:\/\/sunmelighting.com\/hu\/wp-json\/wp\/v2\/product_tag?post=11861"}],"curies":[{"name":"wp","href":"https:\/\/api.w.org\/{rel}","templated":true}]}}