{"id":11907,"date":"2024-04-08T09:18:54","date_gmt":"2024-04-08T09:18:54","guid":{"rendered":"https:\/\/sunme.top\/?post_type=product&#038;p=11907"},"modified":"2024-08-23T05:58:47","modified_gmt":"2024-08-23T05:58:47","slug":"sd8071120r","status":"publish","type":"product","link":"https:\/\/sunmelighting.com\/hu\/product\/sd8071120r\/","title":{"rendered":"SAW 120 Down Light Fix \/ s\u00fcllyesztett l\u00e1mpa"},"content":{"rendered":"<div data-elementor-type=\"wp-post\" data-elementor-id=\"11907\" class=\"elementor elementor-11907\" data-elementor-post-type=\"product\">\n\t\t\t\t<div class=\"wd-negative-gap elementor-element elementor-element-52b2d53 e-flex e-con-boxed e-con e-parent\" data-id=\"52b2d53\" data-element_type=\"container\" data-e-type=\"container\">\n\t\t\t\t\t<div class=\"e-con-inner\">\n\t\t\t\t\t<\/div>\n\t\t\t\t<\/div>\n\t\t\t\t<\/div>","protected":false},"excerpt":{"rendered":"<div class=\"pix-el-text slide-in-container w-100\">\n<div class=\"d-inline-block\">SD8071120R<\/div>\n<\/div>\n<div class=\"wpb_text_column wpb_content_element\">\n<div class=\"wpb_wrapper\">\n<p>Teljes\u00edtm\u00e9ny: 25W<br \/>\nKiv\u00e1g\u00e1s:\u03a6120mm<br \/>\nSug\u00e1rz\u00e1si sz\u00f6g: 15\u00b0\/30\u00b0\/45\u00b0<br \/>\nCCT: 3000K\/4000K\/6000K<br \/>\nSz\u00edn: Feh\u00e9r \/ Fekete \/ Egyedi<br \/>\nTelep\u00edt\u00e9s: .<\/p>\n<p><img decoding=\"async\" class=\"alignnone size-full wp-image-11886\" src=\"http:\/\/sunmelighting.com\/wp-content\/uploads\/2024\/04\/Saw.webp\" alt=\"\" width=\"400\" height=\"110\" srcset=\"https:\/\/sunmelighting.com\/wp-content\/uploads\/2024\/04\/Saw.webp 400w, https:\/\/sunmelighting.com\/wp-content\/uploads\/2024\/04\/Saw-150x41.webp 150w, https:\/\/sunmelighting.com\/wp-content\/uploads\/2024\/04\/Saw-300x83.webp 300w\" sizes=\"(max-width: 400px) 100vw, 400px\" \/><\/p>\n<\/div>\n<\/div>\n<h3 data-wp-editing=\"1\"><strong>Term\u00e9k le\u00edr\u00e1sa<\/strong><\/h3>\n<ul>\n<li>Klasszikus kialak\u00edt\u00e1s\u00fa, dupla f\u00e9nyvisszaver\u0151vel, t\u00fckr\u00f6z\u0151d\u00e9smentes szerkezet\u0171, puha \u00e9s vizu\u00e1lisan k\u00e9nyelmes f\u00e9nyeket k\u00edn\u00e1l k\u00fcl\u00f6nb\u00f6z\u0151 alkalmaz\u00e1sokhoz, UGR&lt;19.<\/li>\n<li>Energiafogyaszt\u00e1s min. 8W-t\u00f3l max. 55W-ig k\u00fcl\u00f6nb\u00f6z\u0151 m\u00e9retekben. A sug\u00e1rz\u00e1si sz\u00f6g 15 \/ 30 \/ 45 fokos v\u00e1laszthat\u00f3.<\/li>\n<li>CCT 2700K \/ 3000K \/ 4000 \/ 6000K el\u00e9rhet\u0151, CRI 80 \/ 90 opcion\u00e1lis.<\/li>\n<\/ul>","protected":false},"featured_media":11908,"comment_status":"open","ping_status":"closed","template":"","meta":[],"product_brand":[],"product_cat":[140],"product_tag":[],"class_list":{"0":"post-11907","1":"product","2":"type-product","3":"status-publish","4":"has-post-thumbnail","6":"product_cat-saw-series","8":"first","9":"instock","10":"shipping-taxable","11":"product-type-simple"},"_links":{"self":[{"href":"https:\/\/sunmelighting.com\/hu\/wp-json\/wp\/v2\/product\/11907","targetHints":{"allow":["GET"]}}],"collection":[{"href":"https:\/\/sunmelighting.com\/hu\/wp-json\/wp\/v2\/product"}],"about":[{"href":"https:\/\/sunmelighting.com\/hu\/wp-json\/wp\/v2\/types\/product"}],"replies":[{"embeddable":true,"href":"https:\/\/sunmelighting.com\/hu\/wp-json\/wp\/v2\/comments?post=11907"}],"version-history":[{"count":0,"href":"https:\/\/sunmelighting.com\/hu\/wp-json\/wp\/v2\/product\/11907\/revisions"}],"wp:featuredmedia":[{"embeddable":true,"href":"https:\/\/sunmelighting.com\/hu\/wp-json\/wp\/v2\/media\/11908"}],"wp:attachment":[{"href":"https:\/\/sunmelighting.com\/hu\/wp-json\/wp\/v2\/media?parent=11907"}],"wp:term":[{"taxonomy":"product_brand","embeddable":true,"href":"https:\/\/sunmelighting.com\/hu\/wp-json\/wp\/v2\/product_brand?post=11907"},{"taxonomy":"product_cat","embeddable":true,"href":"https:\/\/sunmelighting.com\/hu\/wp-json\/wp\/v2\/product_cat?post=11907"},{"taxonomy":"product_tag","embeddable":true,"href":"https:\/\/sunmelighting.com\/hu\/wp-json\/wp\/v2\/product_tag?post=11907"}],"curies":[{"name":"wp","href":"https:\/\/api.w.org\/{rel}","templated":true}]}}