{"id":11950,"date":"2024-04-09T01:42:50","date_gmt":"2024-04-09T01:42:50","guid":{"rendered":"https:\/\/sunme.top\/?post_type=product&#038;p=11950"},"modified":"2024-08-20T09:45:54","modified_gmt":"2024-08-20T09:45:54","slug":"sd8271165r","status":"publish","type":"product","link":"https:\/\/sunmelighting.com\/hu\/product\/sd8271165r\/","title":{"rendered":"ONUR 165 Down Light"},"content":{"rendered":"<div data-elementor-type=\"wp-post\" data-elementor-id=\"11950\" class=\"elementor elementor-11950\" data-elementor-post-type=\"product\">\n\t\t\t\t<div class=\"wd-negative-gap elementor-element elementor-element-52b2d53 e-flex e-con-boxed e-con e-parent\" data-id=\"52b2d53\" data-element_type=\"container\" data-e-type=\"container\">\n\t\t\t\t\t<div class=\"e-con-inner\">\n\t\t\t\t\t<\/div>\n\t\t\t\t<\/div>\n\t\t\t\t<\/div>","protected":false},"excerpt":{"rendered":"<div class=\"pix-el-text slide-in-container w-100\">\n<div class=\"d-inline-block\">\n<div class=\"pix-el-text slide-in-container w-100\">\n<div class=\"d-inline-block\">\n<p class=\"text-black font-weight-bold\"><strong>SD8271165R<\/strong><\/p>\n<\/div>\n<\/div>\n<\/div>\n<\/div>\n<div class=\"wpb_text_column wpb_content_element\">\n<div class=\"wpb_wrapper\">\n<p>Teljes\u00edtm\u00e9ny: 45W<br \/>\nKiv\u00e1g\u00e1s: \u03a6165mm<br \/>\nSug\u00e1rz\u00e1si sz\u00f6g: 15\u00b0\/24\u00b0\/36\u00b0\/55\u00b0<br \/>\nCCT: 2700K\/3000K\/3500K\/4000K<br \/>\nSz\u00edn: Feh\u00e9r \/ Fekete \/ Egyedi<br \/>\nTelep\u00edt\u00e9s: .<\/p>\n<p><img decoding=\"async\" class=\"alignnone size-full wp-image-15059\" src=\"http:\/\/sunmelighting.com\/wp-content\/uploads\/2024\/04\/ONUR.webp\" alt=\"\" width=\"400\" height=\"110\" srcset=\"https:\/\/sunmelighting.com\/wp-content\/uploads\/2024\/04\/ONUR.webp 400w, https:\/\/sunmelighting.com\/wp-content\/uploads\/2024\/04\/ONUR-150x41.webp 150w, https:\/\/sunmelighting.com\/wp-content\/uploads\/2024\/04\/ONUR-300x83.webp 300w\" sizes=\"(max-width: 400px) 100vw, 400px\" \/><\/p>\n<\/div>\n<\/div>\n<h3 data-wp-editing=\"1\"><strong>Term\u00e9k le\u00edr\u00e1sa<\/strong><\/h3>\n<ul>\n<li>Nagy hat\u00e9konys\u00e1g\u00fa lencse nagyszer\u0171 vak\u00edt\u00e1scs\u00f6kkent\u00e9ssel UGR&lt;19 eset\u00e9n. Az \u00f6ntv\u00e9ny h\u0151elvezet\u0151 biztos\u00edtja a megfelel\u0151 h\u0151elvezet\u00e9st.<\/li>\n<li>Energiafogyaszt\u00e1s 15W-t\u00f3l 45W-ig k\u00fcl\u00f6nb\u00f6z\u0151 m\u00e9retekben.Kerek\/n\u00e9gysz\u00f6gletes, IP20\/IP54.<\/li>\n<li>CCT 2700\/3000\/4000\/6000K el\u00e9rhet\u0151, t\u00e1voli Triac \/ 0-10V \/ DALI dimmel\u00e9s v\u00e1laszthat\u00f3.<\/li>\n<\/ul>","protected":false},"featured_media":11930,"comment_status":"open","ping_status":"closed","template":"","meta":[],"product_brand":[],"product_cat":[141],"product_tag":[],"class_list":{"0":"post-11950","1":"product","2":"type-product","3":"status-publish","4":"has-post-thumbnail","6":"product_cat-onur-series","8":"first","9":"instock","10":"shipping-taxable","11":"product-type-simple"},"_links":{"self":[{"href":"https:\/\/sunmelighting.com\/hu\/wp-json\/wp\/v2\/product\/11950","targetHints":{"allow":["GET"]}}],"collection":[{"href":"https:\/\/sunmelighting.com\/hu\/wp-json\/wp\/v2\/product"}],"about":[{"href":"https:\/\/sunmelighting.com\/hu\/wp-json\/wp\/v2\/types\/product"}],"replies":[{"embeddable":true,"href":"https:\/\/sunmelighting.com\/hu\/wp-json\/wp\/v2\/comments?post=11950"}],"version-history":[{"count":0,"href":"https:\/\/sunmelighting.com\/hu\/wp-json\/wp\/v2\/product\/11950\/revisions"}],"wp:featuredmedia":[{"embeddable":true,"href":"https:\/\/sunmelighting.com\/hu\/wp-json\/wp\/v2\/media\/11930"}],"wp:attachment":[{"href":"https:\/\/sunmelighting.com\/hu\/wp-json\/wp\/v2\/media?parent=11950"}],"wp:term":[{"taxonomy":"product_brand","embeddable":true,"href":"https:\/\/sunmelighting.com\/hu\/wp-json\/wp\/v2\/product_brand?post=11950"},{"taxonomy":"product_cat","embeddable":true,"href":"https:\/\/sunmelighting.com\/hu\/wp-json\/wp\/v2\/product_cat?post=11950"},{"taxonomy":"product_tag","embeddable":true,"href":"https:\/\/sunmelighting.com\/hu\/wp-json\/wp\/v2\/product_tag?post=11950"}],"curies":[{"name":"wp","href":"https:\/\/api.w.org\/{rel}","templated":true}]}}