{"id":12067,"date":"2024-04-09T07:01:02","date_gmt":"2024-04-09T07:01:02","guid":{"rendered":"https:\/\/sunme.top\/?post_type=product&#038;p=12067"},"modified":"2024-08-23T06:20:39","modified_gmt":"2024-08-23T06:20:39","slug":"ss811140r","status":"publish","type":"product","link":"https:\/\/sunmelighting.com\/hu\/product\/ss811140r\/","title":{"rendered":"ORO 140 felsz\u00edni l\u00e1mpa"},"content":{"rendered":"<div data-elementor-type=\"wp-post\" data-elementor-id=\"12067\" class=\"elementor elementor-12067\" data-elementor-post-type=\"product\">\n\t\t\t\t<div class=\"wd-negative-gap elementor-element elementor-element-52b2d53 e-flex e-con-boxed e-con e-parent\" data-id=\"52b2d53\" data-element_type=\"container\" data-e-type=\"container\">\n\t\t\t\t\t<div class=\"e-con-inner\">\n\t\t\t\t\t<\/div>\n\t\t\t\t<\/div>\n\t\t\t\t<\/div>","protected":false},"excerpt":{"rendered":"<div class=\"pix-el-text slide-in-container w-100\">\n<div class=\"d-inline-block\">\n<div class=\"pix-el-text slide-in-container w-100\">\n<div class=\"d-inline-block\">\n<p class=\"text-black font-weight-bold\"><strong>SS811140R<\/strong><\/p>\n<\/div>\n<\/div>\n<\/div>\n<\/div>\n<div class=\"wpb_text_column wpb_content_element\">\n<div class=\"wpb_wrapper\">\n<p>Teljes\u00edtm\u00e9ny: 50W<br \/>\nKiv\u00e1g\u00e1s:\/<br \/>\nSug\u00e1rz\u00e1si sz\u00f6g: 20\u00b0\/40\u00b0<br \/>\nCCT: 2700K\/3000K\/3500K\/4000K<br \/>\nSz\u00edn: Feh\u00e9r \/ Fekete \/ Egyedi<br \/>\nTelep\u00edt\u00e9s: Fel\u00fcletre szerelve<\/p>\n<p><img decoding=\"async\" class=\"alignnone size-full wp-image-15076\" src=\"http:\/\/sunmelighting.com\/wp-content\/uploads\/2024\/04\/ORO.webp\" alt=\"\" width=\"400\" height=\"110\" srcset=\"https:\/\/sunmelighting.com\/wp-content\/uploads\/2024\/04\/ORO.webp 400w, https:\/\/sunmelighting.com\/wp-content\/uploads\/2024\/04\/ORO-300x83.webp 300w, https:\/\/sunmelighting.com\/wp-content\/uploads\/2024\/04\/ORO-150x41.webp 150w\" sizes=\"(max-width: 400px) 100vw, 400px\" \/><\/p>\n<\/div>\n<\/div>\n<h3 data-wp-editing=\"1\"><strong>Term\u00e9k le\u00edr\u00e1sa<\/strong><\/h3>\n<ul>\n<li>M\u00e9ly reflektor a legjobb t\u00fckr\u00f6z\u0151d\u00e9smentes vil\u00e1g\u00edt\u00e1si tapasztalattal.<\/li>\n<li>Az \u00f6nt\u00f6tt h\u0171t\u0151borda megfelel\u0151 h\u0151elvezet\u00e9st \u00e9s hossz\u00fa \u00e9lettartamot biztos\u00edt.<\/li>\n<li>Teljes\u00edtm\u00e9nyfogyaszt\u00e1s 10W-t\u00f3l max. 60W-ig k\u00fcl\u00f6nb\u00f6z\u0151 m\u00e9retekben.<\/li>\n<li>CCT 2700K \/ 3000K \/ 4000 \/ 6000K el\u00e9rhet\u0151, CRI 90 \/ 95 opcion\u00e1lis, IP20 \/ IP54 opcion\u00e1lis.<\/li>\n<\/ul>","protected":false},"featured_media":12043,"comment_status":"open","ping_status":"closed","template":"","meta":[],"product_brand":[],"product_cat":[146],"product_tag":[],"class_list":{"0":"post-12067","1":"product","2":"type-product","3":"status-publish","4":"has-post-thumbnail","6":"product_cat-oro-series","8":"first","9":"instock","10":"shipping-taxable","11":"product-type-simple"},"_links":{"self":[{"href":"https:\/\/sunmelighting.com\/hu\/wp-json\/wp\/v2\/product\/12067","targetHints":{"allow":["GET"]}}],"collection":[{"href":"https:\/\/sunmelighting.com\/hu\/wp-json\/wp\/v2\/product"}],"about":[{"href":"https:\/\/sunmelighting.com\/hu\/wp-json\/wp\/v2\/types\/product"}],"replies":[{"embeddable":true,"href":"https:\/\/sunmelighting.com\/hu\/wp-json\/wp\/v2\/comments?post=12067"}],"version-history":[{"count":0,"href":"https:\/\/sunmelighting.com\/hu\/wp-json\/wp\/v2\/product\/12067\/revisions"}],"wp:featuredmedia":[{"embeddable":true,"href":"https:\/\/sunmelighting.com\/hu\/wp-json\/wp\/v2\/media\/12043"}],"wp:attachment":[{"href":"https:\/\/sunmelighting.com\/hu\/wp-json\/wp\/v2\/media?parent=12067"}],"wp:term":[{"taxonomy":"product_brand","embeddable":true,"href":"https:\/\/sunmelighting.com\/hu\/wp-json\/wp\/v2\/product_brand?post=12067"},{"taxonomy":"product_cat","embeddable":true,"href":"https:\/\/sunmelighting.com\/hu\/wp-json\/wp\/v2\/product_cat?post=12067"},{"taxonomy":"product_tag","embeddable":true,"href":"https:\/\/sunmelighting.com\/hu\/wp-json\/wp\/v2\/product_tag?post=12067"}],"curies":[{"name":"wp","href":"https:\/\/api.w.org\/{rel}","templated":true}]}}