{"id":12080,"date":"2024-04-09T07:16:34","date_gmt":"2024-04-09T07:16:34","guid":{"rendered":"https:\/\/sunme.top\/?post_type=product&#038;p=12080"},"modified":"2024-08-23T06:23:59","modified_gmt":"2024-08-23T06:23:59","slug":"ss805200s","status":"publish","type":"product","link":"https:\/\/sunmelighting.com\/hu\/product\/ss805200s\/","title":{"rendered":"ZUTA \u00c1ll\u00edthat\u00f3 \/ N\u00e9gyzet \/ Fel\u00fclet"},"content":{"rendered":"<div data-elementor-type=\"wp-post\" data-elementor-id=\"12080\" class=\"elementor elementor-12080\" data-elementor-post-type=\"product\">\n\t\t\t\t<div class=\"wd-negative-gap elementor-element elementor-element-52b2d53 e-flex e-con-boxed e-con e-parent\" data-id=\"52b2d53\" data-element_type=\"container\" data-e-type=\"container\">\n\t\t\t\t\t<div class=\"e-con-inner\">\n\t\t\t\t\t<\/div>\n\t\t\t\t<\/div>\n\t\t\t\t<\/div>","protected":false},"excerpt":{"rendered":"<div class=\"pix-el-text slide-in-container w-100\">\n<div class=\"d-inline-block\">\n<div class=\"pix-el-text slide-in-container w-100\">\n<div class=\"d-inline-block\">\n<p class=\"text-black font-weight-bold\">SS805200S<\/p>\n<\/div>\n<\/div>\n<\/div>\n<\/div>\n<div class=\"wpb_text_column wpb_content_element\">\n<div class=\"wpb_wrapper\">\n<p>Teljes\u00edtm\u00e9ny: 2x12W<br \/>\nKiv\u00e1g\u00e1s:\/<br \/>\nSug\u00e1rz\u00e1si sz\u00f6g: 15\u00b0\/24\u00b0\/36\u00b0<br \/>\nCCT: 2700K\/3000K\/3500K\/4000K<br \/>\nSz\u00edn: Feh\u00e9r \/ Fekete \/ Egyedi<br \/>\nTelep\u00edt\u00e9s: Fel\u00fcletre szerelve<\/p>\n<p><img decoding=\"async\" class=\"alignnone size-full wp-image-12073\" src=\"http:\/\/sunmelighting.com\/wp-content\/uploads\/2024\/04\/Zuta.png.webp\" alt=\"\" width=\"400\" height=\"110\" srcset=\"https:\/\/sunmelighting.com\/wp-content\/uploads\/2024\/04\/Zuta.png.webp 400w, https:\/\/sunmelighting.com\/wp-content\/uploads\/2024\/04\/Zuta.png-150x41.webp 150w, https:\/\/sunmelighting.com\/wp-content\/uploads\/2024\/04\/Zuta.png-300x83.webp 300w\" sizes=\"(max-width: 400px) 100vw, 400px\" \/><\/p>\n<\/div>\n<\/div>\n<h3 data-wp-editing=\"1\"><strong>Term\u00e9k le\u00edr\u00e1sa<\/strong><\/h3>\n<ul>\n<li>Fel\u00fcleti lefel\u00e9 ir\u00e1nyul\u00f3 f\u00e9ny az \u00e1ll\u00edthat\u00f3 reflektorban a k\u00fcl\u00f6nb\u00f6z\u0151 ir\u00e1ny\u00fa ig\u00e9nyekhez.<\/li>\n<li>K\u00fcl\u00f6nb\u00f6z\u0151 projektekhez \u00e9s alkalmaz\u00e1sokhoz egy\/k\u00e9t fejjel kaphat\u00f3.<\/li>\n<li>CCT 2700K \/ 3000K \/ 4000 \/ 6000K el\u00e9rhet\u0151, CRI 80 \/ 90 opcion\u00e1lis.<\/li>\n<\/ul>","protected":false},"featured_media":12081,"comment_status":"open","ping_status":"closed","template":"","meta":[],"product_brand":[],"product_cat":[147],"product_tag":[],"class_list":{"0":"post-12080","1":"product","2":"type-product","3":"status-publish","4":"has-post-thumbnail","6":"product_cat-zuta-series","8":"first","9":"instock","10":"shipping-taxable","11":"product-type-simple"},"_links":{"self":[{"href":"https:\/\/sunmelighting.com\/hu\/wp-json\/wp\/v2\/product\/12080","targetHints":{"allow":["GET"]}}],"collection":[{"href":"https:\/\/sunmelighting.com\/hu\/wp-json\/wp\/v2\/product"}],"about":[{"href":"https:\/\/sunmelighting.com\/hu\/wp-json\/wp\/v2\/types\/product"}],"replies":[{"embeddable":true,"href":"https:\/\/sunmelighting.com\/hu\/wp-json\/wp\/v2\/comments?post=12080"}],"version-history":[{"count":0,"href":"https:\/\/sunmelighting.com\/hu\/wp-json\/wp\/v2\/product\/12080\/revisions"}],"wp:featuredmedia":[{"embeddable":true,"href":"https:\/\/sunmelighting.com\/hu\/wp-json\/wp\/v2\/media\/12081"}],"wp:attachment":[{"href":"https:\/\/sunmelighting.com\/hu\/wp-json\/wp\/v2\/media?parent=12080"}],"wp:term":[{"taxonomy":"product_brand","embeddable":true,"href":"https:\/\/sunmelighting.com\/hu\/wp-json\/wp\/v2\/product_brand?post=12080"},{"taxonomy":"product_cat","embeddable":true,"href":"https:\/\/sunmelighting.com\/hu\/wp-json\/wp\/v2\/product_cat?post=12080"},{"taxonomy":"product_tag","embeddable":true,"href":"https:\/\/sunmelighting.com\/hu\/wp-json\/wp\/v2\/product_tag?post=12080"}],"curies":[{"name":"wp","href":"https:\/\/api.w.org\/{rel}","templated":true}]}}