{"id":12448,"date":"2024-04-11T02:56:11","date_gmt":"2024-04-11T02:56:11","guid":{"rendered":"https:\/\/sunme.top\/?post_type=product&#038;p=12448"},"modified":"2024-08-23T06:24:47","modified_gmt":"2024-08-23T06:24:47","slug":"st1501wp","status":"publish","type":"product","link":"https:\/\/sunmelighting.com\/hu\/product\/st1501wp\/","title":{"rendered":"CLIO s\u00ednvil\u00e1g\u00edt\u00e1s\/25W \/ s\u00ednbe \u00e9p\u00edtett l\u00e1mpa"},"content":{"rendered":"<div data-elementor-type=\"wp-post\" data-elementor-id=\"12448\" class=\"elementor elementor-12448\" data-elementor-post-type=\"product\">\n\t\t\t\t<div class=\"wd-negative-gap elementor-element elementor-element-52b2d53 e-flex e-con-boxed e-con e-parent\" data-id=\"52b2d53\" data-element_type=\"container\" data-e-type=\"container\">\n\t\t\t\t\t<div class=\"e-con-inner\">\n\t\t\t\t\t<\/div>\n\t\t\t\t<\/div>\n\t\t\t\t<\/div>","protected":false},"excerpt":{"rendered":"<div class=\"pix-el-text slide-in-container w-100\">\n<div class=\"d-inline-block\">\n<div class=\"pix-el-text slide-in-container w-100\">\n<div class=\"d-inline-block\">\n<div class=\"pix-el-text slide-in-container w-100\">\n<div class=\"d-inline-block\">\n<p class=\"text-black font-weight-bold\"><strong>ST1501WP<\/strong><\/p>\n<\/div>\n<\/div>\n<div class=\"wpb_text_column wpb_content_element\">\n<div class=\"wpb_wrapper\">\n<p>Teljes\u00edtm\u00e9ny: 25W<br \/>\nCCT: 2700K\/3000K\/3500K\/4000K<br \/>\nSug\u00e1rz\u00e1si sz\u00f6g: 30\u00b0\/50\u00b0<br \/>\nSz\u00edn: Feh\u00e9r \/ Fekete \/ Egyedi<br \/>\nTelep\u00edt\u00e9s: f\u00e1zis\u00fa \/ 1 f\u00e1zis\u00fa<br \/>\nKiv\u00e1g\u00e1s:\/<\/p>\n<\/div>\n<\/div>\n<\/div>\n<\/div>\n<\/div>\n<\/div>\n<div class=\"wpb_text_column wpb_content_element\">\n<div class=\"wpb_wrapper\">\n<p><img decoding=\"async\" class=\"alignnone size-full wp-image-12451\" src=\"http:\/\/sunmelighting.com\/wp-content\/uploads\/2024\/04\/CLIO-2.webp\" alt=\"\" width=\"400\" height=\"110\" srcset=\"https:\/\/sunmelighting.com\/wp-content\/uploads\/2024\/04\/CLIO-2.webp 400w, https:\/\/sunmelighting.com\/wp-content\/uploads\/2024\/04\/CLIO-2-150x41.webp 150w, https:\/\/sunmelighting.com\/wp-content\/uploads\/2024\/04\/CLIO-2-300x83.webp 300w\" sizes=\"(max-width: 400px) 100vw, 400px\" \/><\/p>\n<\/div>\n<\/div>\n<div class=\"pix-heading-el text-left vc_custom_1637563284676\">\n<div>\n<div class=\"slide-in-container\">\n<h3 class=\"text-body-default font-weight-bold heading-text el-title_custom_color mb-12\" data-anim-delay=\"0\">Term\u00e9k le\u00edr\u00e1sa<\/h3>\n<\/div>\n<\/div>\n<\/div>\n<div class=\"wpb_text_column wpb_content_element\">\n<div class=\"wpb_wrapper\">\n<ul>\n<li>Az egyedi optikai lencse nemcsak vil\u00e1g\u00edt\u00e1sra, hanem dekor\u00e1ci\u00f3ra is haszn\u00e1lhat\u00f3.<\/li>\n<li>ADC12 \u00d6nt\u00f6tt alum\u00ednium, l\u00e1thatatlan csavaros kialak\u00edt\u00e1ssal.<\/li>\n<li>F\u00fcgg\u0151legesen \u00e1ll\u00edthat\u00f3 355\u00b0 \/ V\u00edzszintesen \u00e1ll\u00edthat\u00f3 90\u00b0 .<\/li>\n<li>Konvekci\u00f3s h\u0151elvezet\u0151 lamell\u00e1k a jobb \u00e9lettartam garant\u00e1l\u00e1sa \u00e9rdek\u00e9ben.<\/li>\n<\/ul>\n<\/div>\n<\/div>","protected":false},"featured_media":12449,"comment_status":"open","ping_status":"closed","template":"","meta":[],"product_brand":[],"product_cat":[130],"product_tag":[],"class_list":{"0":"post-12448","1":"product","2":"type-product","3":"status-publish","4":"has-post-thumbnail","6":"product_cat-clio-series","8":"first","9":"instock","10":"shipping-taxable","11":"product-type-simple"},"_links":{"self":[{"href":"https:\/\/sunmelighting.com\/hu\/wp-json\/wp\/v2\/product\/12448","targetHints":{"allow":["GET"]}}],"collection":[{"href":"https:\/\/sunmelighting.com\/hu\/wp-json\/wp\/v2\/product"}],"about":[{"href":"https:\/\/sunmelighting.com\/hu\/wp-json\/wp\/v2\/types\/product"}],"replies":[{"embeddable":true,"href":"https:\/\/sunmelighting.com\/hu\/wp-json\/wp\/v2\/comments?post=12448"}],"version-history":[{"count":0,"href":"https:\/\/sunmelighting.com\/hu\/wp-json\/wp\/v2\/product\/12448\/revisions"}],"wp:featuredmedia":[{"embeddable":true,"href":"https:\/\/sunmelighting.com\/hu\/wp-json\/wp\/v2\/media\/12449"}],"wp:attachment":[{"href":"https:\/\/sunmelighting.com\/hu\/wp-json\/wp\/v2\/media?parent=12448"}],"wp:term":[{"taxonomy":"product_brand","embeddable":true,"href":"https:\/\/sunmelighting.com\/hu\/wp-json\/wp\/v2\/product_brand?post=12448"},{"taxonomy":"product_cat","embeddable":true,"href":"https:\/\/sunmelighting.com\/hu\/wp-json\/wp\/v2\/product_cat?post=12448"},{"taxonomy":"product_tag","embeddable":true,"href":"https:\/\/sunmelighting.com\/hu\/wp-json\/wp\/v2\/product_tag?post=12448"}],"curies":[{"name":"wp","href":"https:\/\/api.w.org\/{rel}","templated":true}]}}