{"id":12503,"date":"2024-04-11T06:10:53","date_gmt":"2024-04-11T06:10:53","guid":{"rendered":"https:\/\/sunme.top\/?post_type=product&#038;p=12503"},"modified":"2024-08-23T06:26:15","modified_gmt":"2024-08-23T06:26:15","slug":"st5111w","status":"publish","type":"product","link":"https:\/\/sunmelighting.com\/hu\/product\/st5111w\/","title":{"rendered":"DUNK 80 Nagy hat\u00e9konys\u00e1g\u00fa reflektor \/ 30W \/ In-track"},"content":{"rendered":"<div data-elementor-type=\"wp-post\" data-elementor-id=\"12503\" class=\"elementor elementor-12503\" data-elementor-post-type=\"product\">\n\t\t\t\t<div class=\"wd-negative-gap elementor-element elementor-element-52b2d53 e-flex e-con-boxed e-con e-parent\" data-id=\"52b2d53\" data-element_type=\"container\" data-e-type=\"container\">\n\t\t\t\t\t<div class=\"e-con-inner\">\n\t\t\t\t\t<\/div>\n\t\t\t\t<\/div>\n\t\t<div class=\"wd-negative-gap elementor-element elementor-element-8ca5c8c e-flex e-con-boxed e-con e-parent\" data-id=\"8ca5c8c\" data-element_type=\"container\" data-e-type=\"container\">\n\t\t\t\t\t<div class=\"e-con-inner\">\n\t\t\t\t<div class=\"elementor-element elementor-element-c506e86 wd-width-100 elementor-widget elementor-widget-wd_title\" data-id=\"c506e86\" data-element_type=\"widget\" data-e-type=\"widget\" data-widget_type=\"wd_title.default\">\n\t\t\t\t<div class=\"elementor-widget-container\">\n\t\t\t\t\t\t\t<div class=\"title-wrapper wd-set-mb reset-last-child wd-title-color-default wd-title-style-default wd-title-size-default text-left\">\n\n\t\t\t\n\t\t\t<div class=\"liner-continer\">\n\t\t\t\t<h4 class=\"woodmart-title-container title wd-fontsize-l\">Kapcsol\u00f3d\u00f3 tartoz\u00e9kok<\/h4> \n\t\t\t\t\t\t\t<\/div>\n\n\t\t\t\t\t<\/div>\n\t\t\t\t\t\t<\/div>\n\t\t\t\t<\/div>\n\t\t<div class=\"elementor-element elementor-element-0722fe9 e-con-full e-flex e-con e-child\" data-id=\"0722fe9\" data-element_type=\"container\" data-e-type=\"container\">\n\t\t<div class=\"elementor-element elementor-element-a1e084c e-con-full e-flex e-con e-child\" data-id=\"a1e084c\" data-element_type=\"container\" data-e-type=\"container\">\n\t\t\t\t<div class=\"elementor-element elementor-element-e235f48 elementor-position-top elementor-widget elementor-widget-image-box\" data-id=\"e235f48\" data-element_type=\"widget\" data-e-type=\"widget\" data-widget_type=\"image-box.default\">\n\t\t\t\t<div class=\"elementor-widget-container\">\n\t\t\t\t\t<div class=\"elementor-image-box-wrapper\"><figure class=\"elementor-image-box-img\"><img decoding=\"async\" width=\"800\" height=\"800\" src=\"https:\/\/sunmelighting.com\/wp-content\/uploads\/2024\/04\/DUNK-1.webp\" class=\"attachment-full size-full wp-image-16794\" alt=\"\" title=\"\" srcset=\"https:\/\/sunmelighting.com\/wp-content\/uploads\/2024\/04\/DUNK-1.webp 800w, https:\/\/sunmelighting.com\/wp-content\/uploads\/2024\/04\/DUNK-1-300x300.webp 300w, https:\/\/sunmelighting.com\/wp-content\/uploads\/2024\/04\/DUNK-1-150x150.webp 150w, https:\/\/sunmelighting.com\/wp-content\/uploads\/2024\/04\/DUNK-1-768x768.webp 768w, https:\/\/sunmelighting.com\/wp-content\/uploads\/2024\/04\/DUNK-1-600x600.webp 600w\" sizes=\"(max-width: 800px) 100vw, 800px\" \/><\/figure><div class=\"elementor-image-box-content\"><h3 class=\"elementor-image-box-title\">Matt Black<\/h3><\/div><\/div>\t\t\t\t<\/div>\n\t\t\t\t<\/div>\n\t\t\t\t<\/div>\n\t\t<div class=\"elementor-element elementor-element-1406a6a e-con-full e-flex e-con e-child\" data-id=\"1406a6a\" data-element_type=\"container\" data-e-type=\"container\">\n\t\t\t\t<div class=\"elementor-element elementor-element-0efd59f elementor-position-top elementor-widget elementor-widget-image-box\" data-id=\"0efd59f\" data-element_type=\"widget\" data-e-type=\"widget\" data-widget_type=\"image-box.default\">\n\t\t\t\t<div class=\"elementor-widget-container\">\n\t\t\t\t\t<div class=\"elementor-image-box-wrapper\"><figure class=\"elementor-image-box-img\"><img decoding=\"async\" width=\"800\" height=\"800\" src=\"https:\/\/sunmelighting.com\/wp-content\/uploads\/2024\/04\/DUNK-2.webp\" class=\"attachment-full size-full wp-image-16795\" alt=\"\" title=\"\" srcset=\"https:\/\/sunmelighting.com\/wp-content\/uploads\/2024\/04\/DUNK-2.webp 800w, https:\/\/sunmelighting.com\/wp-content\/uploads\/2024\/04\/DUNK-2-300x300.webp 300w, https:\/\/sunmelighting.com\/wp-content\/uploads\/2024\/04\/DUNK-2-150x150.webp 150w, https:\/\/sunmelighting.com\/wp-content\/uploads\/2024\/04\/DUNK-2-768x768.webp 768w, https:\/\/sunmelighting.com\/wp-content\/uploads\/2024\/04\/DUNK-2-600x600.webp 600w\" sizes=\"(max-width: 800px) 100vw, 800px\" \/><\/figure><div class=\"elementor-image-box-content\"><h3 class=\"elementor-image-box-title\">Matt White<\/h3><\/div><\/div>\t\t\t\t<\/div>\n\t\t\t\t<\/div>\n\t\t\t\t<\/div>\n\t\t<div class=\"elementor-element elementor-element-662756f e-con-full e-flex e-con e-child\" data-id=\"662756f\" data-element_type=\"container\" data-e-type=\"container\">\n\t\t\t\t<div class=\"elementor-element elementor-element-2663da9 elementor-position-top elementor-widget elementor-widget-image-box\" data-id=\"2663da9\" data-element_type=\"widget\" data-e-type=\"widget\" data-widget_type=\"image-box.default\">\n\t\t\t\t<div class=\"elementor-widget-container\">\n\t\t\t\t\t<div class=\"elementor-image-box-wrapper\"><figure class=\"elementor-image-box-img\"><img decoding=\"async\" width=\"800\" height=\"800\" src=\"https:\/\/sunmelighting.com\/wp-content\/uploads\/2024\/04\/DUNK-3.webp\" class=\"attachment-full size-full wp-image-16793\" alt=\"\" title=\"\" srcset=\"https:\/\/sunmelighting.com\/wp-content\/uploads\/2024\/04\/DUNK-3.webp 800w, https:\/\/sunmelighting.com\/wp-content\/uploads\/2024\/04\/DUNK-3-300x300.webp 300w, https:\/\/sunmelighting.com\/wp-content\/uploads\/2024\/04\/DUNK-3-150x150.webp 150w, https:\/\/sunmelighting.com\/wp-content\/uploads\/2024\/04\/DUNK-3-768x768.webp 768w, https:\/\/sunmelighting.com\/wp-content\/uploads\/2024\/04\/DUNK-3-600x600.webp 600w\" sizes=\"(max-width: 800px) 100vw, 800px\" \/><\/figure><div class=\"elementor-image-box-content\"><h3 class=\"elementor-image-box-title\">Arany<\/h3><\/div><\/div>\t\t\t\t<\/div>\n\t\t\t\t<\/div>\n\t\t\t\t<\/div>\n\t\t<div class=\"elementor-element elementor-element-b299c1e e-con-full e-flex e-con e-child\" data-id=\"b299c1e\" data-element_type=\"container\" data-e-type=\"container\">\n\t\t\t\t<\/div>\n\t\t\t\t<\/div>\n\t\t\t\t\t<\/div>\n\t\t\t\t<\/div>\n\t\t\t\t<\/div>","protected":false},"excerpt":{"rendered":"<div class=\"pix-el-text slide-in-container w-100\">\n<div class=\"d-inline-block\">\n<div class=\"pix-el-text slide-in-container w-100\">\n<div class=\"d-inline-block\">\n<div class=\"pix-el-text slide-in-container w-100\">\n<div class=\"d-inline-block\">\n<p class=\"text-black font-weight-bold\"><strong>ST5111W<\/strong><\/p>\n<\/div>\n<\/div>\n<div class=\"wpb_text_column wpb_content_element\">\n<div class=\"wpb_wrapper\">\n<p>Teljes\u00edtm\u00e9ny: 30W<br \/>\nCCT: 2700K\/3000K\/3500K\/4000K<br \/>\nSug\u00e1rz\u00e1si sz\u00f6g: 15\u00b0\/24\u00b0\/36\u00b0\/55\u00b0<br \/>\nSz\u00edn: Feh\u00e9r \/ Fekete \/ Egyedi<br \/>\nTelep\u00edt\u00e9s: f\u00e1zis\u00fa \/ 1 f\u00e1zis\u00fa<br \/>\nKiv\u00e1g\u00e1s:\/<\/p>\n<\/div>\n<\/div>\n<\/div>\n<\/div>\n<\/div>\n<\/div>\n<div class=\"wpb_text_column wpb_content_element\">\n<div class=\"wpb_wrapper\">\n<p><img decoding=\"async\" class=\"alignnone size-full wp-image-12497\" src=\"http:\/\/sunmelighting.com\/wp-content\/uploads\/2024\/04\/DUNK.webp\" alt=\"\" width=\"400\" height=\"110\" srcset=\"https:\/\/sunmelighting.com\/wp-content\/uploads\/2024\/04\/DUNK.webp 400w, https:\/\/sunmelighting.com\/wp-content\/uploads\/2024\/04\/DUNK-150x41.webp 150w, https:\/\/sunmelighting.com\/wp-content\/uploads\/2024\/04\/DUNK-300x83.webp 300w\" sizes=\"(max-width: 400px) 100vw, 400px\" \/><\/p>\n<\/div>\n<\/div>\n<div class=\"pix-heading-el text-left vc_custom_1637563284676\">\n<div>\n<div class=\"slide-in-container\">\n<h3 class=\"text-body-default font-weight-bold heading-text el-title_custom_color mb-12\" data-anim-delay=\"0\">Term\u00e9k le\u00edr\u00e1sa<\/h3>\n<\/div>\n<\/div>\n<\/div>\n<div class=\"wpb_text_column wpb_content_element\">\n<div class=\"wpb_wrapper\">\n<ul>\n<li>ADC12 \u00d6nt\u00f6tt alum\u00ednium, l\u00e1thatatlan csavaros kialak\u00edt\u00e1s\u00fa megjelen\u00e9s<\/li>\n<li>Az optika cser\u00e9lhet\u0151 a lencse \u00e9s a reflektor k\u00f6z\u00f6tt, a rendszer hat\u00e9konys\u00e1ga 145lm\/w.<\/li>\n<li>V\u00e1laszthat\u00f3 sug\u00e1rz\u00e1si sz\u00f6g 15\u00b0 \u00e9s 60\u00b0 k\u00f6z\u00f6tt.<\/li>\n<li>F\u00fcgg\u0151legesen \u00e1ll\u00edthat\u00f3 355\u00b0 \/ V\u00edzszintesen \u00e1ll\u00edthat\u00f3 90\u00b0 .<\/li>\n<li>Konvekci\u00f3s h\u0151elvezet\u0151 lamell\u00e1k a jobb \u00e9lettartam garant\u00e1l\u00e1sa \u00e9rdek\u00e9ben.<\/li>\n<li>Egyedi szerkezet az SKD\/hat\u00e9kony \u00f6sszeszerel\u00e9shez, ZHAGA-kompatibilis.<\/li>\n<li>Egyedi zoomol\u00e1s\u00fa verzi\u00f3 el\u00e9rhet\u0151.<\/li>\n<\/ul>\n<\/div>\n<\/div>","protected":false},"featured_media":12504,"comment_status":"open","ping_status":"closed","template":"","meta":[],"product_brand":[],"product_cat":[129],"product_tag":[],"class_list":{"0":"post-12503","1":"product","2":"type-product","3":"status-publish","4":"has-post-thumbnail","6":"product_cat-dunk-series","8":"first","9":"instock","10":"shipping-taxable","11":"product-type-simple"},"_links":{"self":[{"href":"https:\/\/sunmelighting.com\/hu\/wp-json\/wp\/v2\/product\/12503","targetHints":{"allow":["GET"]}}],"collection":[{"href":"https:\/\/sunmelighting.com\/hu\/wp-json\/wp\/v2\/product"}],"about":[{"href":"https:\/\/sunmelighting.com\/hu\/wp-json\/wp\/v2\/types\/product"}],"replies":[{"embeddable":true,"href":"https:\/\/sunmelighting.com\/hu\/wp-json\/wp\/v2\/comments?post=12503"}],"version-history":[{"count":0,"href":"https:\/\/sunmelighting.com\/hu\/wp-json\/wp\/v2\/product\/12503\/revisions"}],"wp:featuredmedia":[{"embeddable":true,"href":"https:\/\/sunmelighting.com\/hu\/wp-json\/wp\/v2\/media\/12504"}],"wp:attachment":[{"href":"https:\/\/sunmelighting.com\/hu\/wp-json\/wp\/v2\/media?parent=12503"}],"wp:term":[{"taxonomy":"product_brand","embeddable":true,"href":"https:\/\/sunmelighting.com\/hu\/wp-json\/wp\/v2\/product_brand?post=12503"},{"taxonomy":"product_cat","embeddable":true,"href":"https:\/\/sunmelighting.com\/hu\/wp-json\/wp\/v2\/product_cat?post=12503"},{"taxonomy":"product_tag","embeddable":true,"href":"https:\/\/sunmelighting.com\/hu\/wp-json\/wp\/v2\/product_tag?post=12503"}],"curies":[{"name":"wp","href":"https:\/\/api.w.org\/{rel}","templated":true}]}}