{"id":12565,"date":"2024-04-11T07:29:37","date_gmt":"2024-04-11T07:29:37","guid":{"rendered":"https:\/\/sunme.top\/?post_type=product&#038;p=12565"},"modified":"2024-08-23T06:29:50","modified_gmt":"2024-08-23T06:29:50","slug":"st3021d","status":"publish","type":"product","link":"https:\/\/sunmelighting.com\/hu\/product\/st3021d\/","title":{"rendered":"TANGO 54 Mini s\u00ednvil\u00e1g\u00edt\u00e1s \/ 8W \/ Be\u00e9p\u00edtett"},"content":{"rendered":"<div data-elementor-type=\"wp-post\" data-elementor-id=\"12565\" class=\"elementor elementor-12565\" data-elementor-post-type=\"product\">\n\t\t\t\t<div class=\"wd-negative-gap elementor-element elementor-element-52b2d53 e-flex e-con-boxed e-con e-parent\" data-id=\"52b2d53\" data-element_type=\"container\" data-e-type=\"container\">\n\t\t\t\t\t<div class=\"e-con-inner\">\n\t\t\t\t\t<\/div>\n\t\t\t\t<\/div>\n\t\t<div class=\"wd-negative-gap elementor-element elementor-element-83612ef e-flex e-con-boxed e-con e-parent\" data-id=\"83612ef\" data-element_type=\"container\" data-e-type=\"container\">\n\t\t\t\t\t<div class=\"e-con-inner\">\n\t\t\t\t<div class=\"elementor-element elementor-element-dc057c4 wd-width-100 elementor-widget elementor-widget-wd_title\" data-id=\"dc057c4\" data-element_type=\"widget\" data-e-type=\"widget\" data-widget_type=\"wd_title.default\">\n\t\t\t\t<div class=\"elementor-widget-container\">\n\t\t\t\t\t\t\t<div class=\"title-wrapper wd-set-mb reset-last-child wd-title-color-default wd-title-style-default wd-title-size-default text-left\">\n\n\t\t\t\n\t\t\t<div class=\"liner-continer\">\n\t\t\t\t<h4 class=\"woodmart-title-container title wd-fontsize-l\">Kapcsol\u00f3d\u00f3 tartoz\u00e9kok<\/h4> \n\t\t\t\t\t\t\t<\/div>\n\n\t\t\t\t\t<\/div>\n\t\t\t\t\t\t<\/div>\n\t\t\t\t<\/div>\n\t\t<div class=\"elementor-element elementor-element-f278995 e-con-full e-flex e-con e-child\" data-id=\"f278995\" data-element_type=\"container\" data-e-type=\"container\">\n\t\t<div class=\"elementor-element elementor-element-ef188d8 e-con-full e-flex e-con e-child\" data-id=\"ef188d8\" data-element_type=\"container\" data-e-type=\"container\">\n\t\t\t\t<div class=\"elementor-element elementor-element-769684d elementor-position-top elementor-widget elementor-widget-image-box\" data-id=\"769684d\" data-element_type=\"widget\" data-e-type=\"widget\" data-widget_type=\"image-box.default\">\n\t\t\t\t<div class=\"elementor-widget-container\">\n\t\t\t\t\t<div class=\"elementor-image-box-wrapper\"><figure class=\"elementor-image-box-img\"><img decoding=\"async\" width=\"800\" height=\"800\" src=\"https:\/\/sunmelighting.com\/wp-content\/uploads\/2024\/04\/TANGO-54-2.webp\" class=\"attachment-full size-full wp-image-16834\" alt=\"\" title=\"\" srcset=\"https:\/\/sunmelighting.com\/wp-content\/uploads\/2024\/04\/TANGO-54-2.webp 800w, https:\/\/sunmelighting.com\/wp-content\/uploads\/2024\/04\/TANGO-54-2-300x300.webp 300w, https:\/\/sunmelighting.com\/wp-content\/uploads\/2024\/04\/TANGO-54-2-150x150.webp 150w, https:\/\/sunmelighting.com\/wp-content\/uploads\/2024\/04\/TANGO-54-2-768x768.webp 768w, https:\/\/sunmelighting.com\/wp-content\/uploads\/2024\/04\/TANGO-54-2-600x600.webp 600w\" sizes=\"(max-width: 800px) 100vw, 800px\" \/><\/figure><div class=\"elementor-image-box-content\"><h3 class=\"elementor-image-box-title\">Matt Black<\/h3><\/div><\/div>\t\t\t\t<\/div>\n\t\t\t\t<\/div>\n\t\t\t\t<\/div>\n\t\t<div class=\"elementor-element elementor-element-6e3557e e-con-full e-flex e-con e-child\" data-id=\"6e3557e\" data-element_type=\"container\" data-e-type=\"container\">\n\t\t\t\t<div class=\"elementor-element elementor-element-f21725d elementor-position-top elementor-widget elementor-widget-image-box\" data-id=\"f21725d\" data-element_type=\"widget\" data-e-type=\"widget\" data-widget_type=\"image-box.default\">\n\t\t\t\t<div class=\"elementor-widget-container\">\n\t\t\t\t\t<div class=\"elementor-image-box-wrapper\"><figure class=\"elementor-image-box-img\"><img decoding=\"async\" width=\"800\" height=\"800\" src=\"https:\/\/sunmelighting.com\/wp-content\/uploads\/2024\/04\/TANGO-54-1.webp\" class=\"attachment-full size-full wp-image-16833\" alt=\"\" title=\"\" srcset=\"https:\/\/sunmelighting.com\/wp-content\/uploads\/2024\/04\/TANGO-54-1.webp 800w, https:\/\/sunmelighting.com\/wp-content\/uploads\/2024\/04\/TANGO-54-1-300x300.webp 300w, https:\/\/sunmelighting.com\/wp-content\/uploads\/2024\/04\/TANGO-54-1-150x150.webp 150w, https:\/\/sunmelighting.com\/wp-content\/uploads\/2024\/04\/TANGO-54-1-768x768.webp 768w, https:\/\/sunmelighting.com\/wp-content\/uploads\/2024\/04\/TANGO-54-1-600x600.webp 600w\" sizes=\"(max-width: 800px) 100vw, 800px\" \/><\/figure><div class=\"elementor-image-box-content\"><h3 class=\"elementor-image-box-title\">Matt White<\/h3><\/div><\/div>\t\t\t\t<\/div>\n\t\t\t\t<\/div>\n\t\t\t\t<\/div>\n\t\t<div class=\"elementor-element elementor-element-5997b58 e-con-full e-flex e-con e-child\" data-id=\"5997b58\" data-element_type=\"container\" data-e-type=\"container\">\n\t\t\t\t<div class=\"elementor-element elementor-element-aa32e20 elementor-position-top elementor-widget elementor-widget-image-box\" data-id=\"aa32e20\" data-element_type=\"widget\" data-e-type=\"widget\" data-widget_type=\"image-box.default\">\n\t\t\t\t<div class=\"elementor-widget-container\">\n\t\t\t\t\t<div class=\"elementor-image-box-wrapper\"><figure class=\"elementor-image-box-img\"><img decoding=\"async\" width=\"800\" height=\"800\" src=\"https:\/\/sunmelighting.com\/wp-content\/uploads\/2024\/04\/TANGO-54-3.webp\" class=\"attachment-full size-full wp-image-16831\" alt=\"\" title=\"\" srcset=\"https:\/\/sunmelighting.com\/wp-content\/uploads\/2024\/04\/TANGO-54-3.webp 800w, https:\/\/sunmelighting.com\/wp-content\/uploads\/2024\/04\/TANGO-54-3-300x300.webp 300w, https:\/\/sunmelighting.com\/wp-content\/uploads\/2024\/04\/TANGO-54-3-150x150.webp 150w, https:\/\/sunmelighting.com\/wp-content\/uploads\/2024\/04\/TANGO-54-3-768x768.webp 768w, https:\/\/sunmelighting.com\/wp-content\/uploads\/2024\/04\/TANGO-54-3-600x600.webp 600w\" sizes=\"(max-width: 800px) 100vw, 800px\" \/><\/figure><div class=\"elementor-image-box-content\"><h3 class=\"elementor-image-box-title\">Arany<\/h3><\/div><\/div>\t\t\t\t<\/div>\n\t\t\t\t<\/div>\n\t\t\t\t<\/div>\n\t\t<div class=\"elementor-element elementor-element-e2c5c02 e-con-full e-flex e-con e-child\" data-id=\"e2c5c02\" data-element_type=\"container\" data-e-type=\"container\">\n\t\t\t\t<div class=\"elementor-element elementor-element-c5b0ef1 elementor-position-top elementor-widget elementor-widget-image-box\" data-id=\"c5b0ef1\" data-element_type=\"widget\" data-e-type=\"widget\" data-widget_type=\"image-box.default\">\n\t\t\t\t<div class=\"elementor-widget-container\">\n\t\t\t\t\t<div class=\"elementor-image-box-wrapper\"><figure class=\"elementor-image-box-img\"><img decoding=\"async\" width=\"800\" height=\"800\" src=\"https:\/\/sunmelighting.com\/wp-content\/uploads\/2024\/04\/TANGO-54-4.webp\" class=\"attachment-full size-full wp-image-16832\" alt=\"\" title=\"\" srcset=\"https:\/\/sunmelighting.com\/wp-content\/uploads\/2024\/04\/TANGO-54-4.webp 800w, https:\/\/sunmelighting.com\/wp-content\/uploads\/2024\/04\/TANGO-54-4-300x300.webp 300w, https:\/\/sunmelighting.com\/wp-content\/uploads\/2024\/04\/TANGO-54-4-150x150.webp 150w, https:\/\/sunmelighting.com\/wp-content\/uploads\/2024\/04\/TANGO-54-4-768x768.webp 768w, https:\/\/sunmelighting.com\/wp-content\/uploads\/2024\/04\/TANGO-54-4-600x600.webp 600w\" sizes=\"(max-width: 800px) 100vw, 800px\" \/><\/figure><div class=\"elementor-image-box-content\"><h3 class=\"elementor-image-box-title\">M\u00e9hsejt alak\u00fa lamell\u00e1k<\/h3><\/div><\/div>\t\t\t\t<\/div>\n\t\t\t\t<\/div>\n\t\t\t\t<\/div>\n\t\t\t\t<\/div>\n\t\t\t\t\t<\/div>\n\t\t\t\t<\/div>\n\t\t\t\t<\/div>","protected":false},"excerpt":{"rendered":"<div class=\"pix-el-text slide-in-container w-100\">\n<div class=\"d-inline-block\">\n<div class=\"pix-el-text slide-in-container w-100\">\n<div class=\"d-inline-block\">\n<div class=\"pix-el-text slide-in-container w-100\">\n<div class=\"d-inline-block\">\n<p class=\"text-black font-weight-bold\"><strong>ST3021D<\/strong><\/p>\n<\/div>\n<\/div>\n<div class=\"wpb_text_column wpb_content_element\">\n<div class=\"wpb_wrapper\">\n<p>Teljes\u00edtm\u00e9ny: 8W<br \/>\nCCT: 2700K\/3000K\/3500K\/4000K<br \/>\nSug\u00e1rz\u00e1si sz\u00f6g: 15\u00b0\/25\u00b0\/45\u00b0\/65\u00b0<br \/>\nSz\u00edn: Feh\u00e9r \/ Fekete \/ Egyedi<br \/>\nTelep\u00edt\u00e9s: f\u00e1zis\u00fa \/ 1 f\u00e1zis\u00fa<br \/>\nKiv\u00e1g\u00e1s:\/<\/p>\n<\/div>\n<\/div>\n<\/div>\n<\/div>\n<\/div>\n<\/div>\n<div class=\"wpb_text_column wpb_content_element\">\n<div class=\"wpb_wrapper\">\n<p><img decoding=\"async\" class=\"alignnone size-full wp-image-12545\" src=\"http:\/\/sunmelighting.com\/wp-content\/uploads\/2024\/04\/400X110TRACKLIGHT.png.webp\" alt=\"\" width=\"400\" height=\"110\" srcset=\"https:\/\/sunmelighting.com\/wp-content\/uploads\/2024\/04\/400X110TRACKLIGHT.png.webp 400w, https:\/\/sunmelighting.com\/wp-content\/uploads\/2024\/04\/400X110TRACKLIGHT.png-150x41.webp 150w, https:\/\/sunmelighting.com\/wp-content\/uploads\/2024\/04\/400X110TRACKLIGHT.png-300x83.webp 300w\" sizes=\"(max-width: 400px) 100vw, 400px\" \/><\/p>\n<\/div>\n<\/div>\n<div class=\"pix-heading-el text-left vc_custom_1637563284676\">\n<div>\n<div class=\"slide-in-container\">\n<h3 class=\"text-body-default font-weight-bold heading-text el-title_custom_color mb-12\" data-anim-delay=\"0\">Term\u00e9k le\u00edr\u00e1sa<\/h3>\n<\/div>\n<\/div>\n<\/div>\n<div class=\"wpb_text_column wpb_content_element\">\n<div class=\"wpb_wrapper\">\n<ul>\n<li>Hengeres \u00e9s apr\u00f3 m\u00e9ret be\u00e9p\u00edtett meghajt\u00f3val, passz\u00edv h\u0171t\u0151rendszer biztos\u00edtja a l\u00e1mpatestek hossz\u00fa \u00e9lettartam\u00e1t.<\/li>\n<li>Cser\u00e9lhet\u0151 lencse \u00e9s bels\u0151 gy\u0171r\u0171k, bar\u00e1ts\u00e1gos a k\u00e9szletgazd\u00e1lkod\u00e1shoz. M\u00e9zh\u00e1l\u00f3s lamella \u00e9s be\u00e9p\u00edtett TRIAC kaphat\u00f3.<\/li>\n<li>Univerz\u00e1lis adapter 3-f\u00e1zis\u00fa \u00e9s 1-f\u00e1zis\u00fa, kompatibilis a vil\u00e1g legt\u00f6bb p\u00e1lyarendszer\u00e9vel. Dim to Warm opcion\u00e1lis.<\/li>\n<\/ul>\n<\/div>\n<\/div>","protected":false},"featured_media":12566,"comment_status":"open","ping_status":"closed","template":"","meta":[],"product_brand":[],"product_cat":[128],"product_tag":[],"class_list":{"0":"post-12565","1":"product","2":"type-product","3":"status-publish","4":"has-post-thumbnail","6":"product_cat-tango-series","8":"first","9":"instock","10":"shipping-taxable","11":"product-type-simple"},"_links":{"self":[{"href":"https:\/\/sunmelighting.com\/hu\/wp-json\/wp\/v2\/product\/12565","targetHints":{"allow":["GET"]}}],"collection":[{"href":"https:\/\/sunmelighting.com\/hu\/wp-json\/wp\/v2\/product"}],"about":[{"href":"https:\/\/sunmelighting.com\/hu\/wp-json\/wp\/v2\/types\/product"}],"replies":[{"embeddable":true,"href":"https:\/\/sunmelighting.com\/hu\/wp-json\/wp\/v2\/comments?post=12565"}],"version-history":[{"count":0,"href":"https:\/\/sunmelighting.com\/hu\/wp-json\/wp\/v2\/product\/12565\/revisions"}],"wp:featuredmedia":[{"embeddable":true,"href":"https:\/\/sunmelighting.com\/hu\/wp-json\/wp\/v2\/media\/12566"}],"wp:attachment":[{"href":"https:\/\/sunmelighting.com\/hu\/wp-json\/wp\/v2\/media?parent=12565"}],"wp:term":[{"taxonomy":"product_brand","embeddable":true,"href":"https:\/\/sunmelighting.com\/hu\/wp-json\/wp\/v2\/product_brand?post=12565"},{"taxonomy":"product_cat","embeddable":true,"href":"https:\/\/sunmelighting.com\/hu\/wp-json\/wp\/v2\/product_cat?post=12565"},{"taxonomy":"product_tag","embeddable":true,"href":"https:\/\/sunmelighting.com\/hu\/wp-json\/wp\/v2\/product_tag?post=12565"}],"curies":[{"name":"wp","href":"https:\/\/api.w.org\/{rel}","templated":true}]}}