{"id":12587,"date":"2024-04-11T08:07:22","date_gmt":"2024-04-11T08:07:22","guid":{"rendered":"https:\/\/sunme.top\/?post_type=product&#038;p=12587"},"modified":"2024-08-23T06:29:33","modified_gmt":"2024-08-23T06:29:33","slug":"st3101","status":"publish","type":"product","link":"https:\/\/sunmelighting.com\/hu\/product\/st3101\/","title":{"rendered":"TANGO 60 s\u00ednl\u00e1mpa \/ 15W \/ Be\u00e9p\u00edtett"},"content":{"rendered":"<div data-elementor-type=\"wp-post\" data-elementor-id=\"12587\" class=\"elementor elementor-12587\" data-elementor-post-type=\"product\">\n\t\t\t\t<div class=\"wd-negative-gap elementor-element elementor-element-52b2d53 e-flex e-con-boxed e-con e-parent\" data-id=\"52b2d53\" data-element_type=\"container\" data-e-type=\"container\">\n\t\t\t\t\t<div class=\"e-con-inner\">\n\t\t\t\t\t<\/div>\n\t\t\t\t<\/div>\n\t\t<div class=\"wd-negative-gap elementor-element elementor-element-fae1846 e-flex e-con-boxed e-con e-parent\" data-id=\"fae1846\" data-element_type=\"container\" data-e-type=\"container\">\n\t\t\t\t\t<div class=\"e-con-inner\">\n\t\t\t\t<div class=\"elementor-element elementor-element-ee582d5 wd-width-100 elementor-widget elementor-widget-wd_title\" data-id=\"ee582d5\" data-element_type=\"widget\" data-e-type=\"widget\" data-widget_type=\"wd_title.default\">\n\t\t\t\t<div class=\"elementor-widget-container\">\n\t\t\t\t\t\t\t<div class=\"title-wrapper wd-set-mb reset-last-child wd-title-color-default wd-title-style-default wd-title-size-default text-left\">\n\n\t\t\t\n\t\t\t<div class=\"liner-continer\">\n\t\t\t\t<h4 class=\"woodmart-title-container title wd-fontsize-l\">Kapcsol\u00f3d\u00f3 tartoz\u00e9kok<\/h4> \n\t\t\t\t\t\t\t<\/div>\n\n\t\t\t\t\t<\/div>\n\t\t\t\t\t\t<\/div>\n\t\t\t\t<\/div>\n\t\t<div class=\"elementor-element elementor-element-be64495 e-con-full e-flex e-con e-child\" data-id=\"be64495\" data-element_type=\"container\" data-e-type=\"container\">\n\t\t<div class=\"elementor-element elementor-element-a2274de e-con-full e-flex e-con e-child\" data-id=\"a2274de\" data-element_type=\"container\" data-e-type=\"container\">\n\t\t\t\t<div class=\"elementor-element elementor-element-633ae6f elementor-position-top elementor-widget elementor-widget-image-box\" data-id=\"633ae6f\" data-element_type=\"widget\" data-e-type=\"widget\" data-widget_type=\"image-box.default\">\n\t\t\t\t<div class=\"elementor-widget-container\">\n\t\t\t\t\t<div class=\"elementor-image-box-wrapper\"><figure class=\"elementor-image-box-img\"><img decoding=\"async\" width=\"800\" height=\"800\" src=\"https:\/\/sunmelighting.com\/wp-content\/uploads\/2024\/04\/TANGO-6068-2.webp\" class=\"attachment-full size-full wp-image-16846\" alt=\"\" title=\"\" srcset=\"https:\/\/sunmelighting.com\/wp-content\/uploads\/2024\/04\/TANGO-6068-2.webp 800w, https:\/\/sunmelighting.com\/wp-content\/uploads\/2024\/04\/TANGO-6068-2-300x300.webp 300w, https:\/\/sunmelighting.com\/wp-content\/uploads\/2024\/04\/TANGO-6068-2-150x150.webp 150w, https:\/\/sunmelighting.com\/wp-content\/uploads\/2024\/04\/TANGO-6068-2-768x768.webp 768w, https:\/\/sunmelighting.com\/wp-content\/uploads\/2024\/04\/TANGO-6068-2-600x600.webp 600w\" sizes=\"(max-width: 800px) 100vw, 800px\" \/><\/figure><div class=\"elementor-image-box-content\"><h3 class=\"elementor-image-box-title\">Matt Black<\/h3><\/div><\/div>\t\t\t\t<\/div>\n\t\t\t\t<\/div>\n\t\t\t\t<\/div>\n\t\t<div class=\"elementor-element elementor-element-3d58d9f e-con-full e-flex e-con e-child\" data-id=\"3d58d9f\" data-element_type=\"container\" data-e-type=\"container\">\n\t\t\t\t<div class=\"elementor-element elementor-element-c008bb3 elementor-position-top elementor-widget elementor-widget-image-box\" data-id=\"c008bb3\" data-element_type=\"widget\" data-e-type=\"widget\" data-widget_type=\"image-box.default\">\n\t\t\t\t<div class=\"elementor-widget-container\">\n\t\t\t\t\t<div class=\"elementor-image-box-wrapper\"><figure class=\"elementor-image-box-img\"><img decoding=\"async\" width=\"800\" height=\"800\" src=\"https:\/\/sunmelighting.com\/wp-content\/uploads\/2024\/04\/TANGO-6068-1.webp\" class=\"attachment-full size-full wp-image-16845\" alt=\"\" title=\"\" srcset=\"https:\/\/sunmelighting.com\/wp-content\/uploads\/2024\/04\/TANGO-6068-1.webp 800w, https:\/\/sunmelighting.com\/wp-content\/uploads\/2024\/04\/TANGO-6068-1-300x300.webp 300w, https:\/\/sunmelighting.com\/wp-content\/uploads\/2024\/04\/TANGO-6068-1-150x150.webp 150w, https:\/\/sunmelighting.com\/wp-content\/uploads\/2024\/04\/TANGO-6068-1-768x768.webp 768w, https:\/\/sunmelighting.com\/wp-content\/uploads\/2024\/04\/TANGO-6068-1-600x600.webp 600w\" sizes=\"(max-width: 800px) 100vw, 800px\" \/><\/figure><div class=\"elementor-image-box-content\"><h3 class=\"elementor-image-box-title\">Matt White<\/h3><\/div><\/div>\t\t\t\t<\/div>\n\t\t\t\t<\/div>\n\t\t\t\t<\/div>\n\t\t<div class=\"elementor-element elementor-element-5291a55 e-con-full e-flex e-con e-child\" data-id=\"5291a55\" data-element_type=\"container\" data-e-type=\"container\">\n\t\t\t\t<div class=\"elementor-element elementor-element-3266ff4 elementor-position-top elementor-widget elementor-widget-image-box\" data-id=\"3266ff4\" data-element_type=\"widget\" data-e-type=\"widget\" data-widget_type=\"image-box.default\">\n\t\t\t\t<div class=\"elementor-widget-container\">\n\t\t\t\t\t<div class=\"elementor-image-box-wrapper\"><figure class=\"elementor-image-box-img\"><img decoding=\"async\" width=\"800\" height=\"800\" src=\"https:\/\/sunmelighting.com\/wp-content\/uploads\/2024\/04\/TANGO-6068-3.webp\" class=\"attachment-full size-full wp-image-16847\" alt=\"\" title=\"\" srcset=\"https:\/\/sunmelighting.com\/wp-content\/uploads\/2024\/04\/TANGO-6068-3.webp 800w, https:\/\/sunmelighting.com\/wp-content\/uploads\/2024\/04\/TANGO-6068-3-300x300.webp 300w, https:\/\/sunmelighting.com\/wp-content\/uploads\/2024\/04\/TANGO-6068-3-150x150.webp 150w, https:\/\/sunmelighting.com\/wp-content\/uploads\/2024\/04\/TANGO-6068-3-768x768.webp 768w, https:\/\/sunmelighting.com\/wp-content\/uploads\/2024\/04\/TANGO-6068-3-600x600.webp 600w\" sizes=\"(max-width: 800px) 100vw, 800px\" \/><\/figure><div class=\"elementor-image-box-content\"><h3 class=\"elementor-image-box-title\">Arany<\/h3><\/div><\/div>\t\t\t\t<\/div>\n\t\t\t\t<\/div>\n\t\t\t\t<\/div>\n\t\t<div class=\"elementor-element elementor-element-36eebea e-con-full e-flex e-con e-child\" data-id=\"36eebea\" data-element_type=\"container\" data-e-type=\"container\">\n\t\t\t\t<div class=\"elementor-element elementor-element-e95241d elementor-position-top elementor-widget elementor-widget-image-box\" data-id=\"e95241d\" data-element_type=\"widget\" data-e-type=\"widget\" data-widget_type=\"image-box.default\">\n\t\t\t\t<div class=\"elementor-widget-container\">\n\t\t\t\t\t<div class=\"elementor-image-box-wrapper\"><figure class=\"elementor-image-box-img\"><img decoding=\"async\" width=\"800\" height=\"800\" src=\"https:\/\/sunmelighting.com\/wp-content\/uploads\/2024\/04\/TANGO-6068-4.webp\" class=\"attachment-full size-full wp-image-16844\" alt=\"\" title=\"\" srcset=\"https:\/\/sunmelighting.com\/wp-content\/uploads\/2024\/04\/TANGO-6068-4.webp 800w, https:\/\/sunmelighting.com\/wp-content\/uploads\/2024\/04\/TANGO-6068-4-300x300.webp 300w, https:\/\/sunmelighting.com\/wp-content\/uploads\/2024\/04\/TANGO-6068-4-150x150.webp 150w, https:\/\/sunmelighting.com\/wp-content\/uploads\/2024\/04\/TANGO-6068-4-768x768.webp 768w, https:\/\/sunmelighting.com\/wp-content\/uploads\/2024\/04\/TANGO-6068-4-600x600.webp 600w\" sizes=\"(max-width: 800px) 100vw, 800px\" \/><\/figure><div class=\"elementor-image-box-content\"><h3 class=\"elementor-image-box-title\">M\u00e9hsejt alak\u00fa lamell\u00e1k<\/h3><\/div><\/div>\t\t\t\t<\/div>\n\t\t\t\t<\/div>\n\t\t\t\t<\/div>\n\t\t\t\t<\/div>\n\t\t\t\t\t<\/div>\n\t\t\t\t<\/div>\n\t\t\t\t<\/div>","protected":false},"excerpt":{"rendered":"<div class=\"pix-el-text slide-in-container w-100\">\n<div class=\"d-inline-block\">\n<div class=\"pix-el-text slide-in-container w-100\">\n<div class=\"d-inline-block\">\n<div class=\"pix-el-text slide-in-container w-100\">\n<div class=\"d-inline-block\">\n<p class=\"text-black font-weight-bold\"><strong>ST3101<\/strong><\/p>\n<\/div>\n<\/div>\n<div class=\"wpb_text_column wpb_content_element\">\n<div class=\"wpb_wrapper\">\n<p>Teljes\u00edtm\u00e9ny: 15W<br \/>\nCCT: 2700K\/3000K\/3500K\/4000K<br \/>\nSug\u00e1rz\u00e1si sz\u00f6g: 15\u00b0\/24\u00b0\/36\u00b0\/55\u00b0<br \/>\nSz\u00edn: Feh\u00e9r \/ Fekete \/ Egyedi<br \/>\nTelep\u00edt\u00e9s: f\u00e1zis\u00fa \/ 1 f\u00e1zis\u00fa<br \/>\nKiv\u00e1g\u00e1s:\/<\/p>\n<\/div>\n<\/div>\n<\/div>\n<\/div>\n<\/div>\n<\/div>\n<div class=\"wpb_text_column wpb_content_element\">\n<div class=\"wpb_wrapper\">\n<p><img decoding=\"async\" class=\"alignnone size-full wp-image-12545\" src=\"http:\/\/sunmelighting.com\/wp-content\/uploads\/2024\/04\/400X110TRACKLIGHT.png.webp\" alt=\"\" width=\"400\" height=\"110\" srcset=\"https:\/\/sunmelighting.com\/wp-content\/uploads\/2024\/04\/400X110TRACKLIGHT.png.webp 400w, https:\/\/sunmelighting.com\/wp-content\/uploads\/2024\/04\/400X110TRACKLIGHT.png-150x41.webp 150w, https:\/\/sunmelighting.com\/wp-content\/uploads\/2024\/04\/400X110TRACKLIGHT.png-300x83.webp 300w\" sizes=\"(max-width: 400px) 100vw, 400px\" \/><\/p>\n<\/div>\n<\/div>\n<div class=\"pix-heading-el text-left vc_custom_1637563284676\">\n<div>\n<div class=\"slide-in-container\">\n<h3 class=\"text-body-default font-weight-bold heading-text el-title_custom_color mb-12\" data-anim-delay=\"0\">Term\u00e9k le\u00edr\u00e1sa<\/h3>\n<\/div>\n<\/div>\n<\/div>\n<div class=\"wpb_text_column wpb_content_element\">\n<div class=\"wpb_wrapper\">\n<ul>\n<li>Hengeres \u00e9s \u00e1ramvonalas kialak\u00edt\u00e1s be\u00e9p\u00edtett meghajt\u00f3val, passz\u00edv h\u0171t\u0151rendszer biztos\u00edtja a l\u00e1mpatestek hossz\u00fa \u00e9lettartam\u00e1t.<\/li>\n<li>3-f\u00e1zis\u00fa \u00e9s 1-f\u00e1zis\u00fa adapter v\u00e1laszthat\u00f3. V\u00edzszintesen 0-355\u00b0-ig \u00e1ll\u00edthat\u00f3, f\u00fcgg\u0151legesen 0-90\u00b0-ig d\u00f6nthet\u0151. CE\/RoHS-megfelel\u0151.<\/li>\n<li>A m\u00e9ly t\u00fckr\u00f6z\u0151d\u00e9sg\u00e1tl\u00f3 szerkezet puha \u00e9s vizu\u00e1lis k\u00e9nyelmet ny\u00fajt\u00f3 f\u00e9nyek k\u00fcl\u00f6nb\u00f6z\u0151 alkalmaz\u00e1sokhoz, UGR&lt;17.<\/li>\n<\/ul>\n<\/div>\n<\/div>","protected":false},"featured_media":12588,"comment_status":"open","ping_status":"closed","template":"","meta":[],"product_brand":[],"product_cat":[128],"product_tag":[],"class_list":{"0":"post-12587","1":"product","2":"type-product","3":"status-publish","4":"has-post-thumbnail","6":"product_cat-tango-series","8":"first","9":"instock","10":"shipping-taxable","11":"product-type-simple"},"_links":{"self":[{"href":"https:\/\/sunmelighting.com\/hu\/wp-json\/wp\/v2\/product\/12587","targetHints":{"allow":["GET"]}}],"collection":[{"href":"https:\/\/sunmelighting.com\/hu\/wp-json\/wp\/v2\/product"}],"about":[{"href":"https:\/\/sunmelighting.com\/hu\/wp-json\/wp\/v2\/types\/product"}],"replies":[{"embeddable":true,"href":"https:\/\/sunmelighting.com\/hu\/wp-json\/wp\/v2\/comments?post=12587"}],"version-history":[{"count":0,"href":"https:\/\/sunmelighting.com\/hu\/wp-json\/wp\/v2\/product\/12587\/revisions"}],"wp:featuredmedia":[{"embeddable":true,"href":"https:\/\/sunmelighting.com\/hu\/wp-json\/wp\/v2\/media\/12588"}],"wp:attachment":[{"href":"https:\/\/sunmelighting.com\/hu\/wp-json\/wp\/v2\/media?parent=12587"}],"wp:term":[{"taxonomy":"product_brand","embeddable":true,"href":"https:\/\/sunmelighting.com\/hu\/wp-json\/wp\/v2\/product_brand?post=12587"},{"taxonomy":"product_cat","embeddable":true,"href":"https:\/\/sunmelighting.com\/hu\/wp-json\/wp\/v2\/product_cat?post=12587"},{"taxonomy":"product_tag","embeddable":true,"href":"https:\/\/sunmelighting.com\/hu\/wp-json\/wp\/v2\/product_tag?post=12587"}],"curies":[{"name":"wp","href":"https:\/\/api.w.org\/{rel}","templated":true}]}}