{"id":14443,"date":"2024-05-13T02:56:45","date_gmt":"2024-05-13T02:56:45","guid":{"rendered":"https:\/\/sunme.top\/?post_type=product&#038;p=14443"},"modified":"2024-07-29T09:31:59","modified_gmt":"2024-07-29T09:31:59","slug":"sd043068rl-2","status":"publish","type":"product","link":"https:\/\/sunmelighting.com\/hu\/product\/sd043068rl-2\/","title":{"rendered":"LETGO 68 fali mos\u00f3 Fix \/ szeg\u00e9ly n\u00e9lk\u00fcli"},"content":{"rendered":"<div data-elementor-type=\"wp-post\" data-elementor-id=\"14443\" class=\"elementor elementor-14443\" data-elementor-post-type=\"product\">\n\t\t\t\t<div class=\"wd-negative-gap elementor-element elementor-element-52b2d53 e-flex e-con-boxed e-con e-parent\" data-id=\"52b2d53\" data-element_type=\"container\" data-e-type=\"container\">\n\t\t\t\t\t<div class=\"e-con-inner\">\n\t\t\t\t\t<\/div>\n\t\t\t\t<\/div>\n\t\t\t\t<\/div>","protected":false},"excerpt":{"rendered":"<div class=\"pix-el-text slide-in-container w-100\">\n<div class=\"d-inline-block\">SD043068RL<\/div>\n<\/div>\n<div class=\"wpb_text_column wpb_content_element\">\n<div class=\"wpb_wrapper\">\n<p>Teljes\u00edtm\u00e9ny: 15W<br \/>\nKiv\u00e1g\u00e1s: \u03a668mm<br \/>\nSug\u00e1rsz\u00f6g: Wall Wash<br \/>\nCCT: 2700K\/3000K\/3500K\/4000K<br \/>\nSz\u00edn: Feh\u00e9r \/ Fekete \/ Egyedi<br \/>\nTelep\u00edt\u00e9s: .<\/p>\n<p data-wp-editing=\"1\"><img decoding=\"async\" class=\"alignnone wp-image-14380 size-full\" src=\"http:\/\/sunmelighting.com\/wp-content\/uploads\/2024\/05\/400X110-LETGO-DOWNLIGHT.png.webp\" alt=\"\" width=\"400\" height=\"110\" srcset=\"https:\/\/sunmelighting.com\/wp-content\/uploads\/2024\/05\/400X110-LETGO-DOWNLIGHT.png.webp 400w, https:\/\/sunmelighting.com\/wp-content\/uploads\/2024\/05\/400X110-LETGO-DOWNLIGHT.png-150x41.webp 150w, https:\/\/sunmelighting.com\/wp-content\/uploads\/2024\/05\/400X110-LETGO-DOWNLIGHT.png-300x83.webp 300w\" sizes=\"(max-width: 400px) 100vw, 400px\" \/><\/p>\n<\/div>\n<\/div>\n<h3 data-wp-editing=\"1\"><strong>Term\u00e9k le\u00edr\u00e1sa<\/strong><\/h3>\n<ul>\n<li>A konvekci\u00f3s passz\u00edv h\u0171t\u0151motor biztos\u00edtja a l\u00e1mpatestek hossz\u00fa \u00e9lettartam\u00e1t.<\/li>\n<li>A falhoz k\u00e9pest az ide\u00e1lis t\u00e1vols\u00e1g (a) a szobamagass\u00e1g (h) egyharmada. .<br \/>\nElrendez\u00e9s: h = (3-4) x a<\/li>\n<li>J\u00f3 \u00e9s egyenletes v\u00edzszintes megvil\u00e1g\u00edt\u00e1s\u00fa falmos\u00f3k eset\u00e9n a kett\u0151s f\u00f3kusz\u00fa falmos\u00f3k t\u00e1vols\u00e1ga (d) a falt\u00f3l val\u00f3 eltol\u00e1s (a) ak\u00e1r 1,0-szorosa is lehet.<br \/>\nElrendez\u00e9s: d \u2264 a x (0,5-1,0)<\/li>\n<\/ul>","protected":false},"featured_media":14445,"comment_status":"open","ping_status":"closed","template":"","meta":[],"product_brand":[],"product_cat":[256],"product_tag":[],"class_list":{"0":"post-14443","1":"product","2":"type-product","3":"status-publish","4":"has-post-thumbnail","6":"product_cat-letgo-wall-wash","8":"first","9":"instock","10":"shipping-taxable","11":"product-type-simple"},"_links":{"self":[{"href":"https:\/\/sunmelighting.com\/hu\/wp-json\/wp\/v2\/product\/14443","targetHints":{"allow":["GET"]}}],"collection":[{"href":"https:\/\/sunmelighting.com\/hu\/wp-json\/wp\/v2\/product"}],"about":[{"href":"https:\/\/sunmelighting.com\/hu\/wp-json\/wp\/v2\/types\/product"}],"replies":[{"embeddable":true,"href":"https:\/\/sunmelighting.com\/hu\/wp-json\/wp\/v2\/comments?post=14443"}],"version-history":[{"count":0,"href":"https:\/\/sunmelighting.com\/hu\/wp-json\/wp\/v2\/product\/14443\/revisions"}],"wp:featuredmedia":[{"embeddable":true,"href":"https:\/\/sunmelighting.com\/hu\/wp-json\/wp\/v2\/media\/14445"}],"wp:attachment":[{"href":"https:\/\/sunmelighting.com\/hu\/wp-json\/wp\/v2\/media?parent=14443"}],"wp:term":[{"taxonomy":"product_brand","embeddable":true,"href":"https:\/\/sunmelighting.com\/hu\/wp-json\/wp\/v2\/product_brand?post=14443"},{"taxonomy":"product_cat","embeddable":true,"href":"https:\/\/sunmelighting.com\/hu\/wp-json\/wp\/v2\/product_cat?post=14443"},{"taxonomy":"product_tag","embeddable":true,"href":"https:\/\/sunmelighting.com\/hu\/wp-json\/wp\/v2\/product_tag?post=14443"}],"curies":[{"name":"wp","href":"https:\/\/api.w.org\/{rel}","templated":true}]}}