{"id":14480,"date":"2024-05-13T07:07:30","date_gmt":"2024-05-13T07:07:30","guid":{"rendered":"http:\/\/sunmelighting.com\/?post_type=product&#038;p=14480"},"modified":"2024-08-22T02:37:01","modified_gmt":"2024-08-22T02:37:01","slug":"sd011030hr-s","status":"publish","type":"product","link":"https:\/\/sunmelighting.com\/hu\/product\/sd011030hr-s\/","title":{"rendered":"SARA 30 3W SMD fix \/ M\u00e9ly Anti-Galre"},"content":{"rendered":"<div data-elementor-type=\"wp-post\" data-elementor-id=\"14480\" class=\"elementor elementor-14480\" data-elementor-post-type=\"product\">\n\t\t\t\t<div class=\"wd-negative-gap elementor-element elementor-element-52b2d53 e-flex e-con-boxed e-con e-parent\" data-id=\"52b2d53\" data-element_type=\"container\" data-e-type=\"container\">\n\t\t\t\t\t<div class=\"e-con-inner\">\n\t\t\t\t\t<\/div>\n\t\t\t\t<\/div>\n\t\t\t\t<\/div>","protected":false},"excerpt":{"rendered":"<div class=\"pix-el-text slide-in-container w-100\">\n<div class=\"d-inline-block\">SD011030HR-S<\/div>\n<\/div>\n<div class=\"wpb_text_column wpb_content_element\">\n<div class=\"wpb_wrapper\">\n<p>Teljes\u00edtm\u00e9ny: 3W<br \/>\nKiv\u00e1g\u00e1s: \u03a630mm<br \/>\nSug\u00e1rz\u00e1si sz\u00f6g: 15\u00b0\/24\u00b0\/36\u00b0<br \/>\nCCT: 2700K\/3000K\/3500K\/4000K<br \/>\nSz\u00edn: Feh\u00e9r \/ Fekete \/ Egyedi<br \/>\nTelep\u00edt\u00e9s: .<\/p>\n<p data-wp-editing=\"1\"><img decoding=\"async\" class=\"alignnone size-full wp-image-14478\" src=\"http:\/\/sunmelighting.com\/wp-content\/uploads\/2024\/05\/SARA-SMD.webp\" alt=\"\" width=\"400\" height=\"110\" srcset=\"https:\/\/sunmelighting.com\/wp-content\/uploads\/2024\/05\/SARA-SMD.webp 400w, https:\/\/sunmelighting.com\/wp-content\/uploads\/2024\/05\/SARA-SMD-150x41.webp 150w, https:\/\/sunmelighting.com\/wp-content\/uploads\/2024\/05\/SARA-SMD-300x83.webp 300w\" sizes=\"(max-width: 400px) 100vw, 400px\" \/><\/p>\n<\/div>\n<\/div>\n<h3 data-wp-editing=\"1\"><strong>Term\u00e9k le\u00edr\u00e1sa<\/strong><\/h3>\n<ul>\n<li>Mini m\u00e9ret keskeny mennyezethez, kis m\u00e9ret \u00e9s nagy teljes\u00edtm\u00e9ny.<\/li>\n<li>Szersz\u00e1mmentes h\u0171t\u0151borda modul hozz\u00e1ad\u00e1sa a teljes\u00edtm\u00e9ny n\u00f6vel\u00e9s\u00e9hez.<\/li>\n<li>SMD \u00e9s COB v\u00e1ltozat is rendelkez\u00e9sre \u00e1ll, kiv\u00e1l\u00f3 sz\u00ednkonzisztencia ( 2SDCM ).<\/li>\n<li>M\u00e9ly t\u00fckr\u00f6z\u0151d\u00e9sg\u00e1tl\u00f3 kialak\u00edt\u00e1s, k\u00fcl\u00f6nb\u00f6z\u0151 sz\u00edn\u0171 t\u00fckr\u00f6z\u0151d\u00e9sg\u00e1tl\u00f3 gy\u0171r\u0171k v\u00e1laszthat\u00f3ak.<\/li>\n<li>A vak\u00edt\u00e1sg\u00e1tl\u00f3 gy\u0171r\u0171k \u00e9s a lencse szersz\u00e1mmentes cser\u00e9je, IP54-es v\u00e9detts\u00e9g\u0171 opcion\u00e1lis.<\/li>\n<li>Fix \u00e9s \u00e1ll\u00edthat\u00f3 v\u00e1ltozat is rendelkez\u00e9sre \u00e1ll.<\/li>\n<\/ul>","protected":false},"featured_media":14482,"comment_status":"open","ping_status":"closed","template":"","meta":[],"product_brand":[],"product_cat":[257],"product_tag":[],"class_list":{"0":"post-14480","1":"product","2":"type-product","3":"status-publish","4":"has-post-thumbnail","6":"product_cat-sara-series","8":"first","9":"instock","10":"shipping-taxable","11":"product-type-simple"},"_links":{"self":[{"href":"https:\/\/sunmelighting.com\/hu\/wp-json\/wp\/v2\/product\/14480","targetHints":{"allow":["GET"]}}],"collection":[{"href":"https:\/\/sunmelighting.com\/hu\/wp-json\/wp\/v2\/product"}],"about":[{"href":"https:\/\/sunmelighting.com\/hu\/wp-json\/wp\/v2\/types\/product"}],"replies":[{"embeddable":true,"href":"https:\/\/sunmelighting.com\/hu\/wp-json\/wp\/v2\/comments?post=14480"}],"version-history":[{"count":0,"href":"https:\/\/sunmelighting.com\/hu\/wp-json\/wp\/v2\/product\/14480\/revisions"}],"wp:featuredmedia":[{"embeddable":true,"href":"https:\/\/sunmelighting.com\/hu\/wp-json\/wp\/v2\/media\/14482"}],"wp:attachment":[{"href":"https:\/\/sunmelighting.com\/hu\/wp-json\/wp\/v2\/media?parent=14480"}],"wp:term":[{"taxonomy":"product_brand","embeddable":true,"href":"https:\/\/sunmelighting.com\/hu\/wp-json\/wp\/v2\/product_brand?post=14480"},{"taxonomy":"product_cat","embeddable":true,"href":"https:\/\/sunmelighting.com\/hu\/wp-json\/wp\/v2\/product_cat?post=14480"},{"taxonomy":"product_tag","embeddable":true,"href":"https:\/\/sunmelighting.com\/hu\/wp-json\/wp\/v2\/product_tag?post=14480"}],"curies":[{"name":"wp","href":"https:\/\/api.w.org\/{rel}","templated":true}]}}