{"id":15294,"date":"2024-05-17T07:53:04","date_gmt":"2024-05-17T07:53:04","guid":{"rendered":"http:\/\/sunmelighting.com\/?post_type=product&#038;p=15294"},"modified":"2024-08-22T01:37:26","modified_gmt":"2024-08-22T01:37:26","slug":"st6141w","status":"publish","type":"product","link":"https:\/\/sunmelighting.com\/hu\/product\/st6141w\/","title":{"rendered":"LINEAR L33 matt diff\u00fazor v\u00e1ltozat"},"content":{"rendered":"<div data-elementor-type=\"wp-post\" data-elementor-id=\"15294\" class=\"elementor elementor-15294\" data-elementor-post-type=\"product\">\n\t\t\t\t<div class=\"wd-negative-gap elementor-element elementor-element-52b2d53 e-flex e-con-boxed e-con e-parent\" data-id=\"52b2d53\" data-element_type=\"container\" data-e-type=\"container\">\n\t\t\t\t\t<div class=\"e-con-inner\">\n\t\t\t\t\t<\/div>\n\t\t\t\t<\/div>\n\t\t\t\t<\/div>","protected":false},"excerpt":{"rendered":"<div class=\"pix-el-text slide-in-container w-100\">\n<div class=\"d-inline-block\">ST6141W<\/div>\n<\/div>\n<div class=\"wpb_text_column wpb_content_element\">\n<div class=\"wpb_wrapper\">\n<p>Teljes\u00edtm\u00e9ny: 20W\/30W<br \/>\nKiv\u00e1g\u00e1s: \/<br \/>\nSug\u00e1rz\u00e1si sz\u00f6g: 90\u00b0<br \/>\nCCT: 2700K\/3000K\/4000K\/5000K\/6500K<br \/>\nSz\u00edn: Feh\u00e9r \/ Fekete \/ Egyedi<br \/>\nTelep\u00edt\u00e9s: f\u00e1zis\u00fa \/ 1 f\u00e1zis\u00fa<\/p>\n<p data-wp-editing=\"1\"><img decoding=\"async\" class=\"alignnone size-full wp-image-15287\" src=\"http:\/\/sunmelighting.com\/wp-content\/uploads\/2024\/05\/LINEAR.webp\" alt=\"\" width=\"400\" height=\"110\" srcset=\"https:\/\/sunmelighting.com\/wp-content\/uploads\/2024\/05\/LINEAR.webp 400w, https:\/\/sunmelighting.com\/wp-content\/uploads\/2024\/05\/LINEAR-300x83.webp 300w, https:\/\/sunmelighting.com\/wp-content\/uploads\/2024\/05\/LINEAR-150x41.webp 150w\" sizes=\"(max-width: 400px) 100vw, 400px\" \/><\/p>\n<\/div>\n<\/div>\n<h3 data-wp-editing=\"1\"><strong>Term\u00e9k le\u00edr\u00e1sa<\/strong><\/h3>\n<ul>\n<li>L\u00e1thatatlan csavar \u00e9s Mini m\u00e9ret\u0171 kialak\u00edt\u00e1s, azonos sz\u00e9less\u00e9g\u0171 a 3 f\u00e1zis\u00fa s\u00ednp\u00e1ly\u00e1kkal.<\/li>\n<li>Vak\u00edt\u00e1sg\u00e1tl\u00f3 kialak\u00edt\u00e1s a vizu\u00e1lis k\u00e9nyelem biztos\u00edt\u00e1sa \u00e9rdek\u00e9ben.<\/li>\n<li>A rendszer hat\u00e9konys\u00e1ga ak\u00e1r 90Lm\/W @4000K 90RA.<\/li>\n<li>\u00c1ltal\u00e1nos vil\u00e1g\u00edt\u00e1s, amely szabv\u00e1nyos 3 f\u00e1zis\u00fa s\u00ednbe van szerelve.<\/li>\n<li>T\u00f6k\u00e9letes kieg\u00e9sz\u00edt\u0151je a reflektoroknak a f\u00e9nymennyis\u00e9g n\u00f6vel\u00e9s\u00e9hez.<\/li>\n<li>V\u00edzszintesen 0-355\u00b0-ban \u00e1ll\u00edthat\u00f3, k\u00fcl\u00f6nb\u00f6z\u0151 hossz\u00fas\u00e1gok testre szabhat\u00f3k.<\/li>\n<\/ul>","protected":false},"featured_media":15297,"comment_status":"open","ping_status":"closed","template":"","meta":[],"product_brand":[],"product_cat":[132],"product_tag":[],"class_list":{"0":"post-15294","1":"product","2":"type-product","3":"status-publish","4":"has-post-thumbnail","6":"product_cat-linear-series","8":"first","9":"instock","10":"shipping-taxable","11":"product-type-simple"},"_links":{"self":[{"href":"https:\/\/sunmelighting.com\/hu\/wp-json\/wp\/v2\/product\/15294","targetHints":{"allow":["GET"]}}],"collection":[{"href":"https:\/\/sunmelighting.com\/hu\/wp-json\/wp\/v2\/product"}],"about":[{"href":"https:\/\/sunmelighting.com\/hu\/wp-json\/wp\/v2\/types\/product"}],"replies":[{"embeddable":true,"href":"https:\/\/sunmelighting.com\/hu\/wp-json\/wp\/v2\/comments?post=15294"}],"version-history":[{"count":0,"href":"https:\/\/sunmelighting.com\/hu\/wp-json\/wp\/v2\/product\/15294\/revisions"}],"wp:featuredmedia":[{"embeddable":true,"href":"https:\/\/sunmelighting.com\/hu\/wp-json\/wp\/v2\/media\/15297"}],"wp:attachment":[{"href":"https:\/\/sunmelighting.com\/hu\/wp-json\/wp\/v2\/media?parent=15294"}],"wp:term":[{"taxonomy":"product_brand","embeddable":true,"href":"https:\/\/sunmelighting.com\/hu\/wp-json\/wp\/v2\/product_brand?post=15294"},{"taxonomy":"product_cat","embeddable":true,"href":"https:\/\/sunmelighting.com\/hu\/wp-json\/wp\/v2\/product_cat?post=15294"},{"taxonomy":"product_tag","embeddable":true,"href":"https:\/\/sunmelighting.com\/hu\/wp-json\/wp\/v2\/product_tag?post=15294"}],"curies":[{"name":"wp","href":"https:\/\/api.w.org\/{rel}","templated":true}]}}