{"id":15349,"date":"2024-05-17T08:27:48","date_gmt":"2024-05-17T08:27:48","guid":{"rendered":"http:\/\/sunmelighting.com\/?post_type=product&#038;p=15349"},"modified":"2024-08-19T07:21:26","modified_gmt":"2024-08-19T07:21:26","slug":"sd044075r-2","status":"publish","type":"product","link":"https:\/\/sunmelighting.com\/hu\/product\/sd044075r-2\/","title":{"rendered":"75 Spot Light \u00c1ll\u00edthat\u00f3 \/ Trim"},"content":{"rendered":"<div data-elementor-type=\"wp-post\" data-elementor-id=\"15349\" class=\"elementor elementor-15349\" data-elementor-post-type=\"product\">\n\t\t\t\t<div class=\"wd-negative-gap elementor-element elementor-element-52b2d53 e-flex e-con-boxed e-con e-parent\" data-id=\"52b2d53\" data-element_type=\"container\" data-e-type=\"container\">\n\t\t\t\t\t<div class=\"e-con-inner\">\n\t\t\t\t\t<\/div>\n\t\t\t\t<\/div>\n\t\t\t\t<\/div>","protected":false},"excerpt":{"rendered":"<div class=\"pix-el-text slide-in-container w-100\">\n<div class=\"d-inline-block\">SD044075R<\/div>\n<\/div>\n<div class=\"wpb_text_column wpb_content_element\">\n<div class=\"wpb_wrapper\">\n<p>Teljes\u00edtm\u00e9ny: 15W<br \/>\nKiv\u00e1g\u00e1s: \u03a675mm<br \/>\nSug\u00e1rz\u00e1si sz\u00f6g: 15\u00b0\/24\u00b0\/36\u00b0\/55\u00b0<br \/>\nCCT: 2700K\/3000K\/3500K\/4000K<br \/>\nSz\u00edn: Feh\u00e9r \/ Fekete \/ Egyedi<br \/>\nTelep\u00edt\u00e9s: .<\/p>\n<p data-wp-editing=\"1\"><img decoding=\"async\" class=\"alignnone size-full wp-image-15317\" src=\"http:\/\/sunmelighting.com\/wp-content\/uploads\/2024\/05\/LETGO-SPOT-LIGHT.webp\" alt=\"\" width=\"400\" height=\"110\" srcset=\"https:\/\/sunmelighting.com\/wp-content\/uploads\/2024\/05\/LETGO-SPOT-LIGHT.webp 400w, https:\/\/sunmelighting.com\/wp-content\/uploads\/2024\/05\/LETGO-SPOT-LIGHT-300x83.webp 300w, https:\/\/sunmelighting.com\/wp-content\/uploads\/2024\/05\/LETGO-SPOT-LIGHT-150x41.webp 150w\" sizes=\"(max-width: 400px) 100vw, 400px\" \/><\/p>\n<\/div>\n<\/div>\n<h3 data-wp-editing=\"1\"><strong>Term\u00e9k le\u00edr\u00e1sa<\/strong><\/h3>\n<ul>\n<li>Teljesen modul\u00e1ris fel\u00e9p\u00edt\u00e9s\u0171, k\u00f6nnyen cser\u00e9lhet\u0151 LED motor, MR16 keret opcion\u00e1lis.<\/li>\n<li>Bar\u00e1ts\u00e1gos telep\u00edt\u00e9s \u00e9s karbantart\u00e1s, +\/- 20\u00b0-os d\u00f6nthet\u0151s\u00e9g \u00e9s 355\u00b0-os elforgathat\u00f3s\u00e1g<\/li>\n<li>M\u00e9ly t\u00fckr\u00f6z\u0151d\u00e9sg\u00e1tl\u00f3 kialak\u00edt\u00e1s, k\u00fcl\u00f6nb\u00f6z\u0151 sz\u00edn\u0171 bels\u0151 gy\u0171r\u0171k \u00e9s m\u00e9hsejt alak\u00fa lamell\u00e1k v\u00e1laszthat\u00f3ak.<\/li>\n<li>A mennyezetbe s\u00fcllyesztett t\u00fckr\u00f6z\u0151d\u00e9sg\u00e1tl\u00f3 gy\u0171r\u0171 a mennyezet tiszt\u00e1n tart\u00e1sa \u00e9rdek\u00e9ben.<\/li>\n<li>Rendszerhat\u00e9konys\u00e1g ak\u00e1r 120Lm\/W opcion\u00e1lisan @3000K 90RA.<\/li>\n<li>Egyed\u00fcl\u00e1ll\u00f3 kis kiv\u00e1g\u00e1s 68mm a javaslatz\u00e1r\u00e1shoz \u00e9s a projekt v\u00e9delm\u00e9hez.<\/li>\n<\/ul>","protected":false},"featured_media":15352,"comment_status":"open","ping_status":"closed","template":"","meta":[],"product_brand":[],"product_cat":[268],"product_tag":[],"class_list":{"0":"post-15349","1":"product","2":"type-product","3":"status-publish","4":"has-post-thumbnail","6":"product_cat-letgo-spot-light","8":"first","9":"instock","10":"shipping-taxable","11":"product-type-simple"},"_links":{"self":[{"href":"https:\/\/sunmelighting.com\/hu\/wp-json\/wp\/v2\/product\/15349","targetHints":{"allow":["GET"]}}],"collection":[{"href":"https:\/\/sunmelighting.com\/hu\/wp-json\/wp\/v2\/product"}],"about":[{"href":"https:\/\/sunmelighting.com\/hu\/wp-json\/wp\/v2\/types\/product"}],"replies":[{"embeddable":true,"href":"https:\/\/sunmelighting.com\/hu\/wp-json\/wp\/v2\/comments?post=15349"}],"version-history":[{"count":0,"href":"https:\/\/sunmelighting.com\/hu\/wp-json\/wp\/v2\/product\/15349\/revisions"}],"wp:featuredmedia":[{"embeddable":true,"href":"https:\/\/sunmelighting.com\/hu\/wp-json\/wp\/v2\/media\/15352"}],"wp:attachment":[{"href":"https:\/\/sunmelighting.com\/hu\/wp-json\/wp\/v2\/media?parent=15349"}],"wp:term":[{"taxonomy":"product_brand","embeddable":true,"href":"https:\/\/sunmelighting.com\/hu\/wp-json\/wp\/v2\/product_brand?post=15349"},{"taxonomy":"product_cat","embeddable":true,"href":"https:\/\/sunmelighting.com\/hu\/wp-json\/wp\/v2\/product_cat?post=15349"},{"taxonomy":"product_tag","embeddable":true,"href":"https:\/\/sunmelighting.com\/hu\/wp-json\/wp\/v2\/product_tag?post=15349"}],"curies":[{"name":"wp","href":"https:\/\/api.w.org\/{rel}","templated":true}]}}