{"id":15374,"date":"2024-05-17T08:39:53","date_gmt":"2024-05-17T08:39:53","guid":{"rendered":"http:\/\/sunmelighting.com\/?post_type=product&#038;p=15374"},"modified":"2024-05-17T09:41:18","modified_gmt":"2024-05-17T09:41:18","slug":"st3423d","status":"publish","type":"product","link":"https:\/\/sunmelighting.com\/hu\/product\/st3423d\/","title":{"rendered":"TANGO s\u00fcllyesztett 6W"},"content":{"rendered":"<div data-elementor-type=\"wp-post\" data-elementor-id=\"15374\" class=\"elementor elementor-15374\" data-elementor-post-type=\"product\">\n\t\t\t\t<div class=\"wd-negative-gap elementor-element elementor-element-52b2d53 e-flex e-con-boxed e-con e-parent\" data-id=\"52b2d53\" data-element_type=\"container\" data-e-type=\"container\">\n\t\t\t\t\t<div class=\"e-con-inner\">\n\t\t\t\t\t<\/div>\n\t\t\t\t<\/div>\n\t\t\t\t<\/div>","protected":false},"excerpt":{"rendered":"<div class=\"pix-el-text slide-in-container w-100\">\n<div class=\"d-inline-block\">ST3423D<\/div>\n<\/div>\n<div class=\"wpb_text_column wpb_content_element\">\n<div class=\"wpb_wrapper\">\n<p>Teljes\u00edtm\u00e9ny: 6W<br \/>\nCut-out:\u03a650mm<br \/>\nSug\u00e1rz\u00e1si sz\u00f6g: 15\u00b0\/24\u00b0\/36\u00b0\/50\u00b0<br \/>\nCCT: 2700K\/3000K\/3500K\/4000K<br \/>\nSz\u00edn: Feh\u00e9r \/ Fekete \/ Egyedi<br \/>\nTelep\u00edt\u00e9s: .<\/p>\n<p data-wp-editing=\"1\"><img decoding=\"async\" class=\"alignnone size-full wp-image-15375\" src=\"http:\/\/sunmelighting.com\/wp-content\/uploads\/2024\/05\/TANGO-Recessed.webp\" alt=\"\" width=\"400\" height=\"110\" srcset=\"https:\/\/sunmelighting.com\/wp-content\/uploads\/2024\/05\/TANGO-Recessed.webp 400w, https:\/\/sunmelighting.com\/wp-content\/uploads\/2024\/05\/TANGO-Recessed-300x83.webp 300w, https:\/\/sunmelighting.com\/wp-content\/uploads\/2024\/05\/TANGO-Recessed-150x41.webp 150w\" sizes=\"(max-width: 400px) 100vw, 400px\" \/><\/p>\n<\/div>\n<\/div>\n<h3 data-wp-editing=\"1\"><strong>Term\u00e9k le\u00edr\u00e1sa<\/strong><\/h3>\n<ul>\n<li>Hengeres \u00e9s apr\u00f3 m\u00e9ret be\u00e9p\u00edtett meghajt\u00f3val, TRIAC dimmel\u00e9ssel \u00e9s Dim to Warm opci\u00f3val.<\/li>\n<li>Rendszerhat\u00e9konys\u00e1g ak\u00e1r 120Lm\/W opcion\u00e1lisan @3000K 90RA.<\/li>\n<li>M\u00e9ly t\u00fckr\u00f6z\u0151d\u00e9sg\u00e1tl\u00f3 kialak\u00edt\u00e1s, k\u00fcl\u00f6nb\u00f6z\u0151 sz\u00edn\u0171 t\u00fckr\u00f6z\u0151d\u00e9sg\u00e1tl\u00f3 gy\u0171r\u0171k v\u00e1laszthat\u00f3ak.<\/li>\n<li>A vak\u00edt\u00e1sg\u00e1tl\u00f3 gy\u0171r\u0171k \u00e9s a lencse szersz\u00e1mmentes cser\u00e9je, m\u00e9zkamr\u00e1s lamella opcion\u00e1lisan.<\/li>\n<li>H\u00e1rom szerel\u00e9si m\u00f3dszer \u00e1ll rendelkez\u00e9sre: S\u00ednbe, s\u00fcllyesztett \u00e9s mennyezetre szerelhet\u0151.<\/li>\n<li>V\u00edzszintesen 0-355\u00b0-ig \u00e1ll\u00edthat\u00f3, f\u00fcgg\u0151legesen 0-90\u00b0-ig d\u00f6nthet\u0151.<\/li>\n<\/ul>","protected":false},"featured_media":15376,"comment_status":"open","ping_status":"closed","template":"","meta":[],"product_brand":[],"product_cat":[264],"product_tag":[],"class_list":{"0":"post-15374","1":"product","2":"type-product","3":"status-publish","4":"has-post-thumbnail","6":"product_cat-tango-recessed","8":"first","9":"instock","10":"shipping-taxable","11":"product-type-simple"},"_links":{"self":[{"href":"https:\/\/sunmelighting.com\/hu\/wp-json\/wp\/v2\/product\/15374","targetHints":{"allow":["GET"]}}],"collection":[{"href":"https:\/\/sunmelighting.com\/hu\/wp-json\/wp\/v2\/product"}],"about":[{"href":"https:\/\/sunmelighting.com\/hu\/wp-json\/wp\/v2\/types\/product"}],"replies":[{"embeddable":true,"href":"https:\/\/sunmelighting.com\/hu\/wp-json\/wp\/v2\/comments?post=15374"}],"version-history":[{"count":0,"href":"https:\/\/sunmelighting.com\/hu\/wp-json\/wp\/v2\/product\/15374\/revisions"}],"wp:featuredmedia":[{"embeddable":true,"href":"https:\/\/sunmelighting.com\/hu\/wp-json\/wp\/v2\/media\/15376"}],"wp:attachment":[{"href":"https:\/\/sunmelighting.com\/hu\/wp-json\/wp\/v2\/media?parent=15374"}],"wp:term":[{"taxonomy":"product_brand","embeddable":true,"href":"https:\/\/sunmelighting.com\/hu\/wp-json\/wp\/v2\/product_brand?post=15374"},{"taxonomy":"product_cat","embeddable":true,"href":"https:\/\/sunmelighting.com\/hu\/wp-json\/wp\/v2\/product_cat?post=15374"},{"taxonomy":"product_tag","embeddable":true,"href":"https:\/\/sunmelighting.com\/hu\/wp-json\/wp\/v2\/product_tag?post=15374"}],"curies":[{"name":"wp","href":"https:\/\/api.w.org\/{rel}","templated":true}]}}