{"id":17134,"date":"2024-09-06T07:35:35","date_gmt":"2024-09-06T07:35:35","guid":{"rendered":"http:\/\/sunmelighting.com\/?post_type=product&#038;p=17134"},"modified":"2024-09-06T08:02:10","modified_gmt":"2024-09-06T08:02:10","slug":"sg80701145s","status":"publish","type":"product","link":"https:\/\/sunmelighting.com\/hu\/product\/sg80701145s\/","title":{"rendered":"Comet Single \/ N\u00e9gyzet \/ Reflektor"},"content":{"rendered":"<div data-elementor-type=\"wp-post\" data-elementor-id=\"17134\" class=\"elementor elementor-17134\" data-elementor-post-type=\"product\">\n\t\t\t\t<div class=\"wd-negative-gap elementor-element elementor-element-52b2d53 e-flex e-con-boxed e-con e-parent\" data-id=\"52b2d53\" data-element_type=\"container\" data-e-type=\"container\">\n\t\t\t\t\t<div class=\"e-con-inner\">\n\t\t\t\t\t<\/div>\n\t\t\t\t<\/div>\n\t\t\t\t<\/div>","protected":false},"excerpt":{"rendered":"<div class=\"pix-el-text slide-in-container w-100\">\n<div class=\"d-inline-block\" style=\"text-align: left;\">SG80701145S<\/div>\n<\/div>\n<div class=\"wpb_text_column wpb_content_element\" style=\"text-align: left;\">\n<div class=\"wpb_wrapper\">\n<p>Power:23W\/32W<br \/>\nKiv\u00e1g\u00e1s: 145x145mm<br \/>\nSug\u00e1rz\u00e1si sz\u00f6g: 15\/24\/36\/50\u00b0<br \/>\nCCT: 2700K\/3000K\/3500K\/4000K<br \/>\nSz\u00edn: Feh\u00e9r \/ Fekete \/ Egyedi<br \/>\nTelep\u00edt\u00e9s: .<\/p>\n<\/div>\n<\/div>\n<p style=\"text-align: left;\"><img decoding=\"async\" class=\"size-full wp-image-17142 alignnone\" src=\"http:\/\/sunmelighting.com\/wp-content\/uploads\/2024\/09\/Comet.webp\" alt=\"\" width=\"400\" height=\"110\" srcset=\"https:\/\/sunmelighting.com\/wp-content\/uploads\/2024\/09\/Comet.webp 400w, https:\/\/sunmelighting.com\/wp-content\/uploads\/2024\/09\/Comet-300x83.webp 300w, https:\/\/sunmelighting.com\/wp-content\/uploads\/2024\/09\/Comet-150x41.webp 150w\" sizes=\"(max-width: 400px) 100vw, 400px\" \/><\/p>\n<h3 style=\"text-align: left;\" data-wp-editing=\"1\"><strong>Term\u00e9k le\u00edr\u00e1sa<\/strong><\/h3>\n<ul>\n<li style=\"text-align: left;\">A rendszer hat\u00e9konys\u00e1ga ak\u00e1r 130Lm\/W @3000K 90RA.<\/li>\n<li style=\"text-align: left;\">TRIAC \/ 0-10V \/ DALI f\u00e9nyer\u0151szab\u00e1lyoz\u00e1s v\u00e1laszthat\u00f3. A projektekhez teljes k\u00f6r\u0171 f\u00e9nysz\u00f6gek \u00e1llnak rendelkez\u00e9sre.<\/li>\n<li style=\"text-align: left;\">Egy \/ k\u00e9t \/ h\u00e1romfejes l\u00e1mpatest k\u00fcl\u00f6nb\u00f6z\u0151 alkalmaz\u00e1sokhoz.<\/li>\n<\/ul>","protected":false},"featured_media":17135,"comment_status":"open","ping_status":"closed","template":"","meta":[],"product_brand":[],"product_cat":[300],"product_tag":[],"class_list":{"0":"post-17134","1":"product","2":"type-product","3":"status-publish","4":"has-post-thumbnail","6":"product_cat-comet","8":"first","9":"instock","10":"shipping-taxable","11":"product-type-simple"},"_links":{"self":[{"href":"https:\/\/sunmelighting.com\/hu\/wp-json\/wp\/v2\/product\/17134","targetHints":{"allow":["GET"]}}],"collection":[{"href":"https:\/\/sunmelighting.com\/hu\/wp-json\/wp\/v2\/product"}],"about":[{"href":"https:\/\/sunmelighting.com\/hu\/wp-json\/wp\/v2\/types\/product"}],"replies":[{"embeddable":true,"href":"https:\/\/sunmelighting.com\/hu\/wp-json\/wp\/v2\/comments?post=17134"}],"version-history":[{"count":0,"href":"https:\/\/sunmelighting.com\/hu\/wp-json\/wp\/v2\/product\/17134\/revisions"}],"wp:featuredmedia":[{"embeddable":true,"href":"https:\/\/sunmelighting.com\/hu\/wp-json\/wp\/v2\/media\/17135"}],"wp:attachment":[{"href":"https:\/\/sunmelighting.com\/hu\/wp-json\/wp\/v2\/media?parent=17134"}],"wp:term":[{"taxonomy":"product_brand","embeddable":true,"href":"https:\/\/sunmelighting.com\/hu\/wp-json\/wp\/v2\/product_brand?post=17134"},{"taxonomy":"product_cat","embeddable":true,"href":"https:\/\/sunmelighting.com\/hu\/wp-json\/wp\/v2\/product_cat?post=17134"},{"taxonomy":"product_tag","embeddable":true,"href":"https:\/\/sunmelighting.com\/hu\/wp-json\/wp\/v2\/product_tag?post=17134"}],"curies":[{"name":"wp","href":"https:\/\/api.w.org\/{rel}","templated":true}]}}