{"id":17166,"date":"2024-09-06T08:00:28","date_gmt":"2024-09-06T08:00:28","guid":{"rendered":"http:\/\/sunmelighting.com\/?post_type=product&#038;p=17166"},"modified":"2024-09-06T08:24:49","modified_gmt":"2024-09-06T08:24:49","slug":"ss815072r","status":"publish","type":"product","link":"https:\/\/sunmelighting.com\/hu\/product\/ss815072r\/","title":{"rendered":"HELLAS 72R kerek fel\u00fcleti l\u00e1mpa"},"content":{"rendered":"<div data-elementor-type=\"wp-post\" data-elementor-id=\"17166\" class=\"elementor elementor-17166\" data-elementor-post-type=\"product\">\n\t\t\t\t<div class=\"wd-negative-gap elementor-element elementor-element-52b2d53 e-flex e-con-boxed e-con e-parent\" data-id=\"52b2d53\" data-element_type=\"container\" data-e-type=\"container\">\n\t\t\t\t\t<div class=\"e-con-inner\">\n\t\t\t\t\t<\/div>\n\t\t\t\t<\/div>\n\t\t\t\t<\/div>","protected":false},"excerpt":{"rendered":"<div class=\"pix-el-text slide-in-container w-100\">\n<div class=\"d-inline-block\" style=\"text-align: left;\">SS815072R<\/div>\n<\/div>\n<div class=\"wpb_text_column wpb_content_element\" style=\"text-align: left;\">\n<div class=\"wpb_wrapper\">\n<p>Teljes\u00edtm\u00e9ny: 8W<br \/>\nKiv\u00e1g\u00e1s: \/<br \/>\nSug\u00e1rz\u00e1si sz\u00f6g: 15\u00b0\/36\u00b0\/55\u00b0<br \/>\nCCT: 2700K\/3000K\/3500K\/4000K<br \/>\nSz\u00edn: Feh\u00e9r \/ Fekete \/ Egyedi<br \/>\nTelep\u00edt\u00e9s: Fel\u00fcletre szerelve<\/p>\n<\/div>\n<\/div>\n<p style=\"text-align: left;\"><img decoding=\"async\" class=\"alignnone size-full wp-image-17170\" src=\"http:\/\/sunmelighting.com\/wp-content\/uploads\/2024\/09\/HELLAS.webp\" alt=\"\" width=\"400\" height=\"110\" srcset=\"https:\/\/sunmelighting.com\/wp-content\/uploads\/2024\/09\/HELLAS.webp 400w, https:\/\/sunmelighting.com\/wp-content\/uploads\/2024\/09\/HELLAS-300x83.webp 300w, https:\/\/sunmelighting.com\/wp-content\/uploads\/2024\/09\/HELLAS-150x41.webp 150w\" sizes=\"(max-width: 400px) 100vw, 400px\" \/><\/p>\n<h3 style=\"text-align: left;\" data-wp-editing=\"1\"><strong>Term\u00e9k le\u00edr\u00e1sa<\/strong><\/h3>\n<ul>\n<li style=\"text-align: left;\">M\u00e9ly reflektor a legjobb t\u00fckr\u00f6z\u0151d\u00e9smentes vil\u00e1g\u00edt\u00e1si tapasztalattal.<\/li>\n<li style=\"text-align: left;\">Az \u00f6nt\u00f6tt h\u0171t\u0151borda megfelel\u0151 h\u0151elvezet\u00e9st \u00e9s hossz\u00fa \u00e9lettartamot biztos\u00edt.<\/li>\n<li style=\"text-align: left;\">Energiafogyaszt\u00e1s 8W-t\u00f3l max. 32W-ig k\u00fcl\u00f6nb\u00f6z\u0151 m\u00e9retekben.<\/li>\n<li style=\"text-align: left;\">CCT 2700K \/ 3000K \/ 4000 \/ 6000K el\u00e9rhet\u0151, CRI 90 \/ 95 opcion\u00e1lis.<\/li>\n<\/ul>","protected":false},"featured_media":17172,"comment_status":"open","ping_status":"closed","template":"","meta":[],"product_brand":[],"product_cat":[298],"product_tag":[],"class_list":{"0":"post-17166","1":"product","2":"type-product","3":"status-publish","4":"has-post-thumbnail","6":"product_cat-hellas","8":"first","9":"instock","10":"shipping-taxable","11":"product-type-simple"},"_links":{"self":[{"href":"https:\/\/sunmelighting.com\/hu\/wp-json\/wp\/v2\/product\/17166","targetHints":{"allow":["GET"]}}],"collection":[{"href":"https:\/\/sunmelighting.com\/hu\/wp-json\/wp\/v2\/product"}],"about":[{"href":"https:\/\/sunmelighting.com\/hu\/wp-json\/wp\/v2\/types\/product"}],"replies":[{"embeddable":true,"href":"https:\/\/sunmelighting.com\/hu\/wp-json\/wp\/v2\/comments?post=17166"}],"version-history":[{"count":0,"href":"https:\/\/sunmelighting.com\/hu\/wp-json\/wp\/v2\/product\/17166\/revisions"}],"wp:featuredmedia":[{"embeddable":true,"href":"https:\/\/sunmelighting.com\/hu\/wp-json\/wp\/v2\/media\/17172"}],"wp:attachment":[{"href":"https:\/\/sunmelighting.com\/hu\/wp-json\/wp\/v2\/media?parent=17166"}],"wp:term":[{"taxonomy":"product_brand","embeddable":true,"href":"https:\/\/sunmelighting.com\/hu\/wp-json\/wp\/v2\/product_brand?post=17166"},{"taxonomy":"product_cat","embeddable":true,"href":"https:\/\/sunmelighting.com\/hu\/wp-json\/wp\/v2\/product_cat?post=17166"},{"taxonomy":"product_tag","embeddable":true,"href":"https:\/\/sunmelighting.com\/hu\/wp-json\/wp\/v2\/product_tag?post=17166"}],"curies":[{"name":"wp","href":"https:\/\/api.w.org\/{rel}","templated":true}]}}