{"id":17265,"date":"2024-09-09T02:13:53","date_gmt":"2024-09-09T02:13:53","guid":{"rendered":"http:\/\/sunmelighting.com\/?post_type=product&#038;p=17265"},"modified":"2025-07-21T10:39:23","modified_gmt":"2025-07-21T02:39:23","slug":"sc6082115r-r","status":"publish","type":"product","link":"https:\/\/sunmelighting.com\/hu\/product\/sc6082115r-r\/","title":{"rendered":"Trunk 115 Alum\u00ednium f\u00e9nyvisszaver\u0151 \/ In &amp; Out"},"content":{"rendered":"<div data-elementor-type=\"wp-post\" data-elementor-id=\"17265\" class=\"elementor elementor-17265\" data-elementor-post-type=\"product\">\n\t\t\t\t<div class=\"wd-negative-gap elementor-element elementor-element-52b2d53 e-flex e-con-boxed e-con e-parent\" data-id=\"52b2d53\" data-element_type=\"container\" data-e-type=\"container\">\n\t\t\t\t\t<div class=\"e-con-inner\">\n\t\t\t\t\t<\/div>\n\t\t\t\t<\/div>\n\t\t\t\t<\/div>","protected":false},"excerpt":{"rendered":"<div class=\"pix-el-text slide-in-container w-100\">\n<div class=\"d-inline-block\" style=\"text-align: left;\">SC6082115R-R<\/div>\n<\/div>\n<div class=\"wpb_text_column wpb_content_element\" style=\"text-align: left;\">\n<div class=\"wpb_wrapper\">\n<p>Teljes\u00edtm\u00e9ny: 35W<br \/>\nKiv\u00e1g\u00e1s: \u03a6115-125mm<br \/>\nBeam angle:15\u00b0\/24\u00b0\/36\u00b0\/60\u00b0<br \/>\nCCT: 2700K\/3000K\/3500K\/4000K<br \/>\nSz\u00edn: Feh\u00e9r \/ Fekete \/ Egyedi<br \/>\nTelep\u00edt\u00e9s: .<\/p>\n<\/div>\n<\/div>\n<p style=\"text-align: left;\"><img decoding=\"async\" class=\"alignnone size-full wp-image-17225\" src=\"http:\/\/sunmelighting.com\/wp-content\/uploads\/2024\/09\/Trunk.webp\" alt=\"\" width=\"400\" height=\"110\" srcset=\"https:\/\/sunmelighting.com\/wp-content\/uploads\/2024\/09\/Trunk.webp 400w, https:\/\/sunmelighting.com\/wp-content\/uploads\/2024\/09\/Trunk-300x83.webp 300w, https:\/\/sunmelighting.com\/wp-content\/uploads\/2024\/09\/Trunk-150x41.webp 150w\" sizes=\"(max-width: 400px) 100vw, 400px\" \/><\/p>\n<h3 style=\"text-align: left;\" data-wp-editing=\"1\"><strong>Term\u00e9k le\u00edr\u00e1sa<\/strong><\/h3>\n<ul>\n<li style=\"text-align: left;\">A 355 fokban \u00e1ll\u00edthat\u00f3 Push In &amp; Pull Out spotl\u00e1mpa megfelel a b\u00e1rmilyen ir\u00e1ny\u00fa megvil\u00e1g\u00edt\u00e1s ig\u00e9nyeinek.<\/li>\n<li style=\"text-align: left;\">A rendszer hat\u00e9konys\u00e1ga ak\u00e1r 130Lm\/W @3000K 90RA.<\/li>\n<li style=\"text-align: left;\">K\u00e1pr\u00e1z\u00e1sg\u00e1tl\u00f3 lencse \/ Alum\u00ednium reflektor \/ Alanod reflektor verzi\u00f3 el\u00e9rhet\u0151.<\/li>\n<li style=\"text-align: left;\">TRIAC \/ 0-10V \/ DALI f\u00e9nyer\u0151szab\u00e1lyoz\u00e1s v\u00e1laszthat\u00f3. A projektekhez teljes k\u00f6r\u0171 f\u00e9nysz\u00f6gek \u00e1llnak rendelkez\u00e9sre.<\/li>\n<\/ul>","protected":false},"featured_media":17248,"comment_status":"closed","ping_status":"closed","template":"","meta":[],"product_brand":[],"product_cat":[299],"product_tag":[],"class_list":{"0":"post-17265","1":"product","2":"type-product","3":"status-publish","4":"has-post-thumbnail","6":"product_cat-trunk","8":"first","9":"instock","10":"shipping-taxable","11":"product-type-simple"},"_links":{"self":[{"href":"https:\/\/sunmelighting.com\/hu\/wp-json\/wp\/v2\/product\/17265","targetHints":{"allow":["GET"]}}],"collection":[{"href":"https:\/\/sunmelighting.com\/hu\/wp-json\/wp\/v2\/product"}],"about":[{"href":"https:\/\/sunmelighting.com\/hu\/wp-json\/wp\/v2\/types\/product"}],"replies":[{"embeddable":true,"href":"https:\/\/sunmelighting.com\/hu\/wp-json\/wp\/v2\/comments?post=17265"}],"version-history":[{"count":0,"href":"https:\/\/sunmelighting.com\/hu\/wp-json\/wp\/v2\/product\/17265\/revisions"}],"wp:featuredmedia":[{"embeddable":true,"href":"https:\/\/sunmelighting.com\/hu\/wp-json\/wp\/v2\/media\/17248"}],"wp:attachment":[{"href":"https:\/\/sunmelighting.com\/hu\/wp-json\/wp\/v2\/media?parent=17265"}],"wp:term":[{"taxonomy":"product_brand","embeddable":true,"href":"https:\/\/sunmelighting.com\/hu\/wp-json\/wp\/v2\/product_brand?post=17265"},{"taxonomy":"product_cat","embeddable":true,"href":"https:\/\/sunmelighting.com\/hu\/wp-json\/wp\/v2\/product_cat?post=17265"},{"taxonomy":"product_tag","embeddable":true,"href":"https:\/\/sunmelighting.com\/hu\/wp-json\/wp\/v2\/product_tag?post=17265"}],"curies":[{"name":"wp","href":"https:\/\/api.w.org\/{rel}","templated":true}]}}