{"id":19452,"date":"2025-07-22T11:12:27","date_gmt":"2025-07-22T03:12:27","guid":{"rendered":"https:\/\/sunmelighting.com\/?post_type=product&#038;p=19452"},"modified":"2025-07-22T11:24:46","modified_gmt":"2025-07-22T03:24:46","slug":"sg80301100s","status":"publish","type":"product","link":"https:\/\/sunmelighting.com\/hu\/product\/sg80301100s\/","title":{"rendered":"Reta 100 Spot Light Egyetlen \/ \u00e1ll\u00edthat\u00f3"},"content":{"rendered":"<div data-elementor-type=\"wp-post\" data-elementor-id=\"19452\" class=\"elementor elementor-19452\" data-elementor-post-type=\"product\">\n\t\t\t\t<div class=\"wd-negative-gap elementor-element elementor-element-52b2d53 e-flex e-con-boxed e-con e-parent\" data-id=\"52b2d53\" data-element_type=\"container\" data-e-type=\"container\">\n\t\t\t\t\t<div class=\"e-con-inner\">\n\t\t\t\t\t<\/div>\n\t\t\t\t<\/div>\n\t\t\t\t<\/div>","protected":false},"excerpt":{"rendered":"<div class=\"pix-el-text slide-in-container w-100\">\n<div class=\"d-inline-block\" style=\"text-align: left;\">SG80301100S<\/div>\n<\/div>\n<div class=\"wpb_text_column wpb_content_element\" style=\"text-align: left;\">\n<div class=\"wpb_wrapper\">\n<p>Teljes\u00edtm\u00e9ny: 20W<br \/>\nKiv\u00e1g\u00e1s: 100\u00d7100mm<br \/>\nSug\u00e1rz\u00e1si sz\u00f6g:20\/24\/36\/45\u00b0<br \/>\nCCT: 2700K\/3000K\/3500K\/4000K<br \/>\nSz\u00edn: Feh\u00e9r \/ Fekete \/ Egyedi<br \/>\nTelep\u00edt\u00e9s: .<\/p>\n<\/div>\n<\/div>\n<p style=\"text-align: left;\"><img decoding=\"async\" class=\"alignnone size-full wp-image-17225\" src=\"http:\/\/sunmelighting.com\/wp-content\/uploads\/2024\/09\/Trunk.webp\" alt=\"\" width=\"400\" height=\"110\" srcset=\"https:\/\/sunmelighting.com\/wp-content\/uploads\/2024\/09\/Trunk.webp 400w, https:\/\/sunmelighting.com\/wp-content\/uploads\/2024\/09\/Trunk-300x83.webp 300w, https:\/\/sunmelighting.com\/wp-content\/uploads\/2024\/09\/Trunk-150x41.webp 150w\" sizes=\"(max-width: 400px) 100vw, 400px\" \/><\/p>\n<h3 style=\"text-align: left;\" data-wp-editing=\"1\"><strong>Term\u00e9k le\u00edr\u00e1sa<\/strong><\/h3>\n<ul>\n<li style=\"text-align: left;\">A konvekci\u00f3s passz\u00edv h\u0171t\u0151motor biztos\u00edtja a l\u00e1mpatestek hossz\u00fa \u00e9lettartam\u00e1t. M\u0171k\u00f6d\u0151k\u00e9pes a magas mennyezeti alkalmaz\u00e1sokhoz.<\/li>\n<li style=\"text-align: left;\">0-30 fokban d\u00f6nthet\u0151, 0-355-ig \u00e1ll\u00edthat\u00f3 b\u00e1rmilyen ir\u00e1nyban. Nagy hat\u00e9konys\u00e1g\u00fa lencse a jobb kimeneti f\u00e9nyek\u00e9rt.<\/li>\n<li style=\"text-align: left;\">Egy \/ k\u00e9t \/ h\u00e1rom, kerek \/ n\u00e9gyzet alak\u00fa t\u00edpus v\u00e1laszthat\u00f3 a k\u00fcl\u00f6nb\u00f6z\u0151 alkalmaz\u00e1sokhoz. 2700K \/ 3000K \/ 4000 \/ 6000K \u00e1ll rendelkez\u00e9sre.<\/li>\n<\/ul>","protected":false},"featured_media":19453,"comment_status":"closed","ping_status":"closed","template":"","meta":[],"product_brand":[],"product_cat":[329],"product_tag":[],"class_list":{"0":"post-19452","1":"product","2":"type-product","3":"status-publish","4":"has-post-thumbnail","6":"product_cat-reta","8":"first","9":"instock","10":"shipping-taxable","11":"product-type-simple"},"_links":{"self":[{"href":"https:\/\/sunmelighting.com\/hu\/wp-json\/wp\/v2\/product\/19452","targetHints":{"allow":["GET"]}}],"collection":[{"href":"https:\/\/sunmelighting.com\/hu\/wp-json\/wp\/v2\/product"}],"about":[{"href":"https:\/\/sunmelighting.com\/hu\/wp-json\/wp\/v2\/types\/product"}],"replies":[{"embeddable":true,"href":"https:\/\/sunmelighting.com\/hu\/wp-json\/wp\/v2\/comments?post=19452"}],"version-history":[{"count":0,"href":"https:\/\/sunmelighting.com\/hu\/wp-json\/wp\/v2\/product\/19452\/revisions"}],"wp:featuredmedia":[{"embeddable":true,"href":"https:\/\/sunmelighting.com\/hu\/wp-json\/wp\/v2\/media\/19453"}],"wp:attachment":[{"href":"https:\/\/sunmelighting.com\/hu\/wp-json\/wp\/v2\/media?parent=19452"}],"wp:term":[{"taxonomy":"product_brand","embeddable":true,"href":"https:\/\/sunmelighting.com\/hu\/wp-json\/wp\/v2\/product_brand?post=19452"},{"taxonomy":"product_cat","embeddable":true,"href":"https:\/\/sunmelighting.com\/hu\/wp-json\/wp\/v2\/product_cat?post=19452"},{"taxonomy":"product_tag","embeddable":true,"href":"https:\/\/sunmelighting.com\/hu\/wp-json\/wp\/v2\/product_tag?post=19452"}],"curies":[{"name":"wp","href":"https:\/\/api.w.org\/{rel}","templated":true}]}}