{"id":11754,"date":"2024-04-08T03:31:29","date_gmt":"2024-04-08T03:31:29","guid":{"rendered":"https:\/\/sunme.top\/?post_type=product&#038;p=11754"},"modified":"2024-08-23T05:47:18","modified_gmt":"2024-08-23T05:47:18","slug":"sd8201065rl","status":"publish","type":"product","link":"https:\/\/sunmelighting.com\/pt\/product\/sd8201065rl\/","title":{"rendered":"VITO 65 Down Light Fixo \/ Sem rebordo"},"content":{"rendered":"<div data-elementor-type=\"wp-post\" data-elementor-id=\"11754\" class=\"elementor elementor-11754\" data-elementor-post-type=\"product\">\n\t\t\t\t<div class=\"wd-negative-gap elementor-element elementor-element-52b2d53 e-flex e-con-boxed e-con e-parent\" data-id=\"52b2d53\" data-element_type=\"container\" data-e-type=\"container\">\n\t\t\t\t\t<div class=\"e-con-inner\">\n\t\t\t\t\t<\/div>\n\t\t\t\t<\/div>\n\t\t\t\t<\/div>","protected":false},"excerpt":{"rendered":"<div class=\"pix-el-text slide-in-container w-100\">\n<div class=\"d-inline-block\">SD8201065RL<\/div>\n<\/div>\n<div class=\"wpb_text_column wpb_content_element\">\n<div class=\"wpb_wrapper\">\n<p>Pot\u00eancia: 15W<br \/>\nRecorte: \u03a665mm<br \/>\n\u00c2ngulo de feixe: 15\u00b0\/24\u00b0\/36\u00b0\/55\u00b0<br \/>\nCCT: 2700K\/3000K\/3500K\/4000K<br \/>\nCor: Branco \/ Preto \/ Personalizado<br \/>\nInstala\u00e7\u00e3o: Encastrado<\/p>\n<p data-wp-editing=\"1\"><img decoding=\"async\" class=\"alignnone size-full wp-image-11738\" src=\"http:\/\/sunmelighting.com\/wp-content\/uploads\/2024\/04\/Parameter-icon.png\" alt=\"\" width=\"400\" height=\"110\" srcset=\"https:\/\/sunmelighting.com\/wp-content\/uploads\/2024\/04\/Parameter-icon.png 400w, https:\/\/sunmelighting.com\/wp-content\/uploads\/2024\/04\/Parameter-icon-150x41.png 150w, https:\/\/sunmelighting.com\/wp-content\/uploads\/2024\/04\/Parameter-icon-300x83.png 300w\" sizes=\"(max-width: 400px) 100vw, 400px\" \/><\/p>\n<\/div>\n<\/div>\n<h3 data-wp-editing=\"1\"><strong>Descri\u00e7\u00e3o do produto<\/strong><\/h3>\n<ul>\n<li>Tamanho compacto e acabamento estreito com alum\u00ednio fundido em grande pot\u00eancia para satisfazer diferentes requisitos do projeto.<\/li>\n<li>Design \u00fanico da mola que pode ser utilizado em tectos com espessuras entre 3 mm e 25 mm. \u00d3tica da lente com elevado fluxo luminoso.<\/li>\n<li>Vers\u00e3o Trim e Trimless opcional, revestimento em p\u00f3 texturizado para acabamentos de superf\u00edcie.<\/li>\n<\/ul>","protected":false},"featured_media":11755,"comment_status":"open","ping_status":"closed","template":"","meta":[],"product_brand":[],"product_cat":[60],"product_tag":[],"class_list":{"0":"post-11754","1":"product","2":"type-product","3":"status-publish","4":"has-post-thumbnail","6":"product_cat-vito-series","8":"first","9":"instock","10":"shipping-taxable","11":"product-type-simple"},"_links":{"self":[{"href":"https:\/\/sunmelighting.com\/pt\/wp-json\/wp\/v2\/product\/11754","targetHints":{"allow":["GET"]}}],"collection":[{"href":"https:\/\/sunmelighting.com\/pt\/wp-json\/wp\/v2\/product"}],"about":[{"href":"https:\/\/sunmelighting.com\/pt\/wp-json\/wp\/v2\/types\/product"}],"replies":[{"embeddable":true,"href":"https:\/\/sunmelighting.com\/pt\/wp-json\/wp\/v2\/comments?post=11754"}],"version-history":[{"count":0,"href":"https:\/\/sunmelighting.com\/pt\/wp-json\/wp\/v2\/product\/11754\/revisions"}],"wp:featuredmedia":[{"embeddable":true,"href":"https:\/\/sunmelighting.com\/pt\/wp-json\/wp\/v2\/media\/11755"}],"wp:attachment":[{"href":"https:\/\/sunmelighting.com\/pt\/wp-json\/wp\/v2\/media?parent=11754"}],"wp:term":[{"taxonomy":"product_brand","embeddable":true,"href":"https:\/\/sunmelighting.com\/pt\/wp-json\/wp\/v2\/product_brand?post=11754"},{"taxonomy":"product_cat","embeddable":true,"href":"https:\/\/sunmelighting.com\/pt\/wp-json\/wp\/v2\/product_cat?post=11754"},{"taxonomy":"product_tag","embeddable":true,"href":"https:\/\/sunmelighting.com\/pt\/wp-json\/wp\/v2\/product_tag?post=11754"}],"curies":[{"name":"wp","href":"https:\/\/api.w.org\/{rel}","templated":true}]}}