{"id":11802,"date":"2024-04-08T06:38:00","date_gmt":"2024-04-08T06:38:00","guid":{"rendered":"https:\/\/sunme.top\/?post_type=product&#038;p=11802"},"modified":"2024-08-23T03:56:48","modified_gmt":"2024-08-23T03:56:48","slug":"sd8292145s","status":"publish","type":"product","link":"https:\/\/sunmelighting.com\/pt\/product\/sd8292145s\/","title":{"rendered":"GOURD 145 Down Light"},"content":{"rendered":"<div data-elementor-type=\"wp-post\" data-elementor-id=\"11802\" class=\"elementor elementor-11802\" data-elementor-post-type=\"product\">\n\t\t\t\t<div class=\"wd-negative-gap elementor-element elementor-element-52b2d53 e-flex e-con-boxed e-con e-parent\" data-id=\"52b2d53\" data-element_type=\"container\" data-e-type=\"container\">\n\t\t\t\t\t<div class=\"e-con-inner\">\n\t\t\t\t\t<\/div>\n\t\t\t\t<\/div>\n\t\t\t\t<\/div>","protected":false},"excerpt":{"rendered":"<div class=\"pix-el-text slide-in-container w-100\">\n<div class=\"d-inline-block\"><strong>SD8292145S<\/strong><\/div>\n<\/div>\n<div class=\"wpb_text_column wpb_content_element\">\n<div class=\"wpb_wrapper\">\n<p>Pot\u00eancia: 45W<br \/>\nRecorte: 145x145mm<br \/>\n\u00c2ngulo de feixe: 15\u00b0\/24\u00b0\/36\u00b0\/55\u00b0<br \/>\nCCT: 2700K\/3000K\/3500K\/4000K<br \/>\nCor: Branco \/ Preto \/ Personalizado<br \/>\nInstala\u00e7\u00e3o: Encastrado<\/p>\n<p><img decoding=\"async\" class=\"alignnone size-full wp-image-15089\" src=\"http:\/\/sunmelighting.com\/wp-content\/uploads\/2024\/04\/GOURD.webp\" alt=\"\" width=\"400\" height=\"110\" srcset=\"https:\/\/sunmelighting.com\/wp-content\/uploads\/2024\/04\/GOURD.webp 400w, https:\/\/sunmelighting.com\/wp-content\/uploads\/2024\/04\/GOURD-300x83.webp 300w, https:\/\/sunmelighting.com\/wp-content\/uploads\/2024\/04\/GOURD-150x41.webp 150w\" sizes=\"(max-width: 400px) 100vw, 400px\" \/><\/p>\n<\/div>\n<\/div>\n<h3 data-wp-editing=\"1\"><strong>Descri\u00e7\u00e3o do produto<\/strong><\/h3>\n<ul>\n<li>Design modular, facilmente substitu\u00edvel no motor LED e em todos os acess\u00f3rios. F\u00e1cil de instalar e de manter.<\/li>\n<li>O motor de arrefecimento passivo convectivo garante a longa dura\u00e7\u00e3o das lumin\u00e1rias. Adequado para aplica\u00e7\u00f5es em tectos altos.<\/li>\n<li>Conforto visual em UGR&lt;19. Refletor secund\u00e1rio em v\u00e1rias cores opcional.<\/li>\n<\/ul>","protected":false},"featured_media":11790,"comment_status":"open","ping_status":"closed","template":"","meta":[],"product_brand":[],"product_cat":[64],"product_tag":[],"class_list":{"0":"post-11802","1":"product","2":"type-product","3":"status-publish","4":"has-post-thumbnail","6":"product_cat-gourd-series","8":"first","9":"instock","10":"shipping-taxable","11":"product-type-simple"},"_links":{"self":[{"href":"https:\/\/sunmelighting.com\/pt\/wp-json\/wp\/v2\/product\/11802","targetHints":{"allow":["GET"]}}],"collection":[{"href":"https:\/\/sunmelighting.com\/pt\/wp-json\/wp\/v2\/product"}],"about":[{"href":"https:\/\/sunmelighting.com\/pt\/wp-json\/wp\/v2\/types\/product"}],"replies":[{"embeddable":true,"href":"https:\/\/sunmelighting.com\/pt\/wp-json\/wp\/v2\/comments?post=11802"}],"version-history":[{"count":0,"href":"https:\/\/sunmelighting.com\/pt\/wp-json\/wp\/v2\/product\/11802\/revisions"}],"wp:featuredmedia":[{"embeddable":true,"href":"https:\/\/sunmelighting.com\/pt\/wp-json\/wp\/v2\/media\/11790"}],"wp:attachment":[{"href":"https:\/\/sunmelighting.com\/pt\/wp-json\/wp\/v2\/media?parent=11802"}],"wp:term":[{"taxonomy":"product_brand","embeddable":true,"href":"https:\/\/sunmelighting.com\/pt\/wp-json\/wp\/v2\/product_brand?post=11802"},{"taxonomy":"product_cat","embeddable":true,"href":"https:\/\/sunmelighting.com\/pt\/wp-json\/wp\/v2\/product_cat?post=11802"},{"taxonomy":"product_tag","embeddable":true,"href":"https:\/\/sunmelighting.com\/pt\/wp-json\/wp\/v2\/product_tag?post=11802"}],"curies":[{"name":"wp","href":"https:\/\/api.w.org\/{rel}","templated":true}]}}