{"id":11879,"date":"2024-04-08T08:40:53","date_gmt":"2024-04-08T08:40:53","guid":{"rendered":"https:\/\/sunme.top\/?post_type=product&#038;p=11879"},"modified":"2024-08-23T05:56:54","modified_gmt":"2024-08-23T05:56:54","slug":"sd8131195r","status":"publish","type":"product","link":"https:\/\/sunmelighting.com\/pt\/product\/sd8131195r\/","title":{"rendered":"RHO 195 Luz embutida fixa \/ embutida"},"content":{"rendered":"<div data-elementor-type=\"wp-post\" data-elementor-id=\"11879\" class=\"elementor elementor-11879\" data-elementor-post-type=\"product\">\n\t\t\t\t<div class=\"wd-negative-gap elementor-element elementor-element-52b2d53 e-flex e-con-boxed e-con e-parent\" data-id=\"52b2d53\" data-element_type=\"container\" data-e-type=\"container\">\n\t\t\t\t\t<div class=\"e-con-inner\">\n\t\t\t\t\t<\/div>\n\t\t\t\t<\/div>\n\t\t\t\t<\/div>","protected":false},"excerpt":{"rendered":"<div class=\"pix-el-text slide-in-container w-100\">\n<div class=\"d-inline-block\"><strong>SD8131195R<\/strong><\/div>\n<\/div>\n<div class=\"wpb_text_column wpb_content_element\">\n<div class=\"wpb_wrapper\">\n<p>Pot\u00eancia: 30\/35W<br \/>\nRecorte:\u03a6195mm<br \/>\n\u00c2ngulo de feixe: 60\u00b0<br \/>\nCCT: 3000K\/4000K\/6000K<br \/>\nCor: Branco \/ Preto \/ Personalizado<br \/>\nInstala\u00e7\u00e3o: Encastrado<\/p>\n<p><img decoding=\"async\" class=\"alignnone size-full wp-image-11870\" src=\"http:\/\/sunmelighting.com\/wp-content\/uploads\/2024\/04\/Rho.png.webp\" alt=\"\" width=\"400\" height=\"110\" srcset=\"https:\/\/sunmelighting.com\/wp-content\/uploads\/2024\/04\/Rho.png.webp 400w, https:\/\/sunmelighting.com\/wp-content\/uploads\/2024\/04\/Rho.png-150x41.webp 150w, https:\/\/sunmelighting.com\/wp-content\/uploads\/2024\/04\/Rho.png-300x83.webp 300w\" sizes=\"(max-width: 400px) 100vw, 400px\" \/><\/p>\n<\/div>\n<\/div>\n<h3 data-wp-editing=\"1\"><strong>Descri\u00e7\u00e3o do produto<\/strong><\/h3>\n<ul>\n<li>Refletor especular de elevada efic\u00e1cia com grande controlo do brilho em UGR&lt;19. O dissipador de calor fundido assegura uma dissipa\u00e7\u00e3o t\u00e9rmica suficiente.<\/li>\n<li>Consumo de energia de 15W a 45W m\u00e1ximo em diferentes tamanhos. \u00c2ngulo do feixe de luz de 80 graus com efeito de ilumina\u00e7\u00e3o suave e confort\u00e1vel.<\/li>\n<li>CCT 3000K \/ 4000\/ 6000K dispon\u00edvel, regula\u00e7\u00e3o remota Triac \/ 0-10V \/ DALI opcional.<\/li>\n<\/ul>","protected":false},"featured_media":11880,"comment_status":"open","ping_status":"closed","template":"","meta":[],"product_brand":[],"product_cat":[139],"product_tag":[],"class_list":{"0":"post-11879","1":"product","2":"type-product","3":"status-publish","4":"has-post-thumbnail","6":"product_cat-rho-series","8":"first","9":"instock","10":"shipping-taxable","11":"product-type-simple"},"_links":{"self":[{"href":"https:\/\/sunmelighting.com\/pt\/wp-json\/wp\/v2\/product\/11879","targetHints":{"allow":["GET"]}}],"collection":[{"href":"https:\/\/sunmelighting.com\/pt\/wp-json\/wp\/v2\/product"}],"about":[{"href":"https:\/\/sunmelighting.com\/pt\/wp-json\/wp\/v2\/types\/product"}],"replies":[{"embeddable":true,"href":"https:\/\/sunmelighting.com\/pt\/wp-json\/wp\/v2\/comments?post=11879"}],"version-history":[{"count":0,"href":"https:\/\/sunmelighting.com\/pt\/wp-json\/wp\/v2\/product\/11879\/revisions"}],"wp:featuredmedia":[{"embeddable":true,"href":"https:\/\/sunmelighting.com\/pt\/wp-json\/wp\/v2\/media\/11880"}],"wp:attachment":[{"href":"https:\/\/sunmelighting.com\/pt\/wp-json\/wp\/v2\/media?parent=11879"}],"wp:term":[{"taxonomy":"product_brand","embeddable":true,"href":"https:\/\/sunmelighting.com\/pt\/wp-json\/wp\/v2\/product_brand?post=11879"},{"taxonomy":"product_cat","embeddable":true,"href":"https:\/\/sunmelighting.com\/pt\/wp-json\/wp\/v2\/product_cat?post=11879"},{"taxonomy":"product_tag","embeddable":true,"href":"https:\/\/sunmelighting.com\/pt\/wp-json\/wp\/v2\/product_tag?post=11879"}],"curies":[{"name":"wp","href":"https:\/\/api.w.org\/{rel}","templated":true}]}}