{"id":11896,"date":"2024-04-08T09:10:37","date_gmt":"2024-04-08T09:10:37","guid":{"rendered":"https:\/\/sunme.top\/?post_type=product&#038;p=11896"},"modified":"2024-08-23T05:58:54","modified_gmt":"2024-08-23T05:58:54","slug":"sd8071100r","status":"publish","type":"product","link":"https:\/\/sunmelighting.com\/pt\/product\/sd8071100r\/","title":{"rendered":"SAW 100 Down Light Fixo \/ Embutido"},"content":{"rendered":"<div data-elementor-type=\"wp-post\" data-elementor-id=\"11896\" class=\"elementor elementor-11896\" data-elementor-post-type=\"product\">\n\t\t\t\t<div class=\"wd-negative-gap elementor-element elementor-element-52b2d53 e-flex e-con-boxed e-con e-parent\" data-id=\"52b2d53\" data-element_type=\"container\" data-e-type=\"container\">\n\t\t\t\t\t<div class=\"e-con-inner\">\n\t\t\t\t\t<\/div>\n\t\t\t\t<\/div>\n\t\t\t\t<\/div>","protected":false},"excerpt":{"rendered":"<div class=\"pix-el-text slide-in-container w-100\">\n<div class=\"d-inline-block\">SD8071100R<\/div>\n<\/div>\n<div class=\"wpb_text_column wpb_content_element\">\n<div class=\"wpb_wrapper\">\n<p>Pot\u00eancia: 18W<br \/>\nRecorte:\u03a6100mm<br \/>\n\u00c2ngulo de feixe: 15\u00b0\/30\u00b0\/45\u00b0<br \/>\nCCT: 3000K\/4000K\/6000K<br \/>\nCor: Branco \/ Preto \/ Personalizado<br \/>\nInstala\u00e7\u00e3o: Encastrado<\/p>\n<p><img decoding=\"async\" class=\"alignnone size-full wp-image-11886\" src=\"http:\/\/sunmelighting.com\/wp-content\/uploads\/2024\/04\/Saw.webp\" alt=\"\" width=\"400\" height=\"110\" srcset=\"https:\/\/sunmelighting.com\/wp-content\/uploads\/2024\/04\/Saw.webp 400w, https:\/\/sunmelighting.com\/wp-content\/uploads\/2024\/04\/Saw-150x41.webp 150w, https:\/\/sunmelighting.com\/wp-content\/uploads\/2024\/04\/Saw-300x83.webp 300w\" sizes=\"(max-width: 400px) 100vw, 400px\" \/><\/p>\n<\/div>\n<\/div>\n<h3 data-wp-editing=\"1\"><strong>Descri\u00e7\u00e3o do produto<\/strong><\/h3>\n<ul>\n<li>Design cl\u00e1ssico com reflectores duplos, estrutura antirreflexo oferece luzes suaves e de conforto visual para v\u00e1rias aplica\u00e7\u00f5es, UGR&lt;19.<\/li>\n<li>Consumo de energia de min 8W a max 55W por diferentes tamanhos. \u00c2ngulo de feixe 15 \/ 30 \/ 45 graus opcional.<\/li>\n<li>CCT 2700K \/ 3000K \/ 4000\/ 6000K dispon\u00edvel, CRI 80 \/ 90 opcional.<\/li>\n<\/ul>","protected":false},"featured_media":11900,"comment_status":"open","ping_status":"closed","template":"","meta":[],"product_brand":[],"product_cat":[140],"product_tag":[],"class_list":{"0":"post-11896","1":"product","2":"type-product","3":"status-publish","4":"has-post-thumbnail","6":"product_cat-saw-series","8":"first","9":"instock","10":"shipping-taxable","11":"product-type-simple"},"_links":{"self":[{"href":"https:\/\/sunmelighting.com\/pt\/wp-json\/wp\/v2\/product\/11896","targetHints":{"allow":["GET"]}}],"collection":[{"href":"https:\/\/sunmelighting.com\/pt\/wp-json\/wp\/v2\/product"}],"about":[{"href":"https:\/\/sunmelighting.com\/pt\/wp-json\/wp\/v2\/types\/product"}],"replies":[{"embeddable":true,"href":"https:\/\/sunmelighting.com\/pt\/wp-json\/wp\/v2\/comments?post=11896"}],"version-history":[{"count":0,"href":"https:\/\/sunmelighting.com\/pt\/wp-json\/wp\/v2\/product\/11896\/revisions"}],"wp:featuredmedia":[{"embeddable":true,"href":"https:\/\/sunmelighting.com\/pt\/wp-json\/wp\/v2\/media\/11900"}],"wp:attachment":[{"href":"https:\/\/sunmelighting.com\/pt\/wp-json\/wp\/v2\/media?parent=11896"}],"wp:term":[{"taxonomy":"product_brand","embeddable":true,"href":"https:\/\/sunmelighting.com\/pt\/wp-json\/wp\/v2\/product_brand?post=11896"},{"taxonomy":"product_cat","embeddable":true,"href":"https:\/\/sunmelighting.com\/pt\/wp-json\/wp\/v2\/product_cat?post=11896"},{"taxonomy":"product_tag","embeddable":true,"href":"https:\/\/sunmelighting.com\/pt\/wp-json\/wp\/v2\/product_tag?post=11896"}],"curies":[{"name":"wp","href":"https:\/\/api.w.org\/{rel}","templated":true}]}}