{"id":12056,"date":"2024-04-09T06:45:52","date_gmt":"2024-04-09T06:45:52","guid":{"rendered":"https:\/\/sunme.top\/?post_type=product&#038;p=12056"},"modified":"2024-08-23T06:21:14","modified_gmt":"2024-08-23T06:21:14","slug":"ss811075r","status":"publish","type":"product","link":"https:\/\/sunmelighting.com\/pt\/product\/ss811075r\/","title":{"rendered":"ORO 75 Down Light de superf\u00edcie"},"content":{"rendered":"<div data-elementor-type=\"wp-post\" data-elementor-id=\"12056\" class=\"elementor elementor-12056\" data-elementor-post-type=\"product\">\n\t\t\t\t<div class=\"wd-negative-gap elementor-element elementor-element-52b2d53 e-flex e-con-boxed e-con e-parent\" data-id=\"52b2d53\" data-element_type=\"container\" data-e-type=\"container\">\n\t\t\t\t\t<div class=\"e-con-inner\">\n\t\t\t\t\t<\/div>\n\t\t\t\t<\/div>\n\t\t\t\t<\/div>","protected":false},"excerpt":{"rendered":"<div class=\"pix-el-text slide-in-container w-100\">\n<div class=\"d-inline-block\">\n<div class=\"pix-el-text slide-in-container w-100\">\n<div class=\"d-inline-block\">\n<p class=\"text-black font-weight-bold\"><strong>SS811075R<\/strong><\/p>\n<\/div>\n<\/div>\n<\/div>\n<\/div>\n<div class=\"wpb_text_column wpb_content_element\">\n<div class=\"wpb_wrapper\">\n<p>Pot\u00eancia: 10W<br \/>\nRecorte:\/<br \/>\n\u00c2ngulo de feixe: 20\u00b0\/40\u00b0<br \/>\nCCT: 2700K\/3000K\/3500K\/4000K<br \/>\nCor: Branco \/ Preto \/ Personalizado<br \/>\nInstala\u00e7\u00e3o: Montagem \u00e0 superf\u00edcie<\/p>\n<p><img decoding=\"async\" class=\"alignnone size-full wp-image-15076\" src=\"http:\/\/sunmelighting.com\/wp-content\/uploads\/2024\/04\/ORO.webp\" alt=\"\" width=\"400\" height=\"110\" srcset=\"https:\/\/sunmelighting.com\/wp-content\/uploads\/2024\/04\/ORO.webp 400w, https:\/\/sunmelighting.com\/wp-content\/uploads\/2024\/04\/ORO-300x83.webp 300w, https:\/\/sunmelighting.com\/wp-content\/uploads\/2024\/04\/ORO-150x41.webp 150w\" sizes=\"(max-width: 400px) 100vw, 400px\" \/><\/p>\n<\/div>\n<\/div>\n<h3 data-wp-editing=\"1\"><strong>Descri\u00e7\u00e3o do produto<\/strong><\/h3>\n<ul>\n<li>Refletor profundo com a melhor experi\u00eancia de ilumina\u00e7\u00e3o antirreflexo.<\/li>\n<li>O dissipador de calor fundido garante uma dissipa\u00e7\u00e3o t\u00e9rmica suficiente e uma longa vida \u00fatil.<\/li>\n<li>Consumo de energia de 10W a 60W m\u00e1ximo em diferentes tamanhos.<\/li>\n<li>CCT 2700K \/ 3000K \/ 4000\/ 6000K dispon\u00edvel, CRI 90 \/ 95 opcional, IP20 \/ IP54 opcional.<\/li>\n<\/ul>","protected":false},"featured_media":12043,"comment_status":"open","ping_status":"closed","template":"","meta":[],"product_brand":[],"product_cat":[146],"product_tag":[],"class_list":{"0":"post-12056","1":"product","2":"type-product","3":"status-publish","4":"has-post-thumbnail","6":"product_cat-oro-series","8":"first","9":"instock","10":"shipping-taxable","11":"product-type-simple"},"_links":{"self":[{"href":"https:\/\/sunmelighting.com\/pt\/wp-json\/wp\/v2\/product\/12056","targetHints":{"allow":["GET"]}}],"collection":[{"href":"https:\/\/sunmelighting.com\/pt\/wp-json\/wp\/v2\/product"}],"about":[{"href":"https:\/\/sunmelighting.com\/pt\/wp-json\/wp\/v2\/types\/product"}],"replies":[{"embeddable":true,"href":"https:\/\/sunmelighting.com\/pt\/wp-json\/wp\/v2\/comments?post=12056"}],"version-history":[{"count":0,"href":"https:\/\/sunmelighting.com\/pt\/wp-json\/wp\/v2\/product\/12056\/revisions"}],"wp:featuredmedia":[{"embeddable":true,"href":"https:\/\/sunmelighting.com\/pt\/wp-json\/wp\/v2\/media\/12043"}],"wp:attachment":[{"href":"https:\/\/sunmelighting.com\/pt\/wp-json\/wp\/v2\/media?parent=12056"}],"wp:term":[{"taxonomy":"product_brand","embeddable":true,"href":"https:\/\/sunmelighting.com\/pt\/wp-json\/wp\/v2\/product_brand?post=12056"},{"taxonomy":"product_cat","embeddable":true,"href":"https:\/\/sunmelighting.com\/pt\/wp-json\/wp\/v2\/product_cat?post=12056"},{"taxonomy":"product_tag","embeddable":true,"href":"https:\/\/sunmelighting.com\/pt\/wp-json\/wp\/v2\/product_tag?post=12056"}],"curies":[{"name":"wp","href":"https:\/\/api.w.org\/{rel}","templated":true}]}}