{"id":14500,"date":"2024-05-13T07:45:10","date_gmt":"2024-05-13T07:45:10","guid":{"rendered":"http:\/\/sunmelighting.com\/?post_type=product&#038;p=14500"},"modified":"2024-08-22T02:39:42","modified_gmt":"2024-08-22T02:39:42","slug":"sd011030hr-c","status":"publish","type":"product","link":"https:\/\/sunmelighting.com\/pt\/product\/sd011030hr-c\/","title":{"rendered":"SARA 30 3W COB Fixo \/ Anti-galre profundo"},"content":{"rendered":"<div data-elementor-type=\"wp-post\" data-elementor-id=\"14500\" class=\"elementor elementor-14500\" data-elementor-post-type=\"product\">\n\t\t\t\t<div class=\"wd-negative-gap elementor-element elementor-element-52b2d53 e-flex e-con-boxed e-con e-parent\" data-id=\"52b2d53\" data-element_type=\"container\" data-e-type=\"container\">\n\t\t\t\t\t<div class=\"e-con-inner\">\n\t\t\t\t\t<\/div>\n\t\t\t\t<\/div>\n\t\t\t\t<\/div>","protected":false},"excerpt":{"rendered":"<div class=\"pix-el-text slide-in-container w-100\">\n<div class=\"d-inline-block\">SD011030HR-C<\/div>\n<\/div>\n<div class=\"wpb_text_column wpb_content_element\">\n<div class=\"wpb_wrapper\">\n<p>Pot\u00eancia: 3W<br \/>\nRecorte: \u03a640mm<br \/>\n\u00c2ngulo de feixe: 20\u00b0\/30\u00b0\/40\u00b0<br \/>\nCCT: 2700K\/3000K\/3500K\/4000K<br \/>\nCor: Branco \/ Preto \/ Personalizado<br \/>\nInstala\u00e7\u00e3o: Encastrado<\/p>\n<p data-wp-editing=\"1\"><img decoding=\"async\" class=\"alignnone size-full wp-image-14477\" src=\"http:\/\/sunmelighting.com\/wp-content\/uploads\/2024\/05\/SARA-COB.webp\" alt=\"\" width=\"400\" height=\"110\" srcset=\"https:\/\/sunmelighting.com\/wp-content\/uploads\/2024\/05\/SARA-COB.webp 400w, https:\/\/sunmelighting.com\/wp-content\/uploads\/2024\/05\/SARA-COB-150x41.webp 150w, https:\/\/sunmelighting.com\/wp-content\/uploads\/2024\/05\/SARA-COB-300x83.webp 300w\" sizes=\"(max-width: 400px) 100vw, 400px\" \/><\/p>\n<\/div>\n<\/div>\n<h3 data-wp-editing=\"1\"><strong>Descri\u00e7\u00e3o do produto<\/strong><\/h3>\n<ul>\n<li>Tamanho pequeno para tectos estreitos, tamanho pequeno e pot\u00eancia elevada.<\/li>\n<li>M\u00f3dulo dissipador de calor sem ferramentas para aumentar a pot\u00eancia.<\/li>\n<li>A vers\u00e3o SMD e a vers\u00e3o COB est\u00e3o dispon\u00edveis, excelente consist\u00eancia de cor (2SDCM).<\/li>\n<li>Design antirreflexo profundo, an\u00e9is antirreflexo de cores diferentes opcionais.<\/li>\n<li>Substitui\u00e7\u00e3o sem ferramentas dos an\u00e9is antirreflexo e da lente, IP54 opcional.<\/li>\n<li>Est\u00e3o dispon\u00edveis vers\u00f5es fixas e ajust\u00e1veis.<\/li>\n<\/ul>","protected":false},"featured_media":14501,"comment_status":"open","ping_status":"closed","template":"","meta":[],"product_brand":[],"product_cat":[257],"product_tag":[],"class_list":{"0":"post-14500","1":"product","2":"type-product","3":"status-publish","4":"has-post-thumbnail","6":"product_cat-sara-series","8":"first","9":"instock","10":"shipping-taxable","11":"product-type-simple"},"_links":{"self":[{"href":"https:\/\/sunmelighting.com\/pt\/wp-json\/wp\/v2\/product\/14500","targetHints":{"allow":["GET"]}}],"collection":[{"href":"https:\/\/sunmelighting.com\/pt\/wp-json\/wp\/v2\/product"}],"about":[{"href":"https:\/\/sunmelighting.com\/pt\/wp-json\/wp\/v2\/types\/product"}],"replies":[{"embeddable":true,"href":"https:\/\/sunmelighting.com\/pt\/wp-json\/wp\/v2\/comments?post=14500"}],"version-history":[{"count":0,"href":"https:\/\/sunmelighting.com\/pt\/wp-json\/wp\/v2\/product\/14500\/revisions"}],"wp:featuredmedia":[{"embeddable":true,"href":"https:\/\/sunmelighting.com\/pt\/wp-json\/wp\/v2\/media\/14501"}],"wp:attachment":[{"href":"https:\/\/sunmelighting.com\/pt\/wp-json\/wp\/v2\/media?parent=14500"}],"wp:term":[{"taxonomy":"product_brand","embeddable":true,"href":"https:\/\/sunmelighting.com\/pt\/wp-json\/wp\/v2\/product_brand?post=14500"},{"taxonomy":"product_cat","embeddable":true,"href":"https:\/\/sunmelighting.com\/pt\/wp-json\/wp\/v2\/product_cat?post=14500"},{"taxonomy":"product_tag","embeddable":true,"href":"https:\/\/sunmelighting.com\/pt\/wp-json\/wp\/v2\/product_tag?post=14500"}],"curies":[{"name":"wp","href":"https:\/\/api.w.org\/{rel}","templated":true}]}}