{"id":15364,"date":"2024-05-17T08:35:31","date_gmt":"2024-05-17T08:35:31","guid":{"rendered":"http:\/\/sunmelighting.com\/?post_type=product&#038;p=15364"},"modified":"2024-08-19T07:21:34","modified_gmt":"2024-08-19T07:21:34","slug":"sd044075r-3","status":"publish","type":"product","link":"https:\/\/sunmelighting.com\/pt\/product\/sd044075r-3\/","title":{"rendered":"75 Spot Light Ajust\u00e1vel \/ Trim"},"content":{"rendered":"<div data-elementor-type=\"wp-post\" data-elementor-id=\"15364\" class=\"elementor elementor-15364\" data-elementor-post-type=\"product\">\n\t\t\t\t<div class=\"wd-negative-gap elementor-element elementor-element-52b2d53 e-flex e-con-boxed e-con e-parent\" data-id=\"52b2d53\" data-element_type=\"container\" data-e-type=\"container\">\n\t\t\t\t\t<div class=\"e-con-inner\">\n\t\t\t\t\t<\/div>\n\t\t\t\t<\/div>\n\t\t\t\t<\/div>","protected":false},"excerpt":{"rendered":"<div class=\"pix-el-text slide-in-container w-100\">\n<div class=\"d-inline-block\">SD044075R<\/div>\n<\/div>\n<div class=\"wpb_text_column wpb_content_element\">\n<div class=\"wpb_wrapper\">\n<p>Pot\u00eancia: 25W<br \/>\nRecorte:\u03a668mm<br \/>\n\u00c2ngulo de feixe: 15\u00b0\/24\u00b0\/36\u00b0\/55\u00b0<br \/>\nCCT: 2700K\/3000K\/3500K\/4000K<br \/>\nCor: Branco \/ Preto \/ Personalizado<br \/>\nInstala\u00e7\u00e3o: Encastrado<\/p>\n<p data-wp-editing=\"1\"><img decoding=\"async\" class=\"alignnone size-full wp-image-15317\" src=\"http:\/\/sunmelighting.com\/wp-content\/uploads\/2024\/05\/LETGO-SPOT-LIGHT.webp\" alt=\"\" width=\"400\" height=\"110\" srcset=\"https:\/\/sunmelighting.com\/wp-content\/uploads\/2024\/05\/LETGO-SPOT-LIGHT.webp 400w, https:\/\/sunmelighting.com\/wp-content\/uploads\/2024\/05\/LETGO-SPOT-LIGHT-300x83.webp 300w, https:\/\/sunmelighting.com\/wp-content\/uploads\/2024\/05\/LETGO-SPOT-LIGHT-150x41.webp 150w\" sizes=\"(max-width: 400px) 100vw, 400px\" \/><\/p>\n<\/div>\n<\/div>\n<h3 data-wp-editing=\"1\"><strong>Descri\u00e7\u00e3o do produto<\/strong><\/h3>\n<ul>\n<li>Design totalmente modular, facilmente substitu\u00edvel no motor LED, estrutura MR16 opcional.<\/li>\n<li>Amig\u00e1vel para instala\u00e7\u00e3o e manuten\u00e7\u00e3o \uff0c ajustabilidade na inclina\u00e7\u00e3o de +\/- 20 \u00b0 e rota\u00e7\u00e3o de 355 \u00b0<\/li>\n<li>Design antirreflexo profundo, an\u00e9is interiores de cores diferentes e persiana em favo de mel opcional.<\/li>\n<li>Anel antirreflexo nivelado com o teto para manter o teto limpo.<\/li>\n<li>Efici\u00eancia do sistema at\u00e9 120Lm\/W opcional @3000K 90RA.<\/li>\n<li>Pequeno recorte \u00fanico de 68 mm para bloqueio de propostas e prote\u00e7\u00e3o de projectos.<\/li>\n<\/ul>","protected":false},"featured_media":15365,"comment_status":"open","ping_status":"closed","template":"","meta":[],"product_brand":[],"product_cat":[268],"product_tag":[],"class_list":{"0":"post-15364","1":"product","2":"type-product","3":"status-publish","4":"has-post-thumbnail","6":"product_cat-letgo-spot-light","8":"first","9":"instock","10":"shipping-taxable","11":"product-type-simple"},"_links":{"self":[{"href":"https:\/\/sunmelighting.com\/pt\/wp-json\/wp\/v2\/product\/15364","targetHints":{"allow":["GET"]}}],"collection":[{"href":"https:\/\/sunmelighting.com\/pt\/wp-json\/wp\/v2\/product"}],"about":[{"href":"https:\/\/sunmelighting.com\/pt\/wp-json\/wp\/v2\/types\/product"}],"replies":[{"embeddable":true,"href":"https:\/\/sunmelighting.com\/pt\/wp-json\/wp\/v2\/comments?post=15364"}],"version-history":[{"count":0,"href":"https:\/\/sunmelighting.com\/pt\/wp-json\/wp\/v2\/product\/15364\/revisions"}],"wp:featuredmedia":[{"embeddable":true,"href":"https:\/\/sunmelighting.com\/pt\/wp-json\/wp\/v2\/media\/15365"}],"wp:attachment":[{"href":"https:\/\/sunmelighting.com\/pt\/wp-json\/wp\/v2\/media?parent=15364"}],"wp:term":[{"taxonomy":"product_brand","embeddable":true,"href":"https:\/\/sunmelighting.com\/pt\/wp-json\/wp\/v2\/product_brand?post=15364"},{"taxonomy":"product_cat","embeddable":true,"href":"https:\/\/sunmelighting.com\/pt\/wp-json\/wp\/v2\/product_cat?post=15364"},{"taxonomy":"product_tag","embeddable":true,"href":"https:\/\/sunmelighting.com\/pt\/wp-json\/wp\/v2\/product_tag?post=15364"}],"curies":[{"name":"wp","href":"https:\/\/api.w.org\/{rel}","templated":true}]}}