{"id":15374,"date":"2024-05-17T08:39:53","date_gmt":"2024-05-17T08:39:53","guid":{"rendered":"http:\/\/sunmelighting.com\/?post_type=product&#038;p=15374"},"modified":"2024-05-17T09:41:18","modified_gmt":"2024-05-17T09:41:18","slug":"st3423d","status":"publish","type":"product","link":"https:\/\/sunmelighting.com\/pt\/product\/st3423d\/","title":{"rendered":"TANGO de encastrar 6W"},"content":{"rendered":"<div data-elementor-type=\"wp-post\" data-elementor-id=\"15374\" class=\"elementor elementor-15374\" data-elementor-post-type=\"product\">\n\t\t\t\t<div class=\"wd-negative-gap elementor-element elementor-element-52b2d53 e-flex e-con-boxed e-con e-parent\" data-id=\"52b2d53\" data-element_type=\"container\" data-e-type=\"container\">\n\t\t\t\t\t<div class=\"e-con-inner\">\n\t\t\t\t\t<\/div>\n\t\t\t\t<\/div>\n\t\t\t\t<\/div>","protected":false},"excerpt":{"rendered":"<div class=\"pix-el-text slide-in-container w-100\">\n<div class=\"d-inline-block\">ST3423D<\/div>\n<\/div>\n<div class=\"wpb_text_column wpb_content_element\">\n<div class=\"wpb_wrapper\">\n<p>Pot\u00eancia: 6W<br \/>\nRecorte:\u03a650mm<br \/>\n\u00c2ngulo de feixe: 15\u00b0\/24\u00b0\/36\u00b0\/50\u00b0<br \/>\nCCT: 2700K\/3000K\/3500K\/4000K<br \/>\nCor: Branco \/ Preto \/ Personalizado<br \/>\nInstala\u00e7\u00e3o: Encastrado<\/p>\n<p data-wp-editing=\"1\"><img decoding=\"async\" class=\"alignnone size-full wp-image-15375\" src=\"http:\/\/sunmelighting.com\/wp-content\/uploads\/2024\/05\/TANGO-Recessed.webp\" alt=\"\" width=\"400\" height=\"110\" srcset=\"https:\/\/sunmelighting.com\/wp-content\/uploads\/2024\/05\/TANGO-Recessed.webp 400w, https:\/\/sunmelighting.com\/wp-content\/uploads\/2024\/05\/TANGO-Recessed-300x83.webp 300w, https:\/\/sunmelighting.com\/wp-content\/uploads\/2024\/05\/TANGO-Recessed-150x41.webp 150w\" sizes=\"(max-width: 400px) 100vw, 400px\" \/><\/p>\n<\/div>\n<\/div>\n<h3 data-wp-editing=\"1\"><strong>Descri\u00e7\u00e3o do produto<\/strong><\/h3>\n<ul>\n<li>Cilindro e tamanho pequeno com driver incorporado, regula\u00e7\u00e3o TRIAC e Dim to Warm opcional.<\/li>\n<li>Efici\u00eancia do sistema at\u00e9 120Lm\/W opcional @3000K 90RA.<\/li>\n<li>Design antirreflexo profundo, an\u00e9is antirreflexo de cores diferentes opcionais.<\/li>\n<li>Substitui\u00e7\u00e3o sem ferramentas dos an\u00e9is antirreflexo e da lente, persiana em favo de mel opcional.<\/li>\n<li>Est\u00e3o dispon\u00edveis tr\u00eas m\u00e9todos de montagem: Calha, encastrado e montado no teto.<\/li>\n<li>Ajust\u00e1vel 0-355\u00b0 na horizontal, inclin\u00e1vel 0-90\u00b0 na vertical.<\/li>\n<\/ul>","protected":false},"featured_media":15376,"comment_status":"open","ping_status":"closed","template":"","meta":[],"product_brand":[],"product_cat":[264],"product_tag":[],"class_list":{"0":"post-15374","1":"product","2":"type-product","3":"status-publish","4":"has-post-thumbnail","6":"product_cat-tango-recessed","8":"first","9":"instock","10":"shipping-taxable","11":"product-type-simple"},"_links":{"self":[{"href":"https:\/\/sunmelighting.com\/pt\/wp-json\/wp\/v2\/product\/15374","targetHints":{"allow":["GET"]}}],"collection":[{"href":"https:\/\/sunmelighting.com\/pt\/wp-json\/wp\/v2\/product"}],"about":[{"href":"https:\/\/sunmelighting.com\/pt\/wp-json\/wp\/v2\/types\/product"}],"replies":[{"embeddable":true,"href":"https:\/\/sunmelighting.com\/pt\/wp-json\/wp\/v2\/comments?post=15374"}],"version-history":[{"count":0,"href":"https:\/\/sunmelighting.com\/pt\/wp-json\/wp\/v2\/product\/15374\/revisions"}],"wp:featuredmedia":[{"embeddable":true,"href":"https:\/\/sunmelighting.com\/pt\/wp-json\/wp\/v2\/media\/15376"}],"wp:attachment":[{"href":"https:\/\/sunmelighting.com\/pt\/wp-json\/wp\/v2\/media?parent=15374"}],"wp:term":[{"taxonomy":"product_brand","embeddable":true,"href":"https:\/\/sunmelighting.com\/pt\/wp-json\/wp\/v2\/product_brand?post=15374"},{"taxonomy":"product_cat","embeddable":true,"href":"https:\/\/sunmelighting.com\/pt\/wp-json\/wp\/v2\/product_cat?post=15374"},{"taxonomy":"product_tag","embeddable":true,"href":"https:\/\/sunmelighting.com\/pt\/wp-json\/wp\/v2\/product_tag?post=15374"}],"curies":[{"name":"wp","href":"https:\/\/api.w.org\/{rel}","templated":true}]}}