{"id":19460,"date":"2025-07-22T11:25:40","date_gmt":"2025-07-22T03:25:40","guid":{"rendered":"https:\/\/sunmelighting.com\/?post_type=product&#038;p=19460"},"modified":"2025-07-22T11:31:42","modified_gmt":"2025-07-22T03:31:42","slug":"sg80302080s","status":"publish","type":"product","link":"https:\/\/sunmelighting.com\/pt\/product\/sg80302080s\/","title":{"rendered":"Reta 80 Spot Light Twin \/ Ajust\u00e1vel"},"content":{"rendered":"<div data-elementor-type=\"wp-post\" data-elementor-id=\"19460\" class=\"elementor elementor-19460\" data-elementor-post-type=\"product\">\n\t\t\t\t<div class=\"wd-negative-gap elementor-element elementor-element-52b2d53 e-flex e-con-boxed e-con e-parent\" data-id=\"52b2d53\" data-element_type=\"container\" data-e-type=\"container\">\n\t\t\t\t\t<div class=\"e-con-inner\">\n\t\t\t\t\t<\/div>\n\t\t\t\t<\/div>\n\t\t\t\t<\/div>","protected":false},"excerpt":{"rendered":"<div class=\"pix-el-text slide-in-container w-100\">\n<div class=\"d-inline-block\" style=\"text-align: left;\">SG80302080S<\/div>\n<\/div>\n<div class=\"wpb_text_column wpb_content_element\" style=\"text-align: left;\">\n<div class=\"wpb_wrapper\">\n<p>Power:12Wx2<br \/>\nCut-out: 80\u00d7155mm<br \/>\n\u00c2ngulo de feixe:15\/24\/36\/45\u00b0<br \/>\nCCT: 2700K\/3000K\/3500K\/4000K<br \/>\nCor: Branco \/ Preto \/ Personalizado<br \/>\nInstala\u00e7\u00e3o: Encastrado<\/p>\n<\/div>\n<\/div>\n<p style=\"text-align: left;\"><img decoding=\"async\" class=\"alignnone size-full wp-image-17225\" src=\"http:\/\/sunmelighting.com\/wp-content\/uploads\/2024\/09\/Trunk.webp\" alt=\"\" width=\"400\" height=\"110\" srcset=\"https:\/\/sunmelighting.com\/wp-content\/uploads\/2024\/09\/Trunk.webp 400w, https:\/\/sunmelighting.com\/wp-content\/uploads\/2024\/09\/Trunk-300x83.webp 300w, https:\/\/sunmelighting.com\/wp-content\/uploads\/2024\/09\/Trunk-150x41.webp 150w\" sizes=\"(max-width: 400px) 100vw, 400px\" \/><\/p>\n<h3 style=\"text-align: left;\" data-wp-editing=\"1\"><strong>Descri\u00e7\u00e3o do produto<\/strong><\/h3>\n<ul>\n<li style=\"text-align: left;\">O motor de arrefecimento passivo convectivo garante a longa dura\u00e7\u00e3o das lumin\u00e1rias. Adequado para aplica\u00e7\u00f5es em tectos altos.<\/li>\n<li style=\"text-align: left;\">Inclin\u00e1vel 0-30 graus, ajust\u00e1vel 0-355 para qualquer dire\u00e7\u00e3o. Lente de alta efici\u00eancia para uma melhor sa\u00edda de luz.<\/li>\n<li style=\"text-align: left;\">Tipo simples \/ duplo \/ triplo, redondo \/ quadrado opcional para diferentes tipos de aplica\u00e7\u00e3o. 2700K \/ 3000K \/ 4000\/ 6000K dispon\u00edveis.<\/li>\n<\/ul>","protected":false},"featured_media":19466,"comment_status":"closed","ping_status":"closed","template":"","meta":[],"product_brand":[],"product_cat":[329],"product_tag":[],"class_list":{"0":"post-19460","1":"product","2":"type-product","3":"status-publish","4":"has-post-thumbnail","6":"product_cat-reta","8":"first","9":"instock","10":"shipping-taxable","11":"product-type-simple"},"_links":{"self":[{"href":"https:\/\/sunmelighting.com\/pt\/wp-json\/wp\/v2\/product\/19460","targetHints":{"allow":["GET"]}}],"collection":[{"href":"https:\/\/sunmelighting.com\/pt\/wp-json\/wp\/v2\/product"}],"about":[{"href":"https:\/\/sunmelighting.com\/pt\/wp-json\/wp\/v2\/types\/product"}],"replies":[{"embeddable":true,"href":"https:\/\/sunmelighting.com\/pt\/wp-json\/wp\/v2\/comments?post=19460"}],"version-history":[{"count":0,"href":"https:\/\/sunmelighting.com\/pt\/wp-json\/wp\/v2\/product\/19460\/revisions"}],"wp:featuredmedia":[{"embeddable":true,"href":"https:\/\/sunmelighting.com\/pt\/wp-json\/wp\/v2\/media\/19466"}],"wp:attachment":[{"href":"https:\/\/sunmelighting.com\/pt\/wp-json\/wp\/v2\/media?parent=19460"}],"wp:term":[{"taxonomy":"product_brand","embeddable":true,"href":"https:\/\/sunmelighting.com\/pt\/wp-json\/wp\/v2\/product_brand?post=19460"},{"taxonomy":"product_cat","embeddable":true,"href":"https:\/\/sunmelighting.com\/pt\/wp-json\/wp\/v2\/product_cat?post=19460"},{"taxonomy":"product_tag","embeddable":true,"href":"https:\/\/sunmelighting.com\/pt\/wp-json\/wp\/v2\/product_tag?post=19460"}],"curies":[{"name":"wp","href":"https:\/\/api.w.org\/{rel}","templated":true}]}}