{"id":11861,"date":"2024-04-08T08:08:07","date_gmt":"2024-04-08T08:08:07","guid":{"rendered":"https:\/\/sunme.top\/?post_type=product&#038;p=11861"},"modified":"2024-08-23T05:53:36","modified_gmt":"2024-08-23T05:53:36","slug":"sd8141215r","status":"publish","type":"product","link":"https:\/\/sunmelighting.com\/sv\/product\/sd8141215r\/","title":{"rendered":"MITO 215 Down Light fast \/ inf\u00e4lld"},"content":{"rendered":"<div data-elementor-type=\"wp-post\" data-elementor-id=\"11861\" class=\"elementor elementor-11861\" data-elementor-post-type=\"product\">\n\t\t\t\t<div class=\"wd-negative-gap elementor-element elementor-element-52b2d53 e-flex e-con-boxed e-con e-parent\" data-id=\"52b2d53\" data-element_type=\"container\" data-e-type=\"container\">\n\t\t\t\t\t<div class=\"e-con-inner\">\n\t\t\t\t\t<\/div>\n\t\t\t\t<\/div>\n\t\t\t\t<\/div>","protected":false},"excerpt":{"rendered":"<div class=\"pix-el-text slide-in-container w-100\">\n<div class=\"d-inline-block\"><strong>SD8141215R<\/strong><\/div>\n<\/div>\n<div class=\"wpb_text_column wpb_content_element\">\n<div class=\"wpb_wrapper\">\n<p>Effekt: 30W<br \/>\nUtsk\u00e4rning:\u03a6215mm<br \/>\nStr\u00e5lningsvinkel: 90\u00b0.<br \/>\nCCT: 3000K\/4000K\/6000K<br \/>\nF\u00e4rg: Vit \/ Svart \/ Anpassad<br \/>\nInstallation: Inf\u00e4lld<\/p>\n<p><img decoding=\"async\" class=\"alignnone size-full wp-image-11839\" src=\"http:\/\/sunmelighting.com\/wp-content\/uploads\/2024\/04\/Mito.webp\" alt=\"\" width=\"400\" height=\"110\" srcset=\"https:\/\/sunmelighting.com\/wp-content\/uploads\/2024\/04\/Mito.webp 400w, https:\/\/sunmelighting.com\/wp-content\/uploads\/2024\/04\/Mito-150x41.webp 150w, https:\/\/sunmelighting.com\/wp-content\/uploads\/2024\/04\/Mito-300x83.webp 300w\" sizes=\"(max-width: 400px) 100vw, 400px\" \/><\/p>\n<\/div>\n<\/div>\n<h3 data-wp-editing=\"1\"><strong>Produktbeskrivning<\/strong><\/h3>\n<ul>\n<li>Klassisk design med reflektor i olika storlekar f\u00f6r olika effekt fr\u00e5n 6W till max 30W.<\/li>\n<li>Pressgjuten kylfl\u00e4ns med konvektionsdesign s\u00e4kerst\u00e4ller tillr\u00e4cklig v\u00e4rmeavledning och l\u00e5ng livsl\u00e4ngd.<\/li>\n<li>CCT 3000K \/ 4000\/ 6000K tillg\u00e4nglig, fj\u00e4rrstyrd Triac \/ 0-10V \/ DALI-dimning som tillval.<\/li>\n<\/ul>","protected":false},"featured_media":11853,"comment_status":"open","ping_status":"closed","template":"","meta":[],"product_brand":[],"product_cat":[138],"product_tag":[],"class_list":{"0":"post-11861","1":"product","2":"type-product","3":"status-publish","4":"has-post-thumbnail","6":"product_cat-mito-series","8":"first","9":"instock","10":"shipping-taxable","11":"product-type-simple"},"_links":{"self":[{"href":"https:\/\/sunmelighting.com\/sv\/wp-json\/wp\/v2\/product\/11861","targetHints":{"allow":["GET"]}}],"collection":[{"href":"https:\/\/sunmelighting.com\/sv\/wp-json\/wp\/v2\/product"}],"about":[{"href":"https:\/\/sunmelighting.com\/sv\/wp-json\/wp\/v2\/types\/product"}],"replies":[{"embeddable":true,"href":"https:\/\/sunmelighting.com\/sv\/wp-json\/wp\/v2\/comments?post=11861"}],"version-history":[{"count":0,"href":"https:\/\/sunmelighting.com\/sv\/wp-json\/wp\/v2\/product\/11861\/revisions"}],"wp:featuredmedia":[{"embeddable":true,"href":"https:\/\/sunmelighting.com\/sv\/wp-json\/wp\/v2\/media\/11853"}],"wp:attachment":[{"href":"https:\/\/sunmelighting.com\/sv\/wp-json\/wp\/v2\/media?parent=11861"}],"wp:term":[{"taxonomy":"product_brand","embeddable":true,"href":"https:\/\/sunmelighting.com\/sv\/wp-json\/wp\/v2\/product_brand?post=11861"},{"taxonomy":"product_cat","embeddable":true,"href":"https:\/\/sunmelighting.com\/sv\/wp-json\/wp\/v2\/product_cat?post=11861"},{"taxonomy":"product_tag","embeddable":true,"href":"https:\/\/sunmelighting.com\/sv\/wp-json\/wp\/v2\/product_tag?post=11861"}],"curies":[{"name":"wp","href":"https:\/\/api.w.org\/{rel}","templated":true}]}}