{"id":11947,"date":"2024-04-09T01:39:47","date_gmt":"2024-04-09T01:39:47","guid":{"rendered":"https:\/\/sunme.top\/?post_type=product&#038;p=11947"},"modified":"2024-08-20T09:44:21","modified_gmt":"2024-08-20T09:44:21","slug":"sd8271145r","status":"publish","type":"product","link":"https:\/\/sunmelighting.com\/sv\/product\/sd8271145r\/","title":{"rendered":"ONUR 145 Down Light"},"content":{"rendered":"<div data-elementor-type=\"wp-post\" data-elementor-id=\"11947\" class=\"elementor elementor-11947\" data-elementor-post-type=\"product\">\n\t\t\t\t<div class=\"wd-negative-gap elementor-element elementor-element-52b2d53 e-flex e-con-boxed e-con e-parent\" data-id=\"52b2d53\" data-element_type=\"container\" data-e-type=\"container\">\n\t\t\t\t\t<div class=\"e-con-inner\">\n\t\t\t\t\t<\/div>\n\t\t\t\t<\/div>\n\t\t\t\t<\/div>","protected":false},"excerpt":{"rendered":"<div class=\"pix-el-text slide-in-container w-100\">\n<div class=\"d-inline-block\">\n<div class=\"pix-el-text slide-in-container w-100\">\n<div class=\"d-inline-block\">\n<p class=\"text-black font-weight-bold\"><strong><span class=\"d-inline-block pix-waiting animated\" data-anim-delay=\"1000\" data-anim-type=\"fade-in-up\">SD8271145R<\/span><\/strong><\/p>\n<\/div>\n<\/div>\n<\/div>\n<\/div>\n<div class=\"wpb_text_column wpb_content_element\">\n<div class=\"wpb_wrapper\">\n<p>Effekt: 35W<br \/>\nUtsk\u00e4rning:\u03a6145mm<br \/>\nStr\u00e5lningsvinkel: 15\u00b0\/24\u00b0\/36\u00b0\/55\u00b0<br \/>\nCCT: 2700K\/3000K\/3500K\/4000K<br \/>\nF\u00e4rg: Vit \/ Svart \/ Anpassad<br \/>\nInstallation: Inf\u00e4lld<\/p>\n<p><img decoding=\"async\" class=\"alignnone size-full wp-image-15059\" src=\"http:\/\/sunmelighting.com\/wp-content\/uploads\/2024\/04\/ONUR.webp\" alt=\"\" width=\"400\" height=\"110\" srcset=\"https:\/\/sunmelighting.com\/wp-content\/uploads\/2024\/04\/ONUR.webp 400w, https:\/\/sunmelighting.com\/wp-content\/uploads\/2024\/04\/ONUR-150x41.webp 150w, https:\/\/sunmelighting.com\/wp-content\/uploads\/2024\/04\/ONUR-300x83.webp 300w\" sizes=\"(max-width: 400px) 100vw, 400px\" \/><\/p>\n<\/div>\n<\/div>\n<h3 data-wp-editing=\"1\"><strong>Produktbeskrivning<\/strong><\/h3>\n<ul>\n<li>H\u00f6geffektiv lins med bra avbl\u00e4ndning i UGR&lt;19. Pressgjuten kylfl\u00e4ns s\u00e4kerst\u00e4ller tillr\u00e4cklig v\u00e4rmeavledning.<\/li>\n<li>Effektf\u00f6rbrukning fr\u00e5n 15W till 45W i olika storlekar: rund\/kvadratisk, IP20\/IP54.<\/li>\n<li>CCT 2700\/3000\/4000\/6000K tillg\u00e4nglig, fj\u00e4rrstyrd Triac \/ 0-10V \/ DALI-dimning som tillval.<\/li>\n<\/ul>","protected":false},"featured_media":11930,"comment_status":"open","ping_status":"closed","template":"","meta":[],"product_brand":[],"product_cat":[141],"product_tag":[],"class_list":{"0":"post-11947","1":"product","2":"type-product","3":"status-publish","4":"has-post-thumbnail","6":"product_cat-onur-series","8":"first","9":"instock","10":"shipping-taxable","11":"product-type-simple"},"_links":{"self":[{"href":"https:\/\/sunmelighting.com\/sv\/wp-json\/wp\/v2\/product\/11947","targetHints":{"allow":["GET"]}}],"collection":[{"href":"https:\/\/sunmelighting.com\/sv\/wp-json\/wp\/v2\/product"}],"about":[{"href":"https:\/\/sunmelighting.com\/sv\/wp-json\/wp\/v2\/types\/product"}],"replies":[{"embeddable":true,"href":"https:\/\/sunmelighting.com\/sv\/wp-json\/wp\/v2\/comments?post=11947"}],"version-history":[{"count":0,"href":"https:\/\/sunmelighting.com\/sv\/wp-json\/wp\/v2\/product\/11947\/revisions"}],"wp:featuredmedia":[{"embeddable":true,"href":"https:\/\/sunmelighting.com\/sv\/wp-json\/wp\/v2\/media\/11930"}],"wp:attachment":[{"href":"https:\/\/sunmelighting.com\/sv\/wp-json\/wp\/v2\/media?parent=11947"}],"wp:term":[{"taxonomy":"product_brand","embeddable":true,"href":"https:\/\/sunmelighting.com\/sv\/wp-json\/wp\/v2\/product_brand?post=11947"},{"taxonomy":"product_cat","embeddable":true,"href":"https:\/\/sunmelighting.com\/sv\/wp-json\/wp\/v2\/product_cat?post=11947"},{"taxonomy":"product_tag","embeddable":true,"href":"https:\/\/sunmelighting.com\/sv\/wp-json\/wp\/v2\/product_tag?post=11947"}],"curies":[{"name":"wp","href":"https:\/\/api.w.org\/{rel}","templated":true}]}}