{"id":12529,"date":"2024-04-11T06:40:54","date_gmt":"2024-04-11T06:40:54","guid":{"rendered":"https:\/\/sunme.top\/?post_type=product&#038;p=12529"},"modified":"2024-08-23T06:25:52","modified_gmt":"2024-08-23T06:25:52","slug":"st5221w","status":"publish","type":"product","link":"https:\/\/sunmelighting.com\/sv\/product\/st5221w\/","title":{"rendered":"DUNK 100 Deep Anti Glare-linser \/ 43W \/ In-track"},"content":{"rendered":"<div data-elementor-type=\"wp-post\" data-elementor-id=\"12529\" class=\"elementor elementor-12529\" data-elementor-post-type=\"product\">\n\t\t\t\t<div class=\"wd-negative-gap elementor-element elementor-element-52b2d53 e-flex e-con-boxed e-con e-parent\" data-id=\"52b2d53\" data-element_type=\"container\" data-e-type=\"container\">\n\t\t\t\t\t<div class=\"e-con-inner\">\n\t\t\t\t\t<\/div>\n\t\t\t\t<\/div>\n\t\t<div class=\"wd-negative-gap elementor-element elementor-element-fb4bcfd e-flex e-con-boxed e-con e-parent\" data-id=\"fb4bcfd\" data-element_type=\"container\" data-e-type=\"container\">\n\t\t\t\t\t<div class=\"e-con-inner\">\n\t\t\t\t<div class=\"elementor-element elementor-element-40a7daf wd-width-100 elementor-widget elementor-widget-wd_title\" data-id=\"40a7daf\" data-element_type=\"widget\" data-e-type=\"widget\" data-widget_type=\"wd_title.default\">\n\t\t\t\t<div class=\"elementor-widget-container\">\n\t\t\t\t\t\t\t<div class=\"title-wrapper wd-set-mb reset-last-child wd-title-color-default wd-title-style-default wd-title-size-default text-left\">\n\n\t\t\t\n\t\t\t<div class=\"liner-continer\">\n\t\t\t\t<h4 class=\"woodmart-title-container title wd-fontsize-l\">Relaterade tillbeh\u00f6r<\/h4> \n\t\t\t\t\t\t\t<\/div>\n\n\t\t\t\t\t<\/div>\n\t\t\t\t\t\t<\/div>\n\t\t\t\t<\/div>\n\t\t<div class=\"elementor-element elementor-element-47df87f e-con-full e-flex e-con e-child\" data-id=\"47df87f\" data-element_type=\"container\" data-e-type=\"container\">\n\t\t<div class=\"elementor-element elementor-element-9353792 e-con-full e-flex e-con e-child\" data-id=\"9353792\" data-element_type=\"container\" data-e-type=\"container\">\n\t\t\t\t<div class=\"elementor-element elementor-element-14d9bf8 elementor-position-top elementor-widget elementor-widget-image-box\" data-id=\"14d9bf8\" data-element_type=\"widget\" data-e-type=\"widget\" data-widget_type=\"image-box.default\">\n\t\t\t\t<div class=\"elementor-widget-container\">\n\t\t\t\t\t<div class=\"elementor-image-box-wrapper\"><figure class=\"elementor-image-box-img\"><img decoding=\"async\" width=\"800\" height=\"800\" src=\"https:\/\/sunmelighting.com\/wp-content\/uploads\/2024\/04\/DUNK-1.webp\" class=\"attachment-full size-full wp-image-16794\" alt=\"\" title=\"\" srcset=\"https:\/\/sunmelighting.com\/wp-content\/uploads\/2024\/04\/DUNK-1.webp 800w, https:\/\/sunmelighting.com\/wp-content\/uploads\/2024\/04\/DUNK-1-300x300.webp 300w, https:\/\/sunmelighting.com\/wp-content\/uploads\/2024\/04\/DUNK-1-150x150.webp 150w, https:\/\/sunmelighting.com\/wp-content\/uploads\/2024\/04\/DUNK-1-768x768.webp 768w, https:\/\/sunmelighting.com\/wp-content\/uploads\/2024\/04\/DUNK-1-600x600.webp 600w\" sizes=\"(max-width: 800px) 100vw, 800px\" \/><\/figure><div class=\"elementor-image-box-content\"><h3 class=\"elementor-image-box-title\">Matt svart<\/h3><\/div><\/div>\t\t\t\t<\/div>\n\t\t\t\t<\/div>\n\t\t\t\t<\/div>\n\t\t<div class=\"elementor-element elementor-element-878f640 e-con-full e-flex e-con e-child\" data-id=\"878f640\" data-element_type=\"container\" data-e-type=\"container\">\n\t\t\t\t<div class=\"elementor-element elementor-element-ba79b65 elementor-position-top elementor-widget elementor-widget-image-box\" data-id=\"ba79b65\" data-element_type=\"widget\" data-e-type=\"widget\" data-widget_type=\"image-box.default\">\n\t\t\t\t<div class=\"elementor-widget-container\">\n\t\t\t\t\t<div class=\"elementor-image-box-wrapper\"><figure class=\"elementor-image-box-img\"><img decoding=\"async\" width=\"800\" height=\"800\" src=\"https:\/\/sunmelighting.com\/wp-content\/uploads\/2024\/04\/DUNK-2.webp\" class=\"attachment-full size-full wp-image-16795\" alt=\"\" title=\"\" srcset=\"https:\/\/sunmelighting.com\/wp-content\/uploads\/2024\/04\/DUNK-2.webp 800w, https:\/\/sunmelighting.com\/wp-content\/uploads\/2024\/04\/DUNK-2-300x300.webp 300w, https:\/\/sunmelighting.com\/wp-content\/uploads\/2024\/04\/DUNK-2-150x150.webp 150w, https:\/\/sunmelighting.com\/wp-content\/uploads\/2024\/04\/DUNK-2-768x768.webp 768w, https:\/\/sunmelighting.com\/wp-content\/uploads\/2024\/04\/DUNK-2-600x600.webp 600w\" sizes=\"(max-width: 800px) 100vw, 800px\" \/><\/figure><div class=\"elementor-image-box-content\"><h3 class=\"elementor-image-box-title\">Matt vit<\/h3><\/div><\/div>\t\t\t\t<\/div>\n\t\t\t\t<\/div>\n\t\t\t\t<\/div>\n\t\t<div class=\"elementor-element elementor-element-76da5e9 e-con-full e-flex e-con e-child\" data-id=\"76da5e9\" data-element_type=\"container\" data-e-type=\"container\">\n\t\t\t\t<div class=\"elementor-element elementor-element-4bfa510 elementor-position-top elementor-widget elementor-widget-image-box\" data-id=\"4bfa510\" data-element_type=\"widget\" data-e-type=\"widget\" data-widget_type=\"image-box.default\">\n\t\t\t\t<div class=\"elementor-widget-container\">\n\t\t\t\t\t<div class=\"elementor-image-box-wrapper\"><figure class=\"elementor-image-box-img\"><img decoding=\"async\" width=\"800\" height=\"800\" src=\"https:\/\/sunmelighting.com\/wp-content\/uploads\/2024\/04\/DUNK-3.webp\" class=\"attachment-full size-full wp-image-16793\" alt=\"\" title=\"\" srcset=\"https:\/\/sunmelighting.com\/wp-content\/uploads\/2024\/04\/DUNK-3.webp 800w, https:\/\/sunmelighting.com\/wp-content\/uploads\/2024\/04\/DUNK-3-300x300.webp 300w, https:\/\/sunmelighting.com\/wp-content\/uploads\/2024\/04\/DUNK-3-150x150.webp 150w, https:\/\/sunmelighting.com\/wp-content\/uploads\/2024\/04\/DUNK-3-768x768.webp 768w, https:\/\/sunmelighting.com\/wp-content\/uploads\/2024\/04\/DUNK-3-600x600.webp 600w\" sizes=\"(max-width: 800px) 100vw, 800px\" \/><\/figure><div class=\"elementor-image-box-content\"><h3 class=\"elementor-image-box-title\">Guld<\/h3><\/div><\/div>\t\t\t\t<\/div>\n\t\t\t\t<\/div>\n\t\t\t\t<\/div>\n\t\t<div class=\"elementor-element elementor-element-28cdd02 e-con-full e-flex e-con e-child\" data-id=\"28cdd02\" data-element_type=\"container\" data-e-type=\"container\">\n\t\t\t\t<\/div>\n\t\t\t\t<\/div>\n\t\t\t\t\t<\/div>\n\t\t\t\t<\/div>\n\t\t\t\t<\/div>","protected":false},"excerpt":{"rendered":"<div class=\"pix-el-text slide-in-container w-100\">\n<div class=\"d-inline-block\">\n<div class=\"pix-el-text slide-in-container w-100\">\n<div class=\"d-inline-block\">\n<div class=\"pix-el-text slide-in-container w-100\">\n<div class=\"d-inline-block\">\n<p class=\"text-black font-weight-bold\"><strong>ST5221W<\/strong><\/p>\n<\/div>\n<\/div>\n<div class=\"wpb_text_column wpb_content_element\">\n<div class=\"wpb_wrapper\">\n<p>Effekt: 43W<br \/>\nCCT: 2700K\/3000K\/3500K\/4000K<br \/>\nStr\u00e5lningsvinkel: 15\u00b0\/24\u00b0\/36\u00b0\/55\u00b0<br \/>\nF\u00e4rg: Vit \/ Svart \/ Anpassad<br \/>\nInstallation: 3-fas \/ 1-fas<br \/>\nUtsk\u00e4rning:\/<\/p>\n<\/div>\n<\/div>\n<\/div>\n<\/div>\n<\/div>\n<\/div>\n<div class=\"wpb_text_column wpb_content_element\">\n<div class=\"wpb_wrapper\">\n<p><img decoding=\"async\" class=\"alignnone size-full wp-image-12497\" src=\"http:\/\/sunmelighting.com\/wp-content\/uploads\/2024\/04\/DUNK.webp\" alt=\"\" width=\"400\" height=\"110\" srcset=\"https:\/\/sunmelighting.com\/wp-content\/uploads\/2024\/04\/DUNK.webp 400w, https:\/\/sunmelighting.com\/wp-content\/uploads\/2024\/04\/DUNK-150x41.webp 150w, https:\/\/sunmelighting.com\/wp-content\/uploads\/2024\/04\/DUNK-300x83.webp 300w\" sizes=\"(max-width: 400px) 100vw, 400px\" \/><\/p>\n<\/div>\n<\/div>\n<div class=\"pix-heading-el text-left vc_custom_1637563284676\">\n<div>\n<div class=\"slide-in-container\">\n<h3 class=\"text-body-default font-weight-bold heading-text el-title_custom_color mb-12\" data-anim-delay=\"0\">Produktbeskrivning<\/h3>\n<\/div>\n<\/div>\n<\/div>\n<div class=\"wpb_text_column wpb_content_element\">\n<div class=\"wpb_wrapper\">\n<ul>\n<li>ADC12 Gjuten aluminium med osynlig skruvdesign i utseende<\/li>\n<li>Optiken \u00e4r utbytbar mellan lins och reflektor, systemeffekt 145lm\/w.<\/li>\n<li>Valfri str\u00e5lningsvinkel fr\u00e5n 15\u00b0 till 60\u00b0 .<\/li>\n<li>Vertikalt justerbar 355\u00b0 \/ Horisontellt justerbar 90\u00b0 .<\/li>\n<li>Konvektionella v\u00e4rmeavledande fenor f\u00f6r b\u00e4ttre livsl\u00e4ngd.<\/li>\n<li>Unik struktur f\u00f6r SKD\/effektiv montering, ZHAGA Compliant.<\/li>\n<li>Version med anpassad zoomning tillg\u00e4nglig.<\/li>\n<\/ul>\n<\/div>\n<\/div>","protected":false},"featured_media":14374,"comment_status":"open","ping_status":"closed","template":"","meta":[],"product_brand":[],"product_cat":[129],"product_tag":[],"class_list":{"0":"post-12529","1":"product","2":"type-product","3":"status-publish","4":"has-post-thumbnail","6":"product_cat-dunk-series","8":"first","9":"instock","10":"shipping-taxable","11":"product-type-simple"},"_links":{"self":[{"href":"https:\/\/sunmelighting.com\/sv\/wp-json\/wp\/v2\/product\/12529","targetHints":{"allow":["GET"]}}],"collection":[{"href":"https:\/\/sunmelighting.com\/sv\/wp-json\/wp\/v2\/product"}],"about":[{"href":"https:\/\/sunmelighting.com\/sv\/wp-json\/wp\/v2\/types\/product"}],"replies":[{"embeddable":true,"href":"https:\/\/sunmelighting.com\/sv\/wp-json\/wp\/v2\/comments?post=12529"}],"version-history":[{"count":0,"href":"https:\/\/sunmelighting.com\/sv\/wp-json\/wp\/v2\/product\/12529\/revisions"}],"wp:featuredmedia":[{"embeddable":true,"href":"https:\/\/sunmelighting.com\/sv\/wp-json\/wp\/v2\/media\/14374"}],"wp:attachment":[{"href":"https:\/\/sunmelighting.com\/sv\/wp-json\/wp\/v2\/media?parent=12529"}],"wp:term":[{"taxonomy":"product_brand","embeddable":true,"href":"https:\/\/sunmelighting.com\/sv\/wp-json\/wp\/v2\/product_brand?post=12529"},{"taxonomy":"product_cat","embeddable":true,"href":"https:\/\/sunmelighting.com\/sv\/wp-json\/wp\/v2\/product_cat?post=12529"},{"taxonomy":"product_tag","embeddable":true,"href":"https:\/\/sunmelighting.com\/sv\/wp-json\/wp\/v2\/product_tag?post=12529"}],"curies":[{"name":"wp","href":"https:\/\/api.w.org\/{rel}","templated":true}]}}